{"id":768,"date":"2022-01-10T17:15:47","date_gmt":"2022-01-10T17:15:47","guid":{"rendered":"https:\/\/www.sba.si\/prenova\/?post_type=product&#038;p=768"},"modified":"2024-01-11T08:16:00","modified_gmt":"2024-01-11T08:16:00","slug":"atv-kovcek-8030","status":"publish","type":"product","link":"https:\/\/www.sba.si\/index.php\/izdelek\/atv-kovcek-8030\/","title":{"rendered":"ATV KOV\u010cEK 8030"},"content":{"rendered":"","protected":false},"excerpt":{"rendered":"<p>Ta ATV BOX je klasi\u010dna oblika ATV BOX-a. ATV vozniki navdu\u0161ujejo za to lepo obliko, ki je lepo zdru\u017eljiva z zasnovo vsakega ATV-a in ga naredi ena izmed najbolj prostornih in prakti\u010dnih v svojem razredu (koristna prostornina je pribli\u017eno 96 litrov). Zo\u017eeno dno omogo\u010da pozicioniranje na vsakem prtlja\u017eniku. ATV kov\u010dek 8030\u00a0 je dobra re\u0161itev za daljnose\u017ene ekspedicije, pa tudi za \u00a0izkori\u0161\u010danje\u00a0 neprekinjenih \u00a0dru\u017einskih po\u010ditnic. Gumijasti tesnilni profil D naredi ATV BOX bolj hermeti\u010den.<\/p>\n<p>&nbsp;<\/p>\n<p>Naslon je v setu.<\/p>\n<p>\u2013 Gumijasto tesnilo na zgornjem pokrovu \u0161\u010diti pred mokroto ATV BOX-a<\/p>\n<p>\u2013 kovinske klju\u010davnice s klju\u010di.<\/p>\n<p>\u2013 Univerzalni nastavitveni komplet U-obrazca za enostavno name\u0161\u010danje.<\/p>\n<p>&nbsp;<\/p>\n","protected":false},"featured_media":862,"template":"","meta":[],"product_cat":[61,54,57,58],"product_tag":[],"_links":{"self":[{"href":"https:\/\/www.sba.si\/index.php\/wp-json\/wp\/v2\/product\/768"}],"collection":[{"href":"https:\/\/www.sba.si\/index.php\/wp-json\/wp\/v2\/product"}],"about":[{"href":"https:\/\/www.sba.si\/index.php\/wp-json\/wp\/v2\/types\/product"}],"version-history":[{"count":1,"href":"https:\/\/www.sba.si\/index.php\/wp-json\/wp\/v2\/product\/768\/revisions"}],"predecessor-version":[{"id":2917,"href":"https:\/\/www.sba.si\/index.php\/wp-json\/wp\/v2\/product\/768\/revisions\/2917"}],"wp:featuredmedia":[{"embeddable":true,"href":"https:\/\/www.sba.si\/index.php\/wp-json\/wp\/v2\/media\/862"}],"wp:attachment":[{"href":"https:\/\/www.sba.si\/index.php\/wp-json\/wp\/v2\/media?parent=768"}],"wp:term":[{"taxonomy":"product_cat","embeddable":true,"href":"https:\/\/www.sba.si\/index.php\/wp-json\/wp\/v2\/product_cat?post=768"},{"taxonomy":"product_tag","embeddable":true,"href":"https:\/\/www.sba.si\/index.php\/wp-json\/wp\/v2\/product_tag?post=768"}],"curies":[{"name":"wp","href":"https:\/\/api.w.org\/{rel}","templated":true}]}}