{"id":769,"date":"2022-01-10T17:15:47","date_gmt":"2022-01-10T17:15:47","guid":{"rendered":"https:\/\/www.sba.si\/prenova\/?post_type=product&#038;p=769"},"modified":"2024-01-11T08:15:52","modified_gmt":"2024-01-11T08:15:52","slug":"atv-kovcek-8015","status":"publish","type":"product","link":"https:\/\/www.sba.si\/index.php\/izdelek\/atv-kovcek-8015\/","title":{"rendered":"ATV KOV\u010cEK 8015"},"content":{"rendered":"","protected":false},"excerpt":{"rendered":"<p>Kov\u010dek 8015 je udoben in prakti\u010den ATV BOX. Zaradi svoje uspe\u0161ne zasnove bo ATV BOX okras na vsakem ATV-ju. Uspe\u0161na oblika je ena od najbolj vzdr\u017eljivih ATV BOX v svojem razredu. ATV BOX 8015 je dobra re\u0161itev za daljnose\u017ene ekspedicije, pa tudi za resno izkori\u0161\u010danje v razmerah neprekinjenih\u00a0 \u00a0dru\u017einskih po\u010ditnic. Gumijasti tesnilni profil D naredi ATV BOX bolj hermeti\u010den.<\/p>\n<p>&nbsp;<\/p>\n<p>\u2013 Izdelan je iz prvovrstnega uvoza polietilena visoke gostote.<\/p>\n<p>\u2013 Gumijasti tesnilni profil D naredi ATV BOX hermeti\u010den.<\/p>\n<p>\u2013 kovinske klju\u010davnice s klju\u010di.<\/p>\n<p>\u2013 dva (2) rde\u010da odsevnika na zadnjem delu ATV \u0161katle.<\/p>\n<p>\u2013 Univerzalni nastavitveni komplet\u00a0 za \u00a0enostavno name\u0161\u010denje.<\/p>\n<p>&nbsp;<\/p>\n","protected":false},"featured_media":865,"template":"","meta":[],"product_cat":[54,57,58],"product_tag":[],"_links":{"self":[{"href":"https:\/\/www.sba.si\/index.php\/wp-json\/wp\/v2\/product\/769"}],"collection":[{"href":"https:\/\/www.sba.si\/index.php\/wp-json\/wp\/v2\/product"}],"about":[{"href":"https:\/\/www.sba.si\/index.php\/wp-json\/wp\/v2\/types\/product"}],"version-history":[{"count":1,"href":"https:\/\/www.sba.si\/index.php\/wp-json\/wp\/v2\/product\/769\/revisions"}],"predecessor-version":[{"id":5240,"href":"https:\/\/www.sba.si\/index.php\/wp-json\/wp\/v2\/product\/769\/revisions\/5240"}],"wp:featuredmedia":[{"embeddable":true,"href":"https:\/\/www.sba.si\/index.php\/wp-json\/wp\/v2\/media\/865"}],"wp:attachment":[{"href":"https:\/\/www.sba.si\/index.php\/wp-json\/wp\/v2\/media?parent=769"}],"wp:term":[{"taxonomy":"product_cat","embeddable":true,"href":"https:\/\/www.sba.si\/index.php\/wp-json\/wp\/v2\/product_cat?post=769"},{"taxonomy":"product_tag","embeddable":true,"href":"https:\/\/www.sba.si\/index.php\/wp-json\/wp\/v2\/product_tag?post=769"}],"curies":[{"name":"wp","href":"https:\/\/api.w.org\/{rel}","templated":true}]}}