{"id":782,"date":"2022-01-10T17:16:10","date_gmt":"2022-01-10T16:16:10","guid":{"rendered":"https:\/\/www.sba.si\/prenova\/?post_type=product&#038;p=782"},"modified":"2023-12-20T12:08:31","modified_gmt":"2023-12-20T12:08:31","slug":"olje-motul-5100-15w50-2l","status":"publish","type":"product","link":"https:\/\/www.sba.si\/index.php\/izdelek\/olje-motul-5100-15w50-2l\/","title":{"rendered":"OLJE MOTUL 5100 15W50 2L"},"content":{"rendered":"","protected":false},"excerpt":{"rendered":"<p><strong>5100\u00a0Ester 15W50<\/strong>\u00a0je motorno olje namenjeno\u00a0<strong>za uporabo s\u00a04-taktnimi motorji.<\/strong>\u00a0Primerno je za motorje s\u00a0katalizatorji.<\/p>\n<p><strong>S\u00a0tehnologijo estra<\/strong>, olje zmanj\u0161uje nastanek trenja in s\u00a0tem pove\u010da mo\u010d ter odzivnost motorja. Priporo\u010dajo ga mnogi svetovni proizvajalci motociklov, kompatibilno pa je tudi z\u00a0mokrimi sklopkami.<\/p>\n<p><strong>Tehni\u010dne podrobnosti<\/strong><\/p>\n<ul>\n<li>koli\u010dina [l]: 2l<\/li>\n<li>viskoznost: 15W50<\/li>\n<li>mineralno: ne<\/li>\n<li>primerno za bencinske motorje: da (za 4-taktne motorje)<\/li>\n<li>primerno za dizel motorje: ne<\/li>\n<\/ul>\n","protected":false},"featured_media":870,"template":"","meta":[],"product_cat":[54,77,101],"product_tag":[],"_links":{"self":[{"href":"https:\/\/www.sba.si\/index.php\/wp-json\/wp\/v2\/product\/782"}],"collection":[{"href":"https:\/\/www.sba.si\/index.php\/wp-json\/wp\/v2\/product"}],"about":[{"href":"https:\/\/www.sba.si\/index.php\/wp-json\/wp\/v2\/types\/product"}],"version-history":[{"count":1,"href":"https:\/\/www.sba.si\/index.php\/wp-json\/wp\/v2\/product\/782\/revisions"}],"predecessor-version":[{"id":6742,"href":"https:\/\/www.sba.si\/index.php\/wp-json\/wp\/v2\/product\/782\/revisions\/6742"}],"wp:featuredmedia":[{"embeddable":true,"href":"https:\/\/www.sba.si\/index.php\/wp-json\/wp\/v2\/media\/870"}],"wp:attachment":[{"href":"https:\/\/www.sba.si\/index.php\/wp-json\/wp\/v2\/media?parent=782"}],"wp:term":[{"taxonomy":"product_cat","embeddable":true,"href":"https:\/\/www.sba.si\/index.php\/wp-json\/wp\/v2\/product_cat?post=782"},{"taxonomy":"product_tag","embeddable":true,"href":"https:\/\/www.sba.si\/index.php\/wp-json\/wp\/v2\/product_tag?post=782"}],"curies":[{"name":"wp","href":"https:\/\/api.w.org\/{rel}","templated":true}]}}