{"id":783,"date":"2022-01-10T17:16:11","date_gmt":"2022-01-10T17:16:11","guid":{"rendered":"https:\/\/www.sba.si\/prenova\/?post_type=product&#038;p=783"},"modified":"2023-12-20T11:55:51","modified_gmt":"2023-12-20T11:55:51","slug":"olje-motul-5100-10w40-2l","status":"publish","type":"product","link":"https:\/\/www.sba.si\/index.php\/izdelek\/olje-motul-5100-10w40-2l\/","title":{"rendered":"OLJE MOTUL 5100 10W40 2L"},"content":{"rendered":"","protected":false},"excerpt":{"rendered":"<p>Motorno olje\u00a0MOTUL 5100 10W40\u00a0za 4 taktne motorje z mokro sklopko.<\/p>\n<p>Koli\u010dina: 2L<\/p>\n<p>Motul, proizvajalec motornih olj iz Francije s 150 letno tradicijo, je \u0161e posebej znan v moto \u2013 \u0161portu, kjer s svojim paradnim konjem 300V ustrezajo vsem zahtevam profesionalnih ekip v vseh \u0161portnih bran\u017eah motociklizma in avtomobilizma. Izpolnjujejo \u0161tevilne napredne specifikacije, zato jih veliko proizvajalcev vozil in motociklov uvr\u0161\u010da kot prvo izbiro<\/p>\n","protected":false},"featured_media":871,"template":"","meta":[],"product_cat":[54,77,101],"product_tag":[],"_links":{"self":[{"href":"https:\/\/www.sba.si\/index.php\/wp-json\/wp\/v2\/product\/783"}],"collection":[{"href":"https:\/\/www.sba.si\/index.php\/wp-json\/wp\/v2\/product"}],"about":[{"href":"https:\/\/www.sba.si\/index.php\/wp-json\/wp\/v2\/types\/product"}],"version-history":[{"count":1,"href":"https:\/\/www.sba.si\/index.php\/wp-json\/wp\/v2\/product\/783\/revisions"}],"predecessor-version":[{"id":6741,"href":"https:\/\/www.sba.si\/index.php\/wp-json\/wp\/v2\/product\/783\/revisions\/6741"}],"wp:featuredmedia":[{"embeddable":true,"href":"https:\/\/www.sba.si\/index.php\/wp-json\/wp\/v2\/media\/871"}],"wp:attachment":[{"href":"https:\/\/www.sba.si\/index.php\/wp-json\/wp\/v2\/media?parent=783"}],"wp:term":[{"taxonomy":"product_cat","embeddable":true,"href":"https:\/\/www.sba.si\/index.php\/wp-json\/wp\/v2\/product_cat?post=783"},{"taxonomy":"product_tag","embeddable":true,"href":"https:\/\/www.sba.si\/index.php\/wp-json\/wp\/v2\/product_tag?post=783"}],"curies":[{"name":"wp","href":"https:\/\/api.w.org\/{rel}","templated":true}]}}