{"id":784,"date":"2022-01-10T17:16:11","date_gmt":"2022-01-10T16:16:11","guid":{"rendered":"https:\/\/www.sba.si\/prenova\/?post_type=product&#038;p=784"},"modified":"2022-01-10T17:19:09","modified_gmt":"2022-01-10T16:19:09","slug":"sprej-motul-shine-go","status":"publish","type":"product","link":"https:\/\/www.sba.si\/index.php\/izdelek\/sprej-motul-shine-go\/","title":{"rendered":"SPREJ MOTUL &#8211; SHINE &#038; GO"},"content":{"rendered":"","protected":false},"excerpt":{"rendered":"<p>Sprej na bazi silikona, ki za\u0161\u010diti in osve\u017ei barvo in plasti\u010dne dele celega motorja.<\/p>\n<p>1. Barve izgledajo kot nove tudi po visokotla\u010dnem \u010di\u0161\u010denju.<\/p>\n<p>2. Za\u0161\u010diti vse plasti\u010dne povr\u0161ine z \u010dasovno dolgo nelepljivim filmom, prepre\u010duje nalaganje umazanije.<\/p>\n","protected":false},"featured_media":879,"template":"","meta":[],"product_cat":[54,77,101],"product_tag":[],"_links":{"self":[{"href":"https:\/\/www.sba.si\/index.php\/wp-json\/wp\/v2\/product\/784"}],"collection":[{"href":"https:\/\/www.sba.si\/index.php\/wp-json\/wp\/v2\/product"}],"about":[{"href":"https:\/\/www.sba.si\/index.php\/wp-json\/wp\/v2\/types\/product"}],"version-history":[{"count":0,"href":"https:\/\/www.sba.si\/index.php\/wp-json\/wp\/v2\/product\/784\/revisions"}],"wp:featuredmedia":[{"embeddable":true,"href":"https:\/\/www.sba.si\/index.php\/wp-json\/wp\/v2\/media\/879"}],"wp:attachment":[{"href":"https:\/\/www.sba.si\/index.php\/wp-json\/wp\/v2\/media?parent=784"}],"wp:term":[{"taxonomy":"product_cat","embeddable":true,"href":"https:\/\/www.sba.si\/index.php\/wp-json\/wp\/v2\/product_cat?post=784"},{"taxonomy":"product_tag","embeddable":true,"href":"https:\/\/www.sba.si\/index.php\/wp-json\/wp\/v2\/product_tag?post=784"}],"curies":[{"name":"wp","href":"https:\/\/api.w.org\/{rel}","templated":true}]}}