{"id":785,"date":"2022-01-10T17:16:11","date_gmt":"2022-01-10T16:16:11","guid":{"rendered":"https:\/\/www.sba.si\/prenova\/?post_type=product&#038;p=785"},"modified":"2022-01-10T17:19:10","modified_gmt":"2022-01-10T16:19:10","slug":"motul-cistilo-moto-wash-1l","status":"publish","type":"product","link":"https:\/\/www.sba.si\/index.php\/izdelek\/motul-cistilo-moto-wash-1l\/","title":{"rendered":"MOTUL \u010distilo Moto Wash 1l"},"content":{"rendered":"","protected":false},"excerpt":{"rendered":"<p>Zmogljivo biorazgradljivo \u010distilo &amp; razma\u0161\u010devalec za celotno motorno kolo, s\u00a0posebnim filmom proti rji za za\u0161\u010dito barve, kovinskih in lakiranih delov.\u00a0\u2026<\/p>\n","protected":false},"featured_media":880,"template":"","meta":[],"product_cat":[54,77,101],"product_tag":[],"_links":{"self":[{"href":"https:\/\/www.sba.si\/index.php\/wp-json\/wp\/v2\/product\/785"}],"collection":[{"href":"https:\/\/www.sba.si\/index.php\/wp-json\/wp\/v2\/product"}],"about":[{"href":"https:\/\/www.sba.si\/index.php\/wp-json\/wp\/v2\/types\/product"}],"version-history":[{"count":0,"href":"https:\/\/www.sba.si\/index.php\/wp-json\/wp\/v2\/product\/785\/revisions"}],"wp:featuredmedia":[{"embeddable":true,"href":"https:\/\/www.sba.si\/index.php\/wp-json\/wp\/v2\/media\/880"}],"wp:attachment":[{"href":"https:\/\/www.sba.si\/index.php\/wp-json\/wp\/v2\/media?parent=785"}],"wp:term":[{"taxonomy":"product_cat","embeddable":true,"href":"https:\/\/www.sba.si\/index.php\/wp-json\/wp\/v2\/product_cat?post=785"},{"taxonomy":"product_tag","embeddable":true,"href":"https:\/\/www.sba.si\/index.php\/wp-json\/wp\/v2\/product_tag?post=785"}],"curies":[{"name":"wp","href":"https:\/\/api.w.org\/{rel}","templated":true}]}}