{"id":7867,"date":"2024-10-01T09:11:26","date_gmt":"2024-10-01T07:11:26","guid":{"rendered":"https:\/\/www.sba.si\/?post_type=product&#038;p=7867"},"modified":"2026-01-08T09:19:18","modified_gmt":"2026-01-08T08:19:18","slug":"cfmoto-cforce-x10-overland-eps-t3b","status":"publish","type":"product","link":"https:\/\/www.sba.si\/index.php\/izdelek\/cfmoto-cforce-x10-overland-eps-t3b\/","title":{"rendered":"CFMOTO CFORCE X10 OVERLAND EPS T3b"},"content":{"rendered":"<p>Vodilni v industriji &#8211; najnovej\u0161a tehnologija in bogata serijska oprema le pri modelu CFMOTO X10 Overland:<br \/>\n&#8211; vetrna za\u0161\u010dita,<br \/>\n&#8211; sprednji odbija\u010d s sprednjo delovno lu\u010djo,<br \/>\n&#8211; zadnji odbija\u010d,<br \/>\n&#8211; sprednja ograja,<br \/>\n&#8211; zadnja ograja,<br \/>\n&#8211; zadnji kov\u010dek,<br \/>\n&#8211; beadlock plati\u0161\u010da z dvojnim zunanjim robom,<br \/>\n&#8211; za\u0161\u010dita celotnega podvozja.<\/p>\n","protected":false},"excerpt":{"rendered":"<p>CF MOTO CFORCE X10 OVERLAND &#8211; popolnoma novo vozilo za leto 2024-2025!<\/p>\n<p>Vodilni v industriji &#8211; najnovej\u0161a tehnologija in bogata serijska oprema. Novi CFMOTO CFORCE x10 Overland ponuja \u017ee serijsko naslednjo opremo:<br \/>\n&#8211; plinsko nastavljivo podvozje, 7&#8243; ekran s celotnim grafi\u010dnim prikazom podatkov, prilagodljiv 3 stopenjski servo volan, 3 stopenjski elektronski gas za prilagoditev ob\u010dutljivosti mo\u010di. Popolnoma prenovljeno podvozje vam bo ponudilo izjemne vozne lastnosti, udobje in prilagodljivost. Novo razvit agregat pa ponuja kar 90HP.<\/p>\n<p>Podalj\u0161ana \u0161asija nudi odli\u010den komfort za voznika in sopotnika, stalni zadnji pogon z lo\u010denim vklopom 4&#215;4 pogona in mo\u017enostjo zaklepa zapore spredaj pa bosta nudila maksimalne terenske sposobnosti.<\/p>\n<p>Barva: be\u017e, zelena.<\/p>\n","protected":false},"featured_media":7871,"template":"","meta":[],"product_cat":[59,68,115],"product_tag":[],"_links":{"self":[{"href":"https:\/\/www.sba.si\/index.php\/wp-json\/wp\/v2\/product\/7867"}],"collection":[{"href":"https:\/\/www.sba.si\/index.php\/wp-json\/wp\/v2\/product"}],"about":[{"href":"https:\/\/www.sba.si\/index.php\/wp-json\/wp\/v2\/types\/product"}],"version-history":[{"count":3,"href":"https:\/\/www.sba.si\/index.php\/wp-json\/wp\/v2\/product\/7867\/revisions"}],"predecessor-version":[{"id":7875,"href":"https:\/\/www.sba.si\/index.php\/wp-json\/wp\/v2\/product\/7867\/revisions\/7875"}],"wp:featuredmedia":[{"embeddable":true,"href":"https:\/\/www.sba.si\/index.php\/wp-json\/wp\/v2\/media\/7871"}],"wp:attachment":[{"href":"https:\/\/www.sba.si\/index.php\/wp-json\/wp\/v2\/media?parent=7867"}],"wp:term":[{"taxonomy":"product_cat","embeddable":true,"href":"https:\/\/www.sba.si\/index.php\/wp-json\/wp\/v2\/product_cat?post=7867"},{"taxonomy":"product_tag","embeddable":true,"href":"https:\/\/www.sba.si\/index.php\/wp-json\/wp\/v2\/product_tag?post=7867"}],"curies":[{"name":"wp","href":"https:\/\/api.w.org\/{rel}","templated":true}]}}