{"id":7878,"date":"2024-10-02T15:45:24","date_gmt":"2024-10-02T13:45:24","guid":{"rendered":"https:\/\/www.sba.si\/?post_type=product&#038;p=7878"},"modified":"2024-10-02T15:53:37","modified_gmt":"2024-10-02T13:53:37","slug":"celada-ls2-mx702-pioneer-2","status":"publish","type":"product","link":"https:\/\/www.sba.si\/index.php\/izdelek\/celada-ls2-mx702-pioneer-2\/","title":{"rendered":"\u010cELADA LS2 MX702 &#8211; PIONEER 2"},"content":{"rendered":"","protected":false},"excerpt":{"rendered":"<p>Za\u010dutite u\u017eitek v vo\u017enji z novim modelom enduro \u010delade LS2 MX702 Pioneer 2. Izdelava iz prepoznanega KPA materiala, ki zagotavlja trpe\u017enost, varnost in lahkotnost. Nastavljiv in odstranljiv podbradek. \u0160irok kot vizirja nudi veliko preglednost, dodatno pa je mo\u017eno vgraditi tudi Pinlock Max Vision.<\/p>\n<p>Velikosti: od XS do 3XL (53 do 63cm).<\/p>\n","protected":false},"featured_media":7882,"template":"","meta":[],"product_cat":[38,45,49],"product_tag":[],"_links":{"self":[{"href":"https:\/\/www.sba.si\/index.php\/wp-json\/wp\/v2\/product\/7878"}],"collection":[{"href":"https:\/\/www.sba.si\/index.php\/wp-json\/wp\/v2\/product"}],"about":[{"href":"https:\/\/www.sba.si\/index.php\/wp-json\/wp\/v2\/types\/product"}],"version-history":[{"count":2,"href":"https:\/\/www.sba.si\/index.php\/wp-json\/wp\/v2\/product\/7878\/revisions"}],"predecessor-version":[{"id":7889,"href":"https:\/\/www.sba.si\/index.php\/wp-json\/wp\/v2\/product\/7878\/revisions\/7889"}],"wp:featuredmedia":[{"embeddable":true,"href":"https:\/\/www.sba.si\/index.php\/wp-json\/wp\/v2\/media\/7882"}],"wp:attachment":[{"href":"https:\/\/www.sba.si\/index.php\/wp-json\/wp\/v2\/media?parent=7878"}],"wp:term":[{"taxonomy":"product_cat","embeddable":true,"href":"https:\/\/www.sba.si\/index.php\/wp-json\/wp\/v2\/product_cat?post=7878"},{"taxonomy":"product_tag","embeddable":true,"href":"https:\/\/www.sba.si\/index.php\/wp-json\/wp\/v2\/product_tag?post=7878"}],"curies":[{"name":"wp","href":"https:\/\/api.w.org\/{rel}","templated":true}]}}