{"id":7930,"date":"2024-10-17T14:36:07","date_gmt":"2024-10-17T12:36:07","guid":{"rendered":"https:\/\/www.sba.si\/?post_type=product&#038;p=7930"},"modified":"2024-10-17T15:44:59","modified_gmt":"2024-10-17T13:44:59","slug":"cfmoto-cx-2e-23","status":"publish","type":"product","link":"https:\/\/www.sba.si\/index.php\/izdelek\/cfmoto-cx-2e-23\/","title":{"rendered":"CFMOTO CX-2E &#8217;23"},"content":{"rendered":"","protected":false},"excerpt":{"rendered":"<p>CFMOTO CX-2E ponuja najmlaj\u0161im varen vstop v svet motociklov. Z mo\u017enostjo 3 stopenj omejitve hitrosti boste va\u0161im najmlaj\u0161im zagotovili varno izku\u0161njo, sebi kot star\u0161em pa miren oddih.<\/p>\n<p>Model CFMOTO CX-2E je ekvivalenten 50ccm bencinskemu agregatu, z elektri\u010dnim pogonom pa poenostavi uporabo in vo\u017enjo za najmlaj\u0161e. Motor ponuja gladko in kontrolirano dodajanje plina, dosega pa hitrost 36km\/h.<\/p>\n<p>Polo\u017eaj balance, sede\u017ea in ta\u010dk je ergonomi\u010dna in omogo\u010da vozniku naravno dr\u017eo. Vi\u0161ina sede\u017ea 55mm.<\/p>\n","protected":false},"featured_media":7935,"template":"","meta":[],"product_cat":[127,15],"product_tag":[],"_links":{"self":[{"href":"https:\/\/www.sba.si\/index.php\/wp-json\/wp\/v2\/product\/7930"}],"collection":[{"href":"https:\/\/www.sba.si\/index.php\/wp-json\/wp\/v2\/product"}],"about":[{"href":"https:\/\/www.sba.si\/index.php\/wp-json\/wp\/v2\/types\/product"}],"version-history":[{"count":2,"href":"https:\/\/www.sba.si\/index.php\/wp-json\/wp\/v2\/product\/7930\/revisions"}],"predecessor-version":[{"id":7932,"href":"https:\/\/www.sba.si\/index.php\/wp-json\/wp\/v2\/product\/7930\/revisions\/7932"}],"wp:featuredmedia":[{"embeddable":true,"href":"https:\/\/www.sba.si\/index.php\/wp-json\/wp\/v2\/media\/7935"}],"wp:attachment":[{"href":"https:\/\/www.sba.si\/index.php\/wp-json\/wp\/v2\/media?parent=7930"}],"wp:term":[{"taxonomy":"product_cat","embeddable":true,"href":"https:\/\/www.sba.si\/index.php\/wp-json\/wp\/v2\/product_cat?post=7930"},{"taxonomy":"product_tag","embeddable":true,"href":"https:\/\/www.sba.si\/index.php\/wp-json\/wp\/v2\/product_tag?post=7930"}],"curies":[{"name":"wp","href":"https:\/\/api.w.org\/{rel}","templated":true}]}}