{"id":7936,"date":"2024-10-17T15:03:58","date_gmt":"2024-10-17T13:03:58","guid":{"rendered":"https:\/\/www.sba.si\/?post_type=product&#038;p=7936"},"modified":"2024-10-17T15:44:12","modified_gmt":"2024-10-17T13:44:12","slug":"cfmoto-cx-5e-23","status":"publish","type":"product","link":"https:\/\/www.sba.si\/index.php\/izdelek\/cfmoto-cx-5e-23\/","title":{"rendered":"CFMOTO CX-5E &#8217;23"},"content":{"rendered":"","protected":false},"excerpt":{"rendered":"<p>CFMOTO CX-5E je mo\u010dnej\u0161a, ve\u010dja verzija od modela CX-2E in ponuja najmlaj\u0161im varen vstop v svet motociklov. Z mo\u017enostjo 3 stopenj omejitve hitrosti boste va\u0161im najmlaj\u0161im zagotovili varno izku\u0161njo, sebi kot star\u0161em pa miren oddih.<\/p>\n<p>Model CFMOTO CX-5E z elektri\u010dnim pogonom poenostavi uporabo in vo\u017enjo za najmlaj\u0161e. Motor ponuja gladko in kontrolirano dodajanje plina, dosega pa hitrost 46km\/h.<\/p>\n<p>Polo\u017eaj balance, sede\u017ea in ta\u010dk je ergonomi\u010dna in omogo\u010da vozniku naravno dr\u017eo. Vi\u0161ina sede\u017ea 678mm.<\/p>\n","protected":false},"featured_media":7937,"template":"","meta":[],"product_cat":[127,15],"product_tag":[],"_links":{"self":[{"href":"https:\/\/www.sba.si\/index.php\/wp-json\/wp\/v2\/product\/7936"}],"collection":[{"href":"https:\/\/www.sba.si\/index.php\/wp-json\/wp\/v2\/product"}],"about":[{"href":"https:\/\/www.sba.si\/index.php\/wp-json\/wp\/v2\/types\/product"}],"version-history":[{"count":1,"href":"https:\/\/www.sba.si\/index.php\/wp-json\/wp\/v2\/product\/7936\/revisions"}],"predecessor-version":[{"id":7940,"href":"https:\/\/www.sba.si\/index.php\/wp-json\/wp\/v2\/product\/7936\/revisions\/7940"}],"wp:featuredmedia":[{"embeddable":true,"href":"https:\/\/www.sba.si\/index.php\/wp-json\/wp\/v2\/media\/7937"}],"wp:attachment":[{"href":"https:\/\/www.sba.si\/index.php\/wp-json\/wp\/v2\/media?parent=7936"}],"wp:term":[{"taxonomy":"product_cat","embeddable":true,"href":"https:\/\/www.sba.si\/index.php\/wp-json\/wp\/v2\/product_cat?post=7936"},{"taxonomy":"product_tag","embeddable":true,"href":"https:\/\/www.sba.si\/index.php\/wp-json\/wp\/v2\/product_tag?post=7936"}],"curies":[{"name":"wp","href":"https:\/\/api.w.org\/{rel}","templated":true}]}}