{"id":817,"date":"2022-01-10T17:17:01","date_gmt":"2022-01-10T16:17:01","guid":{"rendered":"https:\/\/www.sba.si\/prenova\/?post_type=product&#038;p=817"},"modified":"2022-06-19T10:02:39","modified_gmt":"2022-06-19T10:02:39","slug":"prikolica-shark-garden-150","status":"publish","type":"product","link":"https:\/\/www.sba.si\/index.php\/izdelek\/prikolica-shark-garden-150\/","title":{"rendered":"PRIKOLICA  SHARK GARDEN 150"},"content":{"rendered":"","protected":false},"excerpt":{"rendered":"<p>ATV PRIKOLICA Shark GARDEN 150<br \/>\nVe\u010dnamenski priklopnik je pravi delovni pripomo\u010dek za vrt in kmetijo. Priklopite ga lahko na ATV, motokultivator ali vrtni traktor. Z odstranitvijo samo enega zati\u010da se zlahka pretvori v ro\u010dni vozi\u010dek (samokolnica). Veliki plasti\u010dni zabojnik ne bo rjav in ima nosilnost 150 kg. Priklopnik ima zabojnik, vle\u010dna drog priklopnika ima na njem tretje kolo. Ko je tretje kolo pod prikolico, prikolica postane velika samokolnica. Ko je vle\u010dni drog spet podalj\u0161an, se zasko\u010di kot vle\u010den priklopnik za vo\u017enjo priklopljen na ATV.<\/p>\n<p>Dva vozi\u010dka v enem:<br \/>\n1) Pravilno ve\u010dfunkcijski priklopnik se lahko vle\u010de za ATV, vrtni traktor ali motokultivator s standardno napravo za povezavo ISO 50.<br \/>\n2) Vozi\u010dek je opremljen tudi z oblazinjenim ro\u010dajem, nagibnim vle\u010dnim drogom in tretjim kolesom, zato ga je mogo\u010de enostavno preoblikovati v klasi\u010dno samokolnico, ki se uporablja brez priklopnega vozila. Dobro uravnote\u017eena trikolesna konstrukcija omogo\u010da enostavno premikanje tudi te\u017ejih tovorov.<\/p>\n<p>Lastnosti:<\/p>\n<p>-za prevoz peska, grmovje, lesa, trave in drugo<br \/>\n-preprosto predelava iz vle\u010dnega priklopnika v samokolnico<br \/>\n-Idealen za mala in ve\u010dja dela<br \/>\n-enostaven za manevriranje<br \/>\n-kiper zabojnik: naredi raztovarjanje enostavnej\u0161e<br \/>\n-mo\u010den in velik polietilenski zabojnik<br \/>\n-oblazinjeni ro\u010daj za enostavno prijemanje in udobje<br \/>\n-robustna konstrukcija iz jeklenih okvirjev s pra\u0161nim lakiranjem.<br \/>\n-maksimalna skupna obremenitev: 150 kg<br \/>\n-te\u017ea samo 35 kg<br \/>\n-dimenzije: 114 x 80 x 30 cm<br \/>\n-pnevmatike: 16&#215;4-8&#8230;<\/p>\n","protected":false},"featured_media":915,"template":"","meta":[],"product_cat":[54,64,81],"product_tag":[],"_links":{"self":[{"href":"https:\/\/www.sba.si\/index.php\/wp-json\/wp\/v2\/product\/817"}],"collection":[{"href":"https:\/\/www.sba.si\/index.php\/wp-json\/wp\/v2\/product"}],"about":[{"href":"https:\/\/www.sba.si\/index.php\/wp-json\/wp\/v2\/types\/product"}],"version-history":[{"count":1,"href":"https:\/\/www.sba.si\/index.php\/wp-json\/wp\/v2\/product\/817\/revisions"}],"predecessor-version":[{"id":2923,"href":"https:\/\/www.sba.si\/index.php\/wp-json\/wp\/v2\/product\/817\/revisions\/2923"}],"wp:featuredmedia":[{"embeddable":true,"href":"https:\/\/www.sba.si\/index.php\/wp-json\/wp\/v2\/media\/915"}],"wp:attachment":[{"href":"https:\/\/www.sba.si\/index.php\/wp-json\/wp\/v2\/media?parent=817"}],"wp:term":[{"taxonomy":"product_cat","embeddable":true,"href":"https:\/\/www.sba.si\/index.php\/wp-json\/wp\/v2\/product_cat?post=817"},{"taxonomy":"product_tag","embeddable":true,"href":"https:\/\/www.sba.si\/index.php\/wp-json\/wp\/v2\/product_tag?post=817"}],"curies":[{"name":"wp","href":"https:\/\/api.w.org\/{rel}","templated":true}]}}