{"id":818,"date":"2022-01-10T17:17:03","date_gmt":"2022-01-10T16:17:03","guid":{"rendered":"https:\/\/www.sba.si\/prenova\/?post_type=product&#038;p=818"},"modified":"2026-03-02T16:53:09","modified_gmt":"2026-03-02T15:53:09","slug":"prikolica-shark-garden-300","status":"publish","type":"product","link":"https:\/\/www.sba.si\/index.php\/izdelek\/prikolica-shark-garden-300\/","title":{"rendered":"PRIKOLICA SHARK GARDEN 300"},"content":{"rendered":"","protected":false},"excerpt":{"rendered":"<p>ATV PRIKOLICA Shark GARDEN 300<br \/>\nVe\u010dnamenski priklopnik je pravi delovni pripomo\u010dek za vrt in kmetijo. Priklopite ga lahko na ATV, motokultivator ali vrtni traktor. Veliki plasti\u010dni zabojnik ne bo rjav in ima nosilnost 300 kg.<br \/>\nNjena kopaktna konstrukcija omogo\u010da enostavno odlaganje vsebine priklopnika, kjer je to potrebno. Pnevmatike \u0161irokega profila so balonarice in na mehkih tleh in ne \u0161kodujejo povr\u0161inam. Priklopna naprava je opremljena s standardno velikostjo (50 mm).<\/p>\n<p>Lastnosti:<\/p>\n<p>-za prevoz peska, grmovje, lesa, trave in drugo<br \/>\n-Idealen za mala in ve\u010dja dela<br \/>\n-enostaven za manevriranje<br \/>\n-kiper zabojnik: naredi raztovarjanje enostavno<br \/>\n-mo\u010den in velik polietilenski zabojnik<br \/>\n-oblazinjeni ro\u010daj za enostavno prijemanje in udobje<br \/>\n-robustna konstrukcija iz jeklenih okvirjev s pra\u0161nim lakiranjem.<br \/>\n-maksimalna skupna obremenitev: 300 kg<br \/>\n-te\u017ea samo 45 kg<br \/>\n-dimenzije: 180 x 115 x 76 cm<br \/>\n-pnevmatike: 18X9,5-8<\/p>\n","protected":false},"featured_media":921,"template":"","meta":[],"product_cat":[54,64,81],"product_tag":[],"_links":{"self":[{"href":"https:\/\/www.sba.si\/index.php\/wp-json\/wp\/v2\/product\/818"}],"collection":[{"href":"https:\/\/www.sba.si\/index.php\/wp-json\/wp\/v2\/product"}],"about":[{"href":"https:\/\/www.sba.si\/index.php\/wp-json\/wp\/v2\/types\/product"}],"version-history":[{"count":1,"href":"https:\/\/www.sba.si\/index.php\/wp-json\/wp\/v2\/product\/818\/revisions"}],"predecessor-version":[{"id":3156,"href":"https:\/\/www.sba.si\/index.php\/wp-json\/wp\/v2\/product\/818\/revisions\/3156"}],"wp:featuredmedia":[{"embeddable":true,"href":"https:\/\/www.sba.si\/index.php\/wp-json\/wp\/v2\/media\/921"}],"wp:attachment":[{"href":"https:\/\/www.sba.si\/index.php\/wp-json\/wp\/v2\/media?parent=818"}],"wp:term":[{"taxonomy":"product_cat","embeddable":true,"href":"https:\/\/www.sba.si\/index.php\/wp-json\/wp\/v2\/product_cat?post=818"},{"taxonomy":"product_tag","embeddable":true,"href":"https:\/\/www.sba.si\/index.php\/wp-json\/wp\/v2\/product_tag?post=818"}],"curies":[{"name":"wp","href":"https:\/\/api.w.org\/{rel}","templated":true}]}}