{"id":832,"date":"2022-01-10T17:17:53","date_gmt":"2022-01-10T16:17:53","guid":{"rendered":"https:\/\/www.sba.si\/prenova\/?post_type=product&#038;p=832"},"modified":"2022-04-09T18:17:28","modified_gmt":"2022-04-09T18:17:28","slug":"prikolica-shark-1500","status":"publish","type":"product","link":"https:\/\/www.sba.si\/index.php\/izdelek\/prikolica-shark-1500\/","title":{"rendered":"PRIKOLICA SHARK 1500"},"content":{"rendered":"","protected":false},"excerpt":{"rendered":"<p>Shark ATV prikolica WOOD 1500 z dvojno osjo<br \/>\nProfesionalna te\u017eka tovorna prikolica za velike tovorne kasone je najbolj vsestranski priklopnik za uporabo z ATV in UTV, vendar se lahko vle\u010de s katerim koli terenskim vozilom, opremljenim s priklopom za 50 mm. Dvojna kolesa premagajo skoraj vsako oviro in dajejo priklopniku odli\u010dne off-road zmogljivosti, ki omogo\u010dajo enostavno in varno premagovanje grbin in jarkov. \u0160tiri ekstra \u0161iroke, nizkotla\u010dne pnevmatike za vse terene ne po\u0161kodujejo terena. Kason je mogo\u010de zlahka odstraniti in postelja pretvoriti v prikolico za prevoz dalj\u0161ih predmetov, kot so hlodi, grmi\u010devje ali les. Stranski stabilizatorji so seriska oprema, da pri nakladanju ali razkladanju z dvigalom priklopnik ostane stabilen.<\/p>\n<p>Prikolica je opremljena z dvi\u017eno roko s katero si pomagate pri nakladu te\u017ejih stvari. Kot opcija je mo\u017eno montirati elektri\u010dni ali ro\u010dni vitel<\/p>\n<p>Lastnosti:<\/p>\n<p>Vsestranski priklopnik s tandemsko osjo<br \/>\nOdstranljive sprednje in zadnje plo\u0161\u010de.<br \/>\nZavijanje teleskopskega Boom Lift.<br \/>\nStranski stabilizatorji so seriska oprema, da pri nakladanju ali razkladanju z dvigalom priklopnik ostane stabilen.<br \/>\nTandem kolesa delujejo na osnvi \u017eaginega snopa s 4 izjemno \u0161irokimi pnevmatikami.<br \/>\nOdstranljivi podalj\u0161ki stranske plo\u0161\u010de.<br \/>\nRobustna pocinkana jeklena konstrukcija okvirja.<br \/>\nPocinkane in pra\u0161no prevle\u010dene povr\u0161ine.<br \/>\nNosilnost: 1420 kg<br \/>\nTe\u017ea: 302 kg<br \/>\nDimenzije Dx\u0160xV: 380 x 130 x 190 cm<br \/>\nPnevmatike: ekstra \u0161irok, nizko tla\u010dne, 22&#215;11-10<\/p>\n","protected":false},"featured_media":929,"template":"","meta":[],"product_cat":[54,64,81],"product_tag":[],"_links":{"self":[{"href":"https:\/\/www.sba.si\/index.php\/wp-json\/wp\/v2\/product\/832"}],"collection":[{"href":"https:\/\/www.sba.si\/index.php\/wp-json\/wp\/v2\/product"}],"about":[{"href":"https:\/\/www.sba.si\/index.php\/wp-json\/wp\/v2\/types\/product"}],"version-history":[{"count":1,"href":"https:\/\/www.sba.si\/index.php\/wp-json\/wp\/v2\/product\/832\/revisions"}],"predecessor-version":[{"id":2924,"href":"https:\/\/www.sba.si\/index.php\/wp-json\/wp\/v2\/product\/832\/revisions\/2924"}],"wp:featuredmedia":[{"embeddable":true,"href":"https:\/\/www.sba.si\/index.php\/wp-json\/wp\/v2\/media\/929"}],"wp:attachment":[{"href":"https:\/\/www.sba.si\/index.php\/wp-json\/wp\/v2\/media?parent=832"}],"wp:term":[{"taxonomy":"product_cat","embeddable":true,"href":"https:\/\/www.sba.si\/index.php\/wp-json\/wp\/v2\/product_cat?post=832"},{"taxonomy":"product_tag","embeddable":true,"href":"https:\/\/www.sba.si\/index.php\/wp-json\/wp\/v2\/product_tag?post=832"}],"curies":[{"name":"wp","href":"https:\/\/api.w.org\/{rel}","templated":true}]}}