{"id":8411,"date":"2025-02-17T14:31:11","date_gmt":"2025-02-17T13:31:11","guid":{"rendered":"https:\/\/www.sba.si\/?post_type=product&#038;p=8411"},"modified":"2026-02-17T08:55:30","modified_gmt":"2026-02-17T07:55:30","slug":"cfmoto-cforce-850-x8-eps-euro-5","status":"publish","type":"product","link":"https:\/\/www.sba.si\/index.php\/izdelek\/cfmoto-cforce-850-x8-eps-euro-5\/","title":{"rendered":"CFMOTO CFORCE 850 X8 EPS EURO 5"},"content":{"rendered":"","protected":false},"excerpt":{"rendered":"<p>CF MOTO CFORCE X8 &#8211; popolnoma novo vozilo za leto 2025!<br \/>\n<strong>Vozen z B kategorijo izpitom.<\/strong><\/p>\n<p>Vodilni v industriji &#8211; najnovej\u0161a tehnologija in bogata serijska oprema. Novi CFMOTO CFORCE x8 ponuja vrhunsko oljno vzmetenje, 7&#8243; ekran s celotnim grafi\u010dnim prikazom podatkov, prilagodljiv 3 stopenjski servo volan, 3 stopenjski elektronski gas za prilagoditev ob\u010dutljivosti mo\u010di. Popolnoma prenovljeno podvozje vam bo ponudilo izjemne vozne lastnosti, udobje in prilagodljivost. Novo razvit agregat pa ponuja kar 75HP.<\/p>\n<p>Podalj\u0161ana \u0161asija nudi odli\u010den komfort za voznika in sopotnika, stalni zadnji pogon z lo\u010denim vklopom 4&#215;4 pogona in mo\u017enostjo zaklepa zapore spredaj pa bosta nudila maksimalne terenske sposobnosti.<\/p>\n<p>Barva: siva, oran\u017ena, camo.<\/p>\n","protected":false},"featured_media":8416,"template":"","meta":[],"product_cat":[59,68,111],"product_tag":[],"_links":{"self":[{"href":"https:\/\/www.sba.si\/index.php\/wp-json\/wp\/v2\/product\/8411"}],"collection":[{"href":"https:\/\/www.sba.si\/index.php\/wp-json\/wp\/v2\/product"}],"about":[{"href":"https:\/\/www.sba.si\/index.php\/wp-json\/wp\/v2\/types\/product"}],"version-history":[{"count":6,"href":"https:\/\/www.sba.si\/index.php\/wp-json\/wp\/v2\/product\/8411\/revisions"}],"predecessor-version":[{"id":11348,"href":"https:\/\/www.sba.si\/index.php\/wp-json\/wp\/v2\/product\/8411\/revisions\/11348"}],"wp:featuredmedia":[{"embeddable":true,"href":"https:\/\/www.sba.si\/index.php\/wp-json\/wp\/v2\/media\/8416"}],"wp:attachment":[{"href":"https:\/\/www.sba.si\/index.php\/wp-json\/wp\/v2\/media?parent=8411"}],"wp:term":[{"taxonomy":"product_cat","embeddable":true,"href":"https:\/\/www.sba.si\/index.php\/wp-json\/wp\/v2\/product_cat?post=8411"},{"taxonomy":"product_tag","embeddable":true,"href":"https:\/\/www.sba.si\/index.php\/wp-json\/wp\/v2\/product_tag?post=8411"}],"curies":[{"name":"wp","href":"https:\/\/api.w.org\/{rel}","templated":true}]}}