{"id":8419,"date":"2025-02-18T11:30:18","date_gmt":"2025-02-18T10:30:18","guid":{"rendered":"https:\/\/www.sba.si\/?post_type=product&#038;p=8419"},"modified":"2026-01-21T10:43:21","modified_gmt":"2026-01-21T09:43:21","slug":"cfmoto-cforce-850-x8-eps-t3b","status":"publish","type":"product","link":"https:\/\/www.sba.si\/index.php\/izdelek\/cfmoto-cforce-850-x8-eps-t3b\/","title":{"rendered":"CFMOTO CFORCE 850 X8 EPS T3B"},"content":{"rendered":"","protected":false},"excerpt":{"rendered":"<p>CF MOTO CFORCE X8 &#8211; popolnoma novo vozilo za leto 2025!<br \/>\n<strong>Vozen z F kategorijo (traktor) izpitom.<\/strong><\/p>\n<p>Vodilni v industriji &#8211; najnovej\u0161a tehnologija in bogata serijska oprema. Novi CFMOTO CFORCE x8 ponuja vrhunsko oljno vzmetenje, 7&#8243; ekran s celotnim grafi\u010dnim prikazom podatkov, prilagodljiv 3 stopenjski servo volan, 3 stopenjski elektronski gas za prilagoditev ob\u010dutljivosti mo\u010di. Popolnoma prenovljeno podvozje vam bo ponudilo izjemne vozne lastnosti, udobje in prilagodljivost. Novo razvit agregat pa ponuja kar 75HP.<\/p>\n<p>Podalj\u0161ana \u0161asija nudi odli\u010den komfort za voznika in sopotnika, stalni zadnji pogon z lo\u010denim vklopom 4&#215;4 pogona in mo\u017enostjo zaklepa zapore spredaj pa bosta nudila maksimalne terenske sposobnosti.<\/p>\n<p>Barva: siva, oran\u017ena, camo.<\/p>\n","protected":false},"featured_media":8416,"template":"","meta":[],"product_cat":[59,68,115],"product_tag":[],"_links":{"self":[{"href":"https:\/\/www.sba.si\/index.php\/wp-json\/wp\/v2\/product\/8419"}],"collection":[{"href":"https:\/\/www.sba.si\/index.php\/wp-json\/wp\/v2\/product"}],"about":[{"href":"https:\/\/www.sba.si\/index.php\/wp-json\/wp\/v2\/types\/product"}],"version-history":[{"count":3,"href":"https:\/\/www.sba.si\/index.php\/wp-json\/wp\/v2\/product\/8419\/revisions"}],"predecessor-version":[{"id":10787,"href":"https:\/\/www.sba.si\/index.php\/wp-json\/wp\/v2\/product\/8419\/revisions\/10787"}],"wp:featuredmedia":[{"embeddable":true,"href":"https:\/\/www.sba.si\/index.php\/wp-json\/wp\/v2\/media\/8416"}],"wp:attachment":[{"href":"https:\/\/www.sba.si\/index.php\/wp-json\/wp\/v2\/media?parent=8419"}],"wp:term":[{"taxonomy":"product_cat","embeddable":true,"href":"https:\/\/www.sba.si\/index.php\/wp-json\/wp\/v2\/product_cat?post=8419"},{"taxonomy":"product_tag","embeddable":true,"href":"https:\/\/www.sba.si\/index.php\/wp-json\/wp\/v2\/product_tag?post=8419"}],"curies":[{"name":"wp","href":"https:\/\/api.w.org\/{rel}","templated":true}]}}