{"id":8421,"date":"2025-02-18T12:40:33","date_gmt":"2025-02-18T11:40:33","guid":{"rendered":"https:\/\/www.sba.si\/?post_type=product&#038;p=8421"},"modified":"2026-01-21T10:41:12","modified_gmt":"2026-01-21T09:41:12","slug":"cfmoto-cforce-1000-x10-eps-premium-euro-5","status":"publish","type":"product","link":"https:\/\/www.sba.si\/index.php\/izdelek\/cfmoto-cforce-1000-x10-eps-premium-euro-5\/","title":{"rendered":"CFMOTO CFORCE 1000 X10 EPS Premium EURO 5"},"content":{"rendered":"","protected":false},"excerpt":{"rendered":"<p>CF MOTO CFORCE X10 Premium &#8211; popolnoma novo vozilo za leto 2025! Sedaj tudi v B kategoriji &#8211; vozen z izpitom za avto.<\/p>\n<p>-Vodilni v industriji &#8211; najnovej\u0161a tehnologija in bogata serijska oprema. Novi CFMOTO CFORCE x10 &#8220;Premium&#8221; ponuja plinsko nastavljivo podvozje, 8&#8243; MMI ekran ob\u010dutljiv na dotik, prilagodljiv 3 stopenjski servo volan, 3 stopenjski elektronski gas za prilagoditev ob\u010dutljivosti mo\u010di. Popolnoma prenovljeno podvozje vam bo ponudilo izjemne vozne lastnosti, udobje in prilagodljivost. Novo razvit agregat pa ponuja kar 90HP.<\/p>\n<p>-Podalj\u0161ana \u0161asija nudi odli\u010den komfort za voznika in sopotnika, stalni zadnji pogon z lo\u010denim vklopom 4&#215;4 pogona in mo\u017enostjo zaklepa zapore spredaj pa bosta nudila maksimalne terenske sposobnosti.<\/p>\n<p>-Premium model nudi v osnovni ceni tudi 14 pal\u010dna &#8220;beadlock&#8221; plati\u0161\u010da in ve\u010dji 8&#8243; MMI ekran ob\u010dutljiv na dotik.<\/p>\n<p>-Barva: \u010drna.<\/p>\n","protected":false},"featured_media":7354,"template":"","meta":[],"product_cat":[59,68,111],"product_tag":[],"_links":{"self":[{"href":"https:\/\/www.sba.si\/index.php\/wp-json\/wp\/v2\/product\/8421"}],"collection":[{"href":"https:\/\/www.sba.si\/index.php\/wp-json\/wp\/v2\/product"}],"about":[{"href":"https:\/\/www.sba.si\/index.php\/wp-json\/wp\/v2\/types\/product"}],"version-history":[{"count":1,"href":"https:\/\/www.sba.si\/index.php\/wp-json\/wp\/v2\/product\/8421\/revisions"}],"predecessor-version":[{"id":8422,"href":"https:\/\/www.sba.si\/index.php\/wp-json\/wp\/v2\/product\/8421\/revisions\/8422"}],"wp:featuredmedia":[{"embeddable":true,"href":"https:\/\/www.sba.si\/index.php\/wp-json\/wp\/v2\/media\/7354"}],"wp:attachment":[{"href":"https:\/\/www.sba.si\/index.php\/wp-json\/wp\/v2\/media?parent=8421"}],"wp:term":[{"taxonomy":"product_cat","embeddable":true,"href":"https:\/\/www.sba.si\/index.php\/wp-json\/wp\/v2\/product_cat?post=8421"},{"taxonomy":"product_tag","embeddable":true,"href":"https:\/\/www.sba.si\/index.php\/wp-json\/wp\/v2\/product_tag?post=8421"}],"curies":[{"name":"wp","href":"https:\/\/api.w.org\/{rel}","templated":true}]}}