{"id":8425,"date":"2025-02-18T13:43:07","date_gmt":"2025-02-18T12:43:07","guid":{"rendered":"https:\/\/www.sba.si\/?post_type=product&#038;p=8425"},"modified":"2026-01-08T09:11:19","modified_gmt":"2026-01-08T08:11:19","slug":"cfmoto-cforce-1000-x10-mud-eps-t3b-25-kopija","status":"publish","type":"product","link":"https:\/\/www.sba.si\/index.php\/izdelek\/cfmoto-cforce-1000-x10-mud-eps-t3b-25-kopija\/","title":{"rendered":"CFMOTO CFORCE 1000 X10 MUD &#8211; EPS T3b &#8217;25"},"content":{"rendered":"<p data-start=\"274\" data-end=\"406\"><strong data-start=\"274\" data-end=\"288\">MUD Edition<\/strong> vklju\u010duje <strong data-start=\"299\" data-end=\"377\">snorkel, dvignjen hladilnik, sprednjo za\u0161\u010ditno re\u0161etko in ve\u010dje pnevmatike<\/strong> kot del standardne opreme.<\/p>\n<p data-start=\"408\" data-end=\"827\">Od <strong data-start=\"411\" data-end=\"441\">kompaktnega dizajna \u0161asije<\/strong> do <strong data-start=\"445\" data-end=\"479\">uravnote\u017eene porazdelitve te\u017ee<\/strong> in <strong data-start=\"483\" data-end=\"528\">idealnega sede\u010dega ter stoje\u010dega polo\u017eaja<\/strong>, ergonomija CFORCE 1000 MUD je prilagojena za ambiciozno terensko vo\u017enjo. Ta \u0161tirikolesnik resni\u010dno opravi\u010duje svoj vzdevek: <strong data-start=\"654\" data-end=\"674\">&#8220;Mojster blata.&#8221;<\/strong> Njegov dvovaljni motor izstopa z najve\u010djo mo\u010djo<strong data-start=\"723\" data-end=\"732\"> 90 KM<\/strong>, vitlom name\u0161\u010denim <strong data-start=\"752\" data-end=\"768\">200 mm vi\u0161je<\/strong>, raz\u0161irjenimi blatniki z integrirano za\u0161\u010dito za stopala.<\/p>\n<h3 data-start=\"829\" data-end=\"855\"><strong data-start=\"833\" data-end=\"853\">NOV SPREDNJI DEL<\/strong><\/h3>\n<p data-start=\"856\" data-end=\"1239\"><span data-start=\"858\" data-end=\"888\">&#8211;<\/span><strong data-start=\"858\" data-end=\"888\">Dvignjen sistem hladilnika<\/strong> \u2013 Ohranja motor hladen tudi v ekstremnih blatnih razmerah, kar zagotavlja neprekinjeno zmogljivost.<br data-start=\"988\" data-end=\"991\" \/>&#8211;<strong data-start=\"993\" data-end=\"1015\">Integriran snorkel<\/strong> \u2013 Povi\u0161a to\u010dko potopitve vozila, kar omogo\u010da varne prehode skozi poplavljene predele.<br data-start=\"1101\" data-end=\"1104\" \/>&#8211;<strong data-start=\"1106\" data-end=\"1134\">Oja\u010dana sprednja za\u0161\u010dita<\/strong> \u2013 \u0160\u010diti prednji del vozila pred udarci in lete\u010dimi delci ter zagotavlja ve\u010djo vzdr\u017eljivost in varnost.<\/p>\n<h3 data-start=\"1241\" data-end=\"1266\"><strong data-start=\"1245\" data-end=\"1264\">IZBOLJ\u0160AN MOTOR<\/strong><\/h3>\n<p data-start=\"1267\" data-end=\"1554\">Novi <strong data-start=\"1272\" data-end=\"1298\">CFMOTO motor s 962 cm\u00b3<\/strong> razvije <strong data-start=\"1307\" data-end=\"1332\">90 KM in 88 Nm navora<\/strong>. Tehnologija <strong data-start=\"1346\" data-end=\"1362\">ride-by-wire<\/strong> (elektronski gas) omogo\u010da gladek in natan\u010den odziv plina, kar zagotavlja optimalen nadzor in odzivnost mo\u010di. Na voljo so <strong data-start=\"1466\" data-end=\"1489\">trije na\u010dini vo\u017enje<\/strong>, s katerimi lahko prilagodite obna\u0161anje motorja svojim \u017eeljam.<\/p>\n<h3 data-start=\"1556\" data-end=\"1584\"><strong data-start=\"1560\" data-end=\"1582\">NOV CVT MENJALNIK<\/strong><\/h3>\n<p data-start=\"1585\" data-end=\"1860\">CFMOTO je\u00a0 razvil lastni <strong data-start=\"1603\" data-end=\"1647\">samodejni brezstopenjski menjalnik (CVT)<\/strong> &#8211; zasnovan za dolgotrajno vzdr\u017eljivost in najve\u010djo zmogljivost. Okrepljena konstrukcija prenese ve\u010d navora in obremenitve, kar omogo\u010da <strong data-start=\"1784\" data-end=\"1826\">izjemno gladko in zanesljivo delovanje<\/strong> tudi v najzahtevnej\u0161ih pogojih.<\/p>\n<h3 data-start=\"1862\" data-end=\"1893\"><strong data-start=\"1866\" data-end=\"1891\">8&#8243; MMI DIGITALNI ZASLON<\/strong><\/h3>\n<p data-start=\"1894\" data-end=\"2122\">Novi intuitivni vmesnik vam omogo\u010da pregled nad vsemi podatki o vozilu ter povezljivost z <strong data-start=\"1984\" data-end=\"2001\">Apple CarPlay<\/strong> za GPS navigacijo. Spremljanje delovanja vozila v realnem \u010dasu zagotavlja popolno informiranost in varnost med vo\u017enjo.<\/p>\n","protected":false},"excerpt":{"rendered":"<p data-start=\"0\" data-end=\"37\"><strong data-start=\"0\" data-end=\"35\">CFORCE 1000 MUD \u2013 Mojster blata<\/strong><\/p>\n<p data-start=\"39\" data-end=\"272\">Novi <strong data-start=\"44\" data-end=\"63\">CFORCE 1000 MUD<\/strong> je zasnovan za zahtevne terene, blato in sneg. Ne glede na to, ali ga uporabljate za delo ali zabavo, je ta model pravi dvovaljni dragulj, ki dokazuje izjemno terensko zmogljivost tudi v najte\u017ejih razmerah.<\/p>\n","protected":false},"featured_media":8430,"template":"","meta":[],"product_cat":[59,68,115],"product_tag":[],"_links":{"self":[{"href":"https:\/\/www.sba.si\/index.php\/wp-json\/wp\/v2\/product\/8425"}],"collection":[{"href":"https:\/\/www.sba.si\/index.php\/wp-json\/wp\/v2\/product"}],"about":[{"href":"https:\/\/www.sba.si\/index.php\/wp-json\/wp\/v2\/types\/product"}],"version-history":[{"count":1,"href":"https:\/\/www.sba.si\/index.php\/wp-json\/wp\/v2\/product\/8425\/revisions"}],"predecessor-version":[{"id":8426,"href":"https:\/\/www.sba.si\/index.php\/wp-json\/wp\/v2\/product\/8425\/revisions\/8426"}],"wp:featuredmedia":[{"embeddable":true,"href":"https:\/\/www.sba.si\/index.php\/wp-json\/wp\/v2\/media\/8430"}],"wp:attachment":[{"href":"https:\/\/www.sba.si\/index.php\/wp-json\/wp\/v2\/media?parent=8425"}],"wp:term":[{"taxonomy":"product_cat","embeddable":true,"href":"https:\/\/www.sba.si\/index.php\/wp-json\/wp\/v2\/product_cat?post=8425"},{"taxonomy":"product_tag","embeddable":true,"href":"https:\/\/www.sba.si\/index.php\/wp-json\/wp\/v2\/product_tag?post=8425"}],"curies":[{"name":"wp","href":"https:\/\/api.w.org\/{rel}","templated":true}]}}