{"id":8457,"date":"2025-02-19T16:07:04","date_gmt":"2025-02-19T15:07:04","guid":{"rendered":"https:\/\/www.sba.si\/?post_type=product&#038;p=8457"},"modified":"2025-02-19T16:12:20","modified_gmt":"2025-02-19T15:12:20","slug":"ogrevane-rocke-gretje-rock-in-plina-4-zone","status":"publish","type":"product","link":"https:\/\/www.sba.si\/index.php\/izdelek\/ogrevane-rocke-gretje-rock-in-plina-4-zone\/","title":{"rendered":"OGREVANE RO\u010cKE &#8211; GRETJE RO\u010cK IN PLINA &#8211; 4 ZONE"},"content":{"rendered":"","protected":false},"excerpt":{"rendered":"<p>PRIMERNO ZA VSE ZNAMKE ATV &#8211; UNIVERZALNA MONTA\u017dA<\/p>\n<p>Komplet vsebuje ogrevane ro\u010dke in gretje plina.<\/p>\n<p>Ogrevane ro\u010dke 4 Zone &#8211; primerno za vse znamke \u0161tirikolesnikov. Ogrevane ro\u010dke s 5 stopenjsko nastavitvijo temperature. Naj vam gretje ro\u010dk omogo\u010di, da bodo tudi hladnej\u0161i dnevi polni u\u017eitkov na va\u0161em \u0161tirikolesniku.<\/p>\n<p>Celoten komplet ogrevanih ro\u010dajev + ogrevanje palca + mo\u017enost dodajanja dveh dodatnih grelnikov.<\/p>\n<p>Vse kontrole so vgrajene neposredno v ro\u010daje:<br \/>\n-5 nastavitev temperature,<br \/>\n-mo\u017enost krmiljenja skupno \u0161tirih ogrevanih naprav<br \/>\n-pomnilnik nastavitev: nastavitve ostanejo v pomnilniku tudi po izklju\u010ditvi kontakta<br \/>\n-LED indikatorji za prikaz intenzivnosti ogrevanja<br \/>\n-Odli\u010den ob\u010dutek zahvaljujo\u010d diamantnemu vzorcu, ro\u010daji so tudi zelo tanki &#8211; debelina podobna originalnim ro\u010dajem<br \/>\n-Premer ro\u010dajev: 32 mm, dol\u017eina: 130 mm<br \/>\n-Zaprta vodoodporna konstrukcija z za\u0161\u010ditno stopnjo IP65, vodotesni priklju\u010dki<br \/>\n-Primerno za ATV vseh modelov in znamk z 12 V elektri\u010dnim sistemom<br \/>\n-Za 22 mm krmilo<br \/>\n-Kratek \u010das segrevanja<br \/>\n-Ne potrebujete lepila ali \u017eice &#8211; samo potisnite jih in zategnite<\/p>\n<p>Ro\u010daji omogo\u010dajo enostavno namestitev \u0161\u010ditnikov za roke. Brez vrtanja, preprosto odstranite kon\u010dni pokrov.<br \/>\nZahvaljujo\u010d sistemu Lock-On lahko ro\u010daje enostavno zamenjate z drugim\/novim strojem, ne da bi pri tem po\u0161kodovali ro\u010daje\/grelnik za palec<\/p>\n<p>Grelec sede\u017ea: karbonski grelni elementi, 19,5 x 39,5 cm<br \/>\nMo\u010d: ro\u010daji 40 W (vsak po 20 W), grelec za palec 5 W, grelec sede\u017ea 35 W<\/p>\n<p>Set vklju\u010duje dva ogrevana ro\u010daja s sistemom Lock-On, grelec za palec, krmilno enoto s kabelskim snopom, monta\u017eni material.<\/p>\n","protected":false},"featured_media":8453,"template":"","meta":[],"product_cat":[54,55,99],"product_tag":[],"_links":{"self":[{"href":"https:\/\/www.sba.si\/index.php\/wp-json\/wp\/v2\/product\/8457"}],"collection":[{"href":"https:\/\/www.sba.si\/index.php\/wp-json\/wp\/v2\/product"}],"about":[{"href":"https:\/\/www.sba.si\/index.php\/wp-json\/wp\/v2\/types\/product"}],"version-history":[{"count":2,"href":"https:\/\/www.sba.si\/index.php\/wp-json\/wp\/v2\/product\/8457\/revisions"}],"predecessor-version":[{"id":8459,"href":"https:\/\/www.sba.si\/index.php\/wp-json\/wp\/v2\/product\/8457\/revisions\/8459"}],"wp:featuredmedia":[{"embeddable":true,"href":"https:\/\/www.sba.si\/index.php\/wp-json\/wp\/v2\/media\/8453"}],"wp:attachment":[{"href":"https:\/\/www.sba.si\/index.php\/wp-json\/wp\/v2\/media?parent=8457"}],"wp:term":[{"taxonomy":"product_cat","embeddable":true,"href":"https:\/\/www.sba.si\/index.php\/wp-json\/wp\/v2\/product_cat?post=8457"},{"taxonomy":"product_tag","embeddable":true,"href":"https:\/\/www.sba.si\/index.php\/wp-json\/wp\/v2\/product_tag?post=8457"}],"curies":[{"name":"wp","href":"https:\/\/api.w.org\/{rel}","templated":true}]}}