{"id":8488,"date":"2025-02-24T16:38:31","date_gmt":"2025-02-24T15:38:31","guid":{"rendered":"https:\/\/www.sba.si\/?post_type=product&#038;p=8488"},"modified":"2025-10-21T12:53:43","modified_gmt":"2025-10-21T10:53:43","slug":"cfmoto-675nk-abs","status":"publish","type":"product","link":"https:\/\/www.sba.si\/index.php\/izdelek\/cfmoto-675nk-abs\/","title":{"rendered":"CFMOTO 675NK ABS &#8217;25"},"content":{"rendered":"<p data-start=\"384\" data-end=\"873\">Okvir motocikla je izdelan iz mo\u010dnega jeklenega perimetri\u010dnega okvirja, dopolnjuje pa ga lahka aluminijasta nihajna roka. Vzmetenje je nastavljivo in izdelano s strani KYB, kar zagotavlja udobno in natan\u010dno vo\u017enjo. Zavorni sistem je razvilo podjetje J. Juan; spredaj so name\u0161\u010dene radialno name\u0161\u010dene \u0161tiribatne \u010deljusti s 300 mm zavorni diski, zadaj pa 220 mm zavorni disk z enobatno \u010deljustjo. Motocikel ima sede\u017e na vi\u0161ini 810 mm in suho te\u017eo le 175 kg, kar prispeva k odli\u010dni okretnosti.<\/p>\n<p data-start=\"875\" data-end=\"1262\">675NK je opremljen z modernim TFT barvnim zaslonom, ki prikazuje vse klju\u010dne informacije, ter vklju\u010duje varnostne funkcije, kot sta nadzor zdrsa (traction control) in ABS. Celotna LED osvetlitev izbolj\u0161uje vidljivost in daje motociklu prepoznaven svetlobni podpis. Za povezljivost skrbita Bluetooth in Wi-Fi, ki v kombinaciji z aplikacijo CFMOTO Ride omogo\u010data analizo podatkov o vo\u017enji.<\/p>\n<p data-start=\"1264\" data-end=\"1445\">Z agresivnim dizajnom, napredno tehnologijo in impresivnimi zmogljivostmi je CFMOTO 675NK odli\u010dna izbira za izku\u0161ene motoriste, ki i\u0161\u010dejo kombinacijo mo\u010di, sloga in u\u017eitka v vo\u017enji.<\/p>\n","protected":false},"excerpt":{"rendered":"<p data-start=\"0\" data-end=\"382\">CFMOTO 675NK je zmogljiv &#8216;naked&#8217; motocikel z agresivnim dizajnom. Poganja ga 675-kubi\u010dni vrstni trivaljni motor DOHC, ki proizvede 66 kW (88 KM) pri 11.000 vrt.\/min in navor 68 Nm pri 8.250 vrt.\/min. Motor je povezan s \u0161eststopenjskim menjalnikom, opremljenim s hitrim prestavljanjem (Quick Shifter) in drsno sklopko, kar omogo\u010da dinami\u010dno vo\u017enjo.<\/p>\n<p data-start=\"1264\" data-end=\"1445\">\n","protected":false},"featured_media":8771,"template":"","meta":[],"product_cat":[127,131],"product_tag":[],"_links":{"self":[{"href":"https:\/\/www.sba.si\/index.php\/wp-json\/wp\/v2\/product\/8488"}],"collection":[{"href":"https:\/\/www.sba.si\/index.php\/wp-json\/wp\/v2\/product"}],"about":[{"href":"https:\/\/www.sba.si\/index.php\/wp-json\/wp\/v2\/types\/product"}],"version-history":[{"count":3,"href":"https:\/\/www.sba.si\/index.php\/wp-json\/wp\/v2\/product\/8488\/revisions"}],"predecessor-version":[{"id":8499,"href":"https:\/\/www.sba.si\/index.php\/wp-json\/wp\/v2\/product\/8488\/revisions\/8499"}],"wp:featuredmedia":[{"embeddable":true,"href":"https:\/\/www.sba.si\/index.php\/wp-json\/wp\/v2\/media\/8771"}],"wp:attachment":[{"href":"https:\/\/www.sba.si\/index.php\/wp-json\/wp\/v2\/media?parent=8488"}],"wp:term":[{"taxonomy":"product_cat","embeddable":true,"href":"https:\/\/www.sba.si\/index.php\/wp-json\/wp\/v2\/product_cat?post=8488"},{"taxonomy":"product_tag","embeddable":true,"href":"https:\/\/www.sba.si\/index.php\/wp-json\/wp\/v2\/product_tag?post=8488"}],"curies":[{"name":"wp","href":"https:\/\/api.w.org\/{rel}","templated":true}]}}