{"id":8502,"date":"2025-02-25T09:10:22","date_gmt":"2025-02-25T08:10:22","guid":{"rendered":"https:\/\/www.sba.si\/?post_type=product&#038;p=8502"},"modified":"2026-01-26T14:12:05","modified_gmt":"2026-01-26T13:12:05","slug":"cfmoto-675sr-r-25","status":"publish","type":"product","link":"https:\/\/www.sba.si\/index.php\/izdelek\/cfmoto-675sr-r-25\/","title":{"rendered":"CFMOTO 675SR R &#8217;25"},"content":{"rendered":"<p data-start=\"446\" data-end=\"805\">Vzmetenje je popolnoma nastavljivo KYB z 130 mm hoda spredaj in zadaj, kar omogo\u010da prilagoditev vo\u017enje glede na va\u0161e preference. Zavorni sistem sestavljajo 300 mm diski z J.Juan 4-batnimi radialnimi \u010deljustmi spredaj in 240 mm disk z J.Juan 1-batno plavajo\u010do \u010deljustjo zadaj, kar zagotavlja zanesljivo in mo\u010dno zaviranje.<\/p>\n<p data-start=\"807\" data-end=\"1175\">Motocikel je opremljen s \u0161tevilnimi naprednimi funkcijami, vklju\u010dno s quickshifterjem za hitro prestavljanje, nastavljivim in izklopljivim nadzorom zdrsa (traction control) ter ABS sistemom. Poleg tega ima aerodinami\u010den dizajn z LED osvetlitvijo in animiranimi svetlobnimi elementi, kar poudarja njegov sodoben in agresiven videz.<\/p>\n<p data-start=\"1177\" data-end=\"1366\">CFMOTO 675SR-R je idealna izbira za motoriste, ki i\u0161\u010dejo kombinacijo zmogljivosti, napredne tehnologije in privla\u010dnega dizajna, primernega tako za vsakodnevno vo\u017enjo kot za \u0161portne podvige.<\/p>\n","protected":false},"excerpt":{"rendered":"<p data-start=\"40\" data-end=\"444\">CFMOTO 675SR-R je \u0161portni motocikel, zasnovan za navdu\u0161ence nad hitrostjo in zmogljivostjo. Poganja ga 675-kubi\u010dni trivaljni motor, ki razvije mo\u010d 100 KM pri 11.000 vrt.\/min in navor 70 Nm pri 8.250 vrt.\/min. Agregat tehta le 54 kg, kar prispeva k skupni te\u017ei motocikla 189 kg. To omogo\u010da pospe\u0161ek do 100 km\/h v manj kot 3,6 sekunde in najve\u010djo hitrost preko 220 km\/h.<\/p>\n","protected":false},"featured_media":8769,"template":"","meta":[],"product_cat":[127,131],"product_tag":[],"_links":{"self":[{"href":"https:\/\/www.sba.si\/index.php\/wp-json\/wp\/v2\/product\/8502"}],"collection":[{"href":"https:\/\/www.sba.si\/index.php\/wp-json\/wp\/v2\/product"}],"about":[{"href":"https:\/\/www.sba.si\/index.php\/wp-json\/wp\/v2\/types\/product"}],"version-history":[{"count":2,"href":"https:\/\/www.sba.si\/index.php\/wp-json\/wp\/v2\/product\/8502\/revisions"}],"predecessor-version":[{"id":8510,"href":"https:\/\/www.sba.si\/index.php\/wp-json\/wp\/v2\/product\/8502\/revisions\/8510"}],"wp:featuredmedia":[{"embeddable":true,"href":"https:\/\/www.sba.si\/index.php\/wp-json\/wp\/v2\/media\/8769"}],"wp:attachment":[{"href":"https:\/\/www.sba.si\/index.php\/wp-json\/wp\/v2\/media?parent=8502"}],"wp:term":[{"taxonomy":"product_cat","embeddable":true,"href":"https:\/\/www.sba.si\/index.php\/wp-json\/wp\/v2\/product_cat?post=8502"},{"taxonomy":"product_tag","embeddable":true,"href":"https:\/\/www.sba.si\/index.php\/wp-json\/wp\/v2\/product_tag?post=8502"}],"curies":[{"name":"wp","href":"https:\/\/api.w.org\/{rel}","templated":true}]}}