{"id":8530,"date":"2025-02-25T11:29:19","date_gmt":"2025-02-25T10:29:19","guid":{"rendered":"https:\/\/www.sba.si\/?post_type=product&#038;p=8530"},"modified":"2026-02-17T10:04:09","modified_gmt":"2026-02-17T09:04:09","slug":"cfmoto-800nk-advanced-25","status":"publish","type":"product","link":"https:\/\/www.sba.si\/index.php\/izdelek\/cfmoto-800nk-advanced-25\/","title":{"rendered":"CFMOTO 800NK Advanced &#8217;25"},"content":{"rendered":"<p><strong>Motor in zmogljivost<\/strong><br \/>\nPod oklepom se skriva 799-kubi\u010dni vzporedni dvovaljni motor, razvit v sodelovanju s KTM, ki razvije pribli\u017eno 100 KM (75 kW) pri 9.000 vrt.\/min in 81 Nm navora pri 8.000 vrt.\/min. Motor je povezan s 6-stopenjskim menjalnikom s quickshifterjem za hitrej\u0161e prestavljanje brez sklopke. Elektronski plin omogo\u010da tri razli\u010dne vozne na\u010dine: Street, Sport in Rain, ki prilagajajo odzivnost motorja glede na pogoje na cesti.<\/p>\n<p><strong>\u0160asija in podvozje<\/strong><br \/>\n800NK Advanced je zasnovan na lahkem jeklenem cevnem okvirju, ki zagotavlja odli\u010dno stabilnost in okretnost. Na podro\u010dju vzmetenja je opremljen s KYB obrnjeno vilico (USD) spredaj in zadnjim amortizerjem, ki omogo\u010data prilagoditev vo\u017enje.<\/p>\n<p>Za u\u010dinkovito zaviranje skrbijo J.Juan zavorne \u010deljusti, ki prijemajo 320 mm dvojne sprednje kolute in 260 mm zadnji disk, podprte z dvokanalnim Bosch ABS sistemom.<\/p>\n<p><strong>Elektronika in tehnologija<\/strong><br \/>\nEna izmed glavnih prednosti razli\u010dice Advanced je bogata elektronska oprema:<br \/>\n&#8211; 5&#8243; TFT barvni zaslon z Bluetooth povezljivostjo<br \/>\n&#8211; Navigacija in povezava s telefonom preko aplikacije CFMOTO Ride<br \/>\n&#8211; Keyless sistem (brezsti\u010dni klju\u010d) za udoben zagon<br \/>\n&#8211; Quickshifter za hitro prestavljanje<br \/>\n&#8211; Elektronski plin (ride-by-wire) za natan\u010den nadzor mo\u010di<br \/>\n&#8211; Nastavljiv nadzor zdrsa (traction control)<\/p>\n<p>Napreden sistem osvetlitve vklju\u010duje polno LED osvetlitev z dinami\u010dnimi smerniki in agresivnim \u017earometom.<\/p>\n<p><strong>Ergonomija in oblikovanje<\/strong><br \/>\n800NK Advanced zdru\u017euje oster, \u0161portni dizajn, ki ga je razvilo italijansko oblikovalsko podjetje Modena 40.<\/p>\n","protected":false},"excerpt":{"rendered":"<article class=\"w-full text-token-text-primary focus-visible:outline-2 focus-visible:outline-offset-[-4px]\" dir=\"auto\" data-testid=\"conversation-turn-7\" data-scroll-anchor=\"false\">\n<div class=\"m-auto text-base py-[18px] px-6\">\n<div class=\"mx-auto flex flex-1 text-base gap-4 md:gap-5 lg:gap-6 md:max-w-3xl lg:max-w-[40rem] xl:max-w-[48rem]\">\n<div class=\"group\/conversation-turn relative flex w-full min-w-0 flex-col agent-turn @xs\/thread:px-0 @sm\/thread:px-1.5 @md\/thread:px-4\">\n<div class=\"flex-col gap-1 md:gap-3\">\n<div class=\"flex max-w-full flex-col flex-grow\">\n<div class=\"min-h-8 text-message relative flex w-full flex-col items-end gap-2 whitespace-normal break-words text-start [.text-message+&amp;]:mt-5\" dir=\"auto\" data-message-author-role=\"assistant\" data-message-id=\"939f92c0-1618-476a-b949-2100c7bf21a4\" data-message-model-slug=\"gpt-4o\">\n<div class=\"flex w-full flex-col gap-1 empty:hidden first:pt-[3px]\">\n<div class=\"markdown prose w-full break-words dark:prose-invert light\">\n<p><strong>CFMOTO 800NK Advanced \u2013 Napreden naked za zahtevne motoriste<\/strong><\/p>\n<p>CFMOTO 800NK Advanced je vrhunski naked motocikel, zasnovan za voznike, ki i\u0161\u010dejo kombinacijo zmogljivosti, sodobne tehnologije in agresivnega dizajna. Gre za izbolj\u0161ano razli\u010dico 800NK, ki prina\u0161a vrhunske komponente in napredne funkcije za \u0161e bolj\u0161o izku\u0161njo vo\u017enje.<\/p>\n<\/div>\n<\/div>\n<\/div>\n<\/div>\n<\/div>\n<\/div>\n<\/div>\n<\/div>\n<\/article>\n","protected":false},"featured_media":10249,"template":"","meta":[],"product_cat":[127,131],"product_tag":[],"_links":{"self":[{"href":"https:\/\/www.sba.si\/index.php\/wp-json\/wp\/v2\/product\/8530"}],"collection":[{"href":"https:\/\/www.sba.si\/index.php\/wp-json\/wp\/v2\/product"}],"about":[{"href":"https:\/\/www.sba.si\/index.php\/wp-json\/wp\/v2\/types\/product"}],"version-history":[{"count":3,"href":"https:\/\/www.sba.si\/index.php\/wp-json\/wp\/v2\/product\/8530\/revisions"}],"predecessor-version":[{"id":10250,"href":"https:\/\/www.sba.si\/index.php\/wp-json\/wp\/v2\/product\/8530\/revisions\/10250"}],"wp:featuredmedia":[{"embeddable":true,"href":"https:\/\/www.sba.si\/index.php\/wp-json\/wp\/v2\/media\/10249"}],"wp:attachment":[{"href":"https:\/\/www.sba.si\/index.php\/wp-json\/wp\/v2\/media?parent=8530"}],"wp:term":[{"taxonomy":"product_cat","embeddable":true,"href":"https:\/\/www.sba.si\/index.php\/wp-json\/wp\/v2\/product_cat?post=8530"},{"taxonomy":"product_tag","embeddable":true,"href":"https:\/\/www.sba.si\/index.php\/wp-json\/wp\/v2\/product_tag?post=8530"}],"curies":[{"name":"wp","href":"https:\/\/api.w.org\/{rel}","templated":true}]}}