{"id":8538,"date":"2025-02-25T12:00:29","date_gmt":"2025-02-25T11:00:29","guid":{"rendered":"https:\/\/www.sba.si\/?post_type=product&#038;p=8538"},"modified":"2026-02-17T09:07:03","modified_gmt":"2026-02-17T08:07:03","slug":"cfmoto-700mt-abs-25","status":"publish","type":"product","link":"https:\/\/www.sba.si\/index.php\/izdelek\/cfmoto-700mt-abs-25\/","title":{"rendered":"CFMOTO 700MT ABS &#8217;25"},"content":{"rendered":"<p data-start=\"197\" data-end=\"222\"><strong data-start=\"197\" data-end=\"222\">Motor in zmogljivost:<\/strong><\/p>\n<ul data-start=\"223\" data-end=\"462\">\n<li data-start=\"223\" data-end=\"277\"><strong data-start=\"225\" data-end=\"241\">Tip motorja:<\/strong> Vrstni dvovaljni, 8-ventilski, DOHC<\/li>\n<li data-start=\"278\" data-end=\"303\"><strong data-start=\"280\" data-end=\"296\">Prostornina:<\/strong> 693 cc<\/li>\n<li data-start=\"304\" data-end=\"348\"><strong data-start=\"306\" data-end=\"323\">Najve\u010dja mo\u010d:<\/strong> 50 kW pri 9.500 vrt.\/min<\/li>\n<li data-start=\"349\" data-end=\"395\"><strong data-start=\"351\" data-end=\"370\">Najve\u010dji navor:<\/strong> 60 Nm pri 6.000 vrt.\/min<\/li>\n<li data-start=\"396\" data-end=\"431\"><strong data-start=\"398\" data-end=\"411\">Hlajenje:<\/strong> Teko\u010dinsko hlajenje<\/li>\n<li data-start=\"432\" data-end=\"462\"><strong data-start=\"434\" data-end=\"452\">Vbrizg goriva:<\/strong> Bosch EFI<\/li>\n<\/ul>\n<p data-start=\"464\" data-end=\"486\"><strong data-start=\"464\" data-end=\"486\">Dimenzije in te\u017ea:<\/strong><\/p>\n<ul data-start=\"487\" data-end=\"685\">\n<li data-start=\"487\" data-end=\"542\"><strong data-start=\"489\" data-end=\"515\">Dimenzije (D x \u0160 x V):<\/strong> 2380 mm x 955 mm x 1440 mm<\/li>\n<li data-start=\"543\" data-end=\"574\"><strong data-start=\"545\" data-end=\"566\">Medosna razdalja:<\/strong> 1445 mm<\/li>\n<li data-start=\"575\" data-end=\"620\"><strong data-start=\"577\" data-end=\"595\">Vi\u0161ina sede\u017ea:<\/strong> 800 mm (opcijsko 840 mm)<\/li>\n<li data-start=\"621\" data-end=\"639\"><strong data-start=\"623\" data-end=\"632\">Te\u017ea:<\/strong> 240 kg<\/li>\n<li data-start=\"640\" data-end=\"685\"><strong data-start=\"642\" data-end=\"680\">Prostornina rezervoarja za gorivo:<\/strong> 20 L<\/li>\n<\/ul>\n<p data-start=\"687\" data-end=\"711\"><strong data-start=\"687\" data-end=\"711\">Vzmetenje in zavore:<\/strong><\/p>\n<ul data-start=\"712\" data-end=\"996\">\n<li data-start=\"712\" data-end=\"759\"><strong data-start=\"714\" data-end=\"737\">Sprednje vzmetenje:<\/strong> 43 mm obrnjena vilica<\/li>\n<li data-start=\"760\" data-end=\"822\"><strong data-start=\"762\" data-end=\"783\">Zadnje vzmetenje:<\/strong> Monoshock z nastavljivo prednapetostjo<\/li>\n<li data-start=\"823\" data-end=\"928\"><strong data-start=\"825\" data-end=\"844\">Zavorni sistem:<\/strong> Dvojni sprednji disk z dvobatno \u010deljustjo \/ Enotni zadnji disk z enobatno \u010deljustjo<\/li>\n<li data-start=\"929\" data-end=\"996\"><strong data-start=\"931\" data-end=\"946\">ABS in TCS:<\/strong> Standardno vgrajena sistema za izbolj\u0161ano varnost<\/li>\n<\/ul>\n<p data-start=\"998\" data-end=\"1023\"><strong data-start=\"998\" data-end=\"1023\">Kolesa in pnevmatike:<\/strong><\/p>\n<ul data-start=\"1024\" data-end=\"1123\">\n<li data-start=\"1024\" data-end=\"1074\"><strong data-start=\"1026\" data-end=\"1044\">Sprednje kolo:<\/strong> 19-pal\u010dno z pnevmatiko 110\/80<\/li>\n<li data-start=\"1075\" data-end=\"1123\"><strong data-start=\"1077\" data-end=\"1093\">Zadnje kolo:<\/strong> 17-pal\u010dno z pnevmatiko 150\/70<\/li>\n<\/ul>\n<p data-start=\"1125\" data-end=\"1147\"><strong data-start=\"1125\" data-end=\"1147\">Dodatne lastnosti:<\/strong><\/p>\n<ul data-start=\"1148\" data-end=\"1448\">\n<li data-start=\"1148\" data-end=\"1214\"><strong data-start=\"1150\" data-end=\"1165\">Osvetlitev:<\/strong> Popolna LED razsvetljava za optimalno vidljivost<\/li>\n<li data-start=\"1215\" data-end=\"1293\"><strong data-start=\"1217\" data-end=\"1237\">Instrumentacija:<\/strong> 5-pal\u010dni TFT zaslon za jasen prikaz klju\u010dnih informacij<\/li>\n<li data-start=\"1294\" data-end=\"1396\"><strong data-start=\"1296\" data-end=\"1313\">Povezljivost:<\/strong> Standardno vgrajen T-Box za napredne povezljive funkcije, vklju\u010dno z GPS sledenjem<\/li>\n<li data-start=\"1397\" data-end=\"1448\"><strong data-start=\"1399\" data-end=\"1419\">Barvne mo\u017enosti:<\/strong> Nebula Black in Nebula White<\/li>\n<\/ul>\n<p data-start=\"1450\" data-end=\"1651\">CFMOTO 700MT Adventure zdru\u017euje sodobno tehnologijo, robusten dizajn in funkcije, pripravljene na teren, kar ga naredi idealnega za motoriste, ki i\u0161\u010dejo zanesljiv in vsestranski motor za razli\u010dne poti.<\/p>\n<h1><\/h1>\n","protected":false},"excerpt":{"rendered":"<p data-start=\"0\" data-end=\"195\">CFMOTO 700MT Adventure je vsestranski motor, zasnovan za dolge vo\u017enje in terenske avanture. Navdihuje se po ve\u010djih modelih iz serije MT, kar se odra\u017ea v njegovem prepoznavnem in robustnem videzu.<\/p>\n<p data-start=\"1450\" data-end=\"1651\">\n","protected":false},"featured_media":8758,"template":"","meta":[],"product_cat":[127,131],"product_tag":[],"_links":{"self":[{"href":"https:\/\/www.sba.si\/index.php\/wp-json\/wp\/v2\/product\/8538"}],"collection":[{"href":"https:\/\/www.sba.si\/index.php\/wp-json\/wp\/v2\/product"}],"about":[{"href":"https:\/\/www.sba.si\/index.php\/wp-json\/wp\/v2\/types\/product"}],"version-history":[{"count":3,"href":"https:\/\/www.sba.si\/index.php\/wp-json\/wp\/v2\/product\/8538\/revisions"}],"predecessor-version":[{"id":11356,"href":"https:\/\/www.sba.si\/index.php\/wp-json\/wp\/v2\/product\/8538\/revisions\/11356"}],"wp:featuredmedia":[{"embeddable":true,"href":"https:\/\/www.sba.si\/index.php\/wp-json\/wp\/v2\/media\/8758"}],"wp:attachment":[{"href":"https:\/\/www.sba.si\/index.php\/wp-json\/wp\/v2\/media?parent=8538"}],"wp:term":[{"taxonomy":"product_cat","embeddable":true,"href":"https:\/\/www.sba.si\/index.php\/wp-json\/wp\/v2\/product_cat?post=8538"},{"taxonomy":"product_tag","embeddable":true,"href":"https:\/\/www.sba.si\/index.php\/wp-json\/wp\/v2\/product_tag?post=8538"}],"curies":[{"name":"wp","href":"https:\/\/api.w.org\/{rel}","templated":true}]}}