{"id":8588,"date":"2025-02-26T12:00:03","date_gmt":"2025-02-26T11:00:03","guid":{"rendered":"https:\/\/www.sba.si\/?post_type=product&#038;p=8588"},"modified":"2025-02-26T12:00:25","modified_gmt":"2025-02-26T11:00:25","slug":"cevasta-zascita-motorja-cfmoto-450mt","status":"publish","type":"product","link":"https:\/\/www.sba.si\/index.php\/izdelek\/cevasta-zascita-motorja-cfmoto-450mt\/","title":{"rendered":"CEVASTA ZA\u0160\u010cITA MOTORJA &#8211; CFMOTO 450MT"},"content":{"rendered":"","protected":false},"excerpt":{"rendered":"<p>6AQV-801000-6000 &#8211; CEVASTA ZA\u0160\u010cITA MOTORJA<\/p>\n<p data-start=\"0\" data-end=\"97\">CFMOTO 450MT zgornji za\u0161\u010ditni lok u\u010dinkovito \u0161\u010diti motor in okvir motocikla ter voznikove noge.<\/p>\n<p data-start=\"99\" data-end=\"178\" data-is-last-node=\"\" data-is-only-node=\"\">Robustna in vzdr\u017eljiva konstrukcija s za\u0161\u010ditnim premazom proti rji in koroziji.<\/p>\n","protected":false},"featured_media":8590,"template":"","meta":[],"product_cat":[132,135],"product_tag":[],"_links":{"self":[{"href":"https:\/\/www.sba.si\/index.php\/wp-json\/wp\/v2\/product\/8588"}],"collection":[{"href":"https:\/\/www.sba.si\/index.php\/wp-json\/wp\/v2\/product"}],"about":[{"href":"https:\/\/www.sba.si\/index.php\/wp-json\/wp\/v2\/types\/product"}],"version-history":[{"count":2,"href":"https:\/\/www.sba.si\/index.php\/wp-json\/wp\/v2\/product\/8588\/revisions"}],"predecessor-version":[{"id":8651,"href":"https:\/\/www.sba.si\/index.php\/wp-json\/wp\/v2\/product\/8588\/revisions\/8651"}],"wp:featuredmedia":[{"embeddable":true,"href":"https:\/\/www.sba.si\/index.php\/wp-json\/wp\/v2\/media\/8590"}],"wp:attachment":[{"href":"https:\/\/www.sba.si\/index.php\/wp-json\/wp\/v2\/media?parent=8588"}],"wp:term":[{"taxonomy":"product_cat","embeddable":true,"href":"https:\/\/www.sba.si\/index.php\/wp-json\/wp\/v2\/product_cat?post=8588"},{"taxonomy":"product_tag","embeddable":true,"href":"https:\/\/www.sba.si\/index.php\/wp-json\/wp\/v2\/product_tag?post=8588"}],"curies":[{"name":"wp","href":"https:\/\/api.w.org\/{rel}","templated":true}]}}