{"id":8601,"date":"2025-02-26T12:18:35","date_gmt":"2025-02-26T11:18:35","guid":{"rendered":"https:\/\/www.sba.si\/?post_type=product&#038;p=8601"},"modified":"2025-02-27T13:37:10","modified_gmt":"2025-02-27T12:37:10","slug":"cevasta-zascita-motorja-cfmoto-700mt","status":"publish","type":"product","link":"https:\/\/www.sba.si\/index.php\/izdelek\/cevasta-zascita-motorja-cfmoto-700mt\/","title":{"rendered":"CEVASTA ZA\u0160\u010cITA MOTORJA CFMOTO 700MT"},"content":{"rendered":"<p data-start=\"339\" data-end=\"595\">Njihova robustna zasnova absorbira silo udarca in prepre\u010duje resnej\u0161e po\u0161kodbe okvirja, motorja in drugih klju\u010dnih komponent va\u0161ega motocikla. Poleg za\u0161\u010dite pred mehanskimi po\u0161kodbami ti za\u0161\u010ditni loki dodajo motorju tudi atraktiven, avanturisti\u010den videz.<\/p>\n<h3 data-start=\"597\" data-end=\"625\"><strong data-start=\"601\" data-end=\"623\">Klju\u010dne lastnosti:<\/strong><\/h3>\n<p data-start=\"626\" data-end=\"1003\">\u2705 <strong data-start=\"628\" data-end=\"650\">U\u010dinkovita za\u0161\u010dita<\/strong> \u2013 zmanj\u0161a tveganje za po\u0161kodbe pri padcih in trkih<br data-start=\"701\" data-end=\"704\" \/>\u2705 <strong data-start=\"706\" data-end=\"733\">Vzdr\u017eljiva konstrukcija<\/strong> \u2013 izdelani iz trpe\u017enih materialov za dolgotrajno uporabo<br data-start=\"790\" data-end=\"793\" \/>\u2705 <strong data-start=\"795\" data-end=\"818\">Natan\u010dno prileganje<\/strong> \u2013 zasnovani posebej za model CFMOTO 700MT<br data-start=\"860\" data-end=\"863\" \/>\u2705 <strong data-start=\"865\" data-end=\"889\">Enostavna namestitev<\/strong> \u2013 prilo\u017eeni vsi potrebni pritrdilni elementi<br data-start=\"934\" data-end=\"937\" \/>\u2705 <strong data-start=\"939\" data-end=\"961\">Dodatna stabilnost<\/strong> \u2013 izbolj\u0161ana za\u0161\u010dita okvirja in motorja<\/p>\n<p data-start=\"1005\" data-end=\"1173\" data-is-last-node=\"\" data-is-only-node=\"\">Ne glede na to, ali vozite po cesti ali raziskujete zahtevne terene, bodo ti za\u0161\u010ditni loki va\u0161emu motorju zagotovili dodatno varnost in vam omogo\u010dili brezskrbno vo\u017enjo.<\/p>\n","protected":false},"excerpt":{"rendered":"<p data-start=\"0\" data-end=\"113\">6NT1-250000-0BP00<\/p>\n<p data-start=\"0\" data-end=\"71\"><strong data-start=\"0\" data-end=\"69\">CFMOTO za\u0161\u010ditni loki za 700MT \u2013 maksimalna za\u0161\u010dita va\u0161ega motorja<\/strong><\/p>\n<p data-start=\"73\" data-end=\"337\">Za\u0161\u010ditni loki za CFMOTO 700MT so klju\u010dna oprema za vse, ki \u017eelijo svoj motor u\u010dinkovito za\u0161\u010dititi pred po\u0161kodbami pri padcih in trkih. Izdelani so iz visokokakovostnih in vzdr\u017eljivih materialov, ki zagotavljajo odli\u010dno odpornost na udarce in dolgotrajno za\u0161\u010dito.<\/p>\n<p data-start=\"1005\" data-end=\"1173\" data-is-last-node=\"\" data-is-only-node=\"\">\n","protected":false},"featured_media":8603,"template":"","meta":[],"product_cat":[132,135],"product_tag":[],"_links":{"self":[{"href":"https:\/\/www.sba.si\/index.php\/wp-json\/wp\/v2\/product\/8601"}],"collection":[{"href":"https:\/\/www.sba.si\/index.php\/wp-json\/wp\/v2\/product"}],"about":[{"href":"https:\/\/www.sba.si\/index.php\/wp-json\/wp\/v2\/types\/product"}],"version-history":[{"count":2,"href":"https:\/\/www.sba.si\/index.php\/wp-json\/wp\/v2\/product\/8601\/revisions"}],"predecessor-version":[{"id":8755,"href":"https:\/\/www.sba.si\/index.php\/wp-json\/wp\/v2\/product\/8601\/revisions\/8755"}],"wp:featuredmedia":[{"embeddable":true,"href":"https:\/\/www.sba.si\/index.php\/wp-json\/wp\/v2\/media\/8603"}],"wp:attachment":[{"href":"https:\/\/www.sba.si\/index.php\/wp-json\/wp\/v2\/media?parent=8601"}],"wp:term":[{"taxonomy":"product_cat","embeddable":true,"href":"https:\/\/www.sba.si\/index.php\/wp-json\/wp\/v2\/product_cat?post=8601"},{"taxonomy":"product_tag","embeddable":true,"href":"https:\/\/www.sba.si\/index.php\/wp-json\/wp\/v2\/product_tag?post=8601"}],"curies":[{"name":"wp","href":"https:\/\/api.w.org\/{rel}","templated":true}]}}