{"id":8612,"date":"2025-02-26T13:50:32","date_gmt":"2025-02-26T12:50:32","guid":{"rendered":"https:\/\/www.sba.si\/?post_type=product&#038;p=8612"},"modified":"2025-02-27T13:44:02","modified_gmt":"2025-02-27T12:44:02","slug":"cevasta-zascita-motorja-cfmoto-800mt","status":"publish","type":"product","link":"https:\/\/www.sba.si\/index.php\/izdelek\/cevasta-zascita-motorja-cfmoto-800mt\/","title":{"rendered":"CEVASTA ZA\u0160\u010cITA MOTORJA &#8211; CFMOTO 800MT"},"content":{"rendered":"","protected":false},"excerpt":{"rendered":"<p>6WWV8010005000<\/p>\n<p>Za\u0161\u010ditni loki za CFMOTO 700MT zagotavljajo odli\u010dno za\u0161\u010dito tako za voznikove noge kot za ob\u010dutljive plasti\u010dne dele motorja. Prilagojeni so originalni zasnovi motocikla, kar omogo\u010da popolno prileganje in enostavno namestitev brez potrebe po dodatnih prilagoditvah. Izdelani so iz visokokakovostne visokogostostne jeklene cevi, ki zagotavlja izjemno trdnost in vzdr\u017eljivost tudi v zahtevnih razmerah. S temi za\u0161\u010ditnimi loki boste svojemu motorju zagotovili ve\u010djo varnost in dalj\u0161o \u017eivljenjsko dobo, obenem pa izbolj\u0161ali njegovo stabilnost in robusten videz.<\/p>\n","protected":false},"featured_media":8614,"template":"","meta":[],"product_cat":[132,135],"product_tag":[],"_links":{"self":[{"href":"https:\/\/www.sba.si\/index.php\/wp-json\/wp\/v2\/product\/8612"}],"collection":[{"href":"https:\/\/www.sba.si\/index.php\/wp-json\/wp\/v2\/product"}],"about":[{"href":"https:\/\/www.sba.si\/index.php\/wp-json\/wp\/v2\/types\/product"}],"version-history":[{"count":2,"href":"https:\/\/www.sba.si\/index.php\/wp-json\/wp\/v2\/product\/8612\/revisions"}],"predecessor-version":[{"id":8756,"href":"https:\/\/www.sba.si\/index.php\/wp-json\/wp\/v2\/product\/8612\/revisions\/8756"}],"wp:featuredmedia":[{"embeddable":true,"href":"https:\/\/www.sba.si\/index.php\/wp-json\/wp\/v2\/media\/8614"}],"wp:attachment":[{"href":"https:\/\/www.sba.si\/index.php\/wp-json\/wp\/v2\/media?parent=8612"}],"wp:term":[{"taxonomy":"product_cat","embeddable":true,"href":"https:\/\/www.sba.si\/index.php\/wp-json\/wp\/v2\/product_cat?post=8612"},{"taxonomy":"product_tag","embeddable":true,"href":"https:\/\/www.sba.si\/index.php\/wp-json\/wp\/v2\/product_tag?post=8612"}],"curies":[{"name":"wp","href":"https:\/\/api.w.org\/{rel}","templated":true}]}}