{"id":8616,"date":"2025-02-26T14:01:26","date_gmt":"2025-02-26T13:01:26","guid":{"rendered":"https:\/\/www.sba.si\/?post_type=product&#038;p=8616"},"modified":"2026-04-02T15:32:23","modified_gmt":"2026-04-02T13:32:23","slug":"centralno-stojalo-cfmoto-450mt","status":"publish","type":"product","link":"https:\/\/www.sba.si\/index.php\/izdelek\/centralno-stojalo-cfmoto-450mt\/","title":{"rendered":"CENTRALNO STOJALO CFMOTO 450MT"},"content":{"rendered":"","protected":false},"excerpt":{"rendered":"<p data-start=\"0\" data-end=\"34\"><strong data-start=\"0\" data-end=\"34\">Centralno stojalo CFMOTO 450MT<\/strong><\/p>\n<p data-start=\"36\" data-end=\"314\">Centralno stojalo za motor CFMOTO 450MT je zasnovano iz visokotemperaturno odpornega jekla, kar zagotavlja izjemno trpe\u017enost in stabilnost. Namenjeno je enostavnemu parkiranju in vzdr\u017eevanju motocikla, saj omogo\u010da stabilno in varno postavitev vozila, tudi na neravnih povr\u0161inah.<\/p>\n<p data-start=\"316\" data-end=\"338\"><strong data-start=\"316\" data-end=\"338\">Lastnosti izdelka:<\/strong><\/p>\n<ul data-start=\"339\" data-end=\"556\">\n<li data-start=\"339\" data-end=\"409\">Izdelano iz visokotemperaturno odpornega jekla za ve\u010djo vzdr\u017eljivost<\/li>\n<li data-start=\"410\" data-end=\"440\">Enostavna monta\u017ea in uporaba<\/li>\n<li data-start=\"441\" data-end=\"523\">Stabilno in varno stojalo, ki omogo\u010da udobno parkiranje in vzdr\u017eevanje motocikla<\/li>\n<li data-start=\"524\" data-end=\"556\">Primeren za model CFMOTO 450MT<\/li>\n<\/ul>\n<p data-start=\"558\" data-end=\"596\"><strong data-start=\"558\" data-end=\"579\">\u0160tevilka izdelka:<\/strong> 6AQV-805000-6000<\/p>\n<p data-start=\"598\" data-end=\"694\" data-is-last-node=\"\" data-is-only-node=\"\">Poskrbite za varno in stabilno parkiranje va\u0161ega CFMOTO 450MT z originalnim centralnim stojalom.<\/p>\n","protected":false},"featured_media":8625,"template":"","meta":[],"product_cat":[132,135],"product_tag":[],"_links":{"self":[{"href":"https:\/\/www.sba.si\/index.php\/wp-json\/wp\/v2\/product\/8616"}],"collection":[{"href":"https:\/\/www.sba.si\/index.php\/wp-json\/wp\/v2\/product"}],"about":[{"href":"https:\/\/www.sba.si\/index.php\/wp-json\/wp\/v2\/types\/product"}],"version-history":[{"count":5,"href":"https:\/\/www.sba.si\/index.php\/wp-json\/wp\/v2\/product\/8616\/revisions"}],"predecessor-version":[{"id":8628,"href":"https:\/\/www.sba.si\/index.php\/wp-json\/wp\/v2\/product\/8616\/revisions\/8628"}],"wp:featuredmedia":[{"embeddable":true,"href":"https:\/\/www.sba.si\/index.php\/wp-json\/wp\/v2\/media\/8625"}],"wp:attachment":[{"href":"https:\/\/www.sba.si\/index.php\/wp-json\/wp\/v2\/media?parent=8616"}],"wp:term":[{"taxonomy":"product_cat","embeddable":true,"href":"https:\/\/www.sba.si\/index.php\/wp-json\/wp\/v2\/product_cat?post=8616"},{"taxonomy":"product_tag","embeddable":true,"href":"https:\/\/www.sba.si\/index.php\/wp-json\/wp\/v2\/product_tag?post=8616"}],"curies":[{"name":"wp","href":"https:\/\/api.w.org\/{rel}","templated":true}]}}