{"id":8619,"date":"2025-02-26T14:03:39","date_gmt":"2025-02-26T13:03:39","guid":{"rendered":"https:\/\/www.sba.si\/?post_type=product&#038;p=8619"},"modified":"2025-02-27T13:46:58","modified_gmt":"2025-02-27T12:46:58","slug":"alu-spodnja-zascita-podvozja-cfmoto-450mt","status":"publish","type":"product","link":"https:\/\/www.sba.si\/index.php\/izdelek\/alu-spodnja-zascita-podvozja-cfmoto-450mt\/","title":{"rendered":"ALU SPODNJA ZA\u0160\u010cITA PODVOZJA &#8211; CFMOTO 450MT"},"content":{"rendered":"<p data-start=\"372\" data-end=\"691\">Za\u0161\u010ditna plo\u0161\u010da je bila <strong data-start=\"396\" data-end=\"449\">razvita in preizku\u0161ena neposredno na CFMOTO 450MT<\/strong>, da nudi najbolj\u0161o mo\u017eno za\u0161\u010dito na asfaltu in zahtevnem terenu. Njena robustna zasnova pove\u010duje vzdr\u017eljivost in zanesljivost, medtem ko <strong data-start=\"587\" data-end=\"688\">natan\u010dno postavljene monta\u017ene luknje omogo\u010dajo enostavno in varno namestitev brez po\u0161kodb okvirja<\/strong>.<\/p>\n<h3 data-start=\"693\" data-end=\"753\"><strong data-start=\"697\" data-end=\"751\">Klju\u010dne prednosti za\u0161\u010ditne plo\u0161\u010de za CFMOTO 450MT:<\/strong><\/h3>\n<p data-start=\"754\" data-end=\"1141\">\u2705 <strong data-start=\"756\" data-end=\"799\">Trpe\u017ena magnezijevo-aluminijeva zlitina<\/strong> \u2013 lahka, a izjemno mo\u010dna konstrukcija<br data-start=\"837\" data-end=\"840\" \/>\u2705 <strong data-start=\"842\" data-end=\"876\">Robotsko varjena debelina 4 mm<\/strong> \u2013 visoka odpornost na udarce in obrabo<br data-start=\"915\" data-end=\"918\" \/>\u2705 <strong data-start=\"920\" data-end=\"959\">Posebej prilagojena za CFMOTO 450MT<\/strong> \u2013 popolno prileganje brez predelav<br data-start=\"994\" data-end=\"997\" \/>\u2705 <strong data-start=\"999\" data-end=\"1036\">Preizku\u0161ena za maksimalno za\u0161\u010dito<\/strong> \u2013 zasnovana za vo\u017enjo po vseh terenih<br data-start=\"1074\" data-end=\"1077\" \/>\u2705 <strong data-start=\"1079\" data-end=\"1107\">Natan\u010dne monta\u017ene luknje<\/strong> \u2013 enostavna in varna namestitev<\/p>\n<p data-start=\"1143\" data-end=\"1466\" data-is-last-node=\"\" data-is-only-node=\"\">Z za\u0161\u010ditno plo\u0161\u010do za <strong data-start=\"1164\" data-end=\"1180\">CFMOTO 450MT<\/strong> boste svojemu motorju zagotovili vrhunsko za\u0161\u010dito pred po\u0161kodbami, ki jih lahko povzro\u010dijo kamenje, udarci ali druge ovire na poti. Ne glede na to, ali vozite po asfaltu ali raziskujete brezpotja, bo ta za\u0161\u010ditna plo\u0161\u010da poskrbela za varnost in dolgotrajno vzdr\u017eljivost va\u0161ega motocikla.<\/p>\n","protected":false},"excerpt":{"rendered":"<p>6AQV-806100-6000-10<\/p>\n<p><strong data-start=\"0\" data-end=\"67\">Za\u0161\u010ditna plo\u0161\u010da za CFMOTO 450MT \u2013 vrhunska za\u0161\u010dita za va\u0161 motor<\/strong><\/p>\n<p data-start=\"71\" data-end=\"370\">Ta za\u0161\u010ditna plo\u0161\u010da je posebej zasnovana za <strong data-start=\"114\" data-end=\"130\">CFMOTO 450MT<\/strong>, da zagotovi optimalno za\u0161\u010dito motorja in drugih klju\u010dnih komponent. Izdelana je iz visokokakovostne magnezijevo-aluminijeve zlitine ter oja\u010dana z <strong data-start=\"278\" data-end=\"312\">robotskimi zvari debeline 4 mm<\/strong>, kar zagotavlja izjemno trdnost in odpornost na udarce.<\/p>\n","protected":false},"featured_media":8622,"template":"","meta":[],"product_cat":[132,135],"product_tag":[],"_links":{"self":[{"href":"https:\/\/www.sba.si\/index.php\/wp-json\/wp\/v2\/product\/8619"}],"collection":[{"href":"https:\/\/www.sba.si\/index.php\/wp-json\/wp\/v2\/product"}],"about":[{"href":"https:\/\/www.sba.si\/index.php\/wp-json\/wp\/v2\/types\/product"}],"version-history":[{"count":2,"href":"https:\/\/www.sba.si\/index.php\/wp-json\/wp\/v2\/product\/8619\/revisions"}],"predecessor-version":[{"id":8757,"href":"https:\/\/www.sba.si\/index.php\/wp-json\/wp\/v2\/product\/8619\/revisions\/8757"}],"wp:featuredmedia":[{"embeddable":true,"href":"https:\/\/www.sba.si\/index.php\/wp-json\/wp\/v2\/media\/8622"}],"wp:attachment":[{"href":"https:\/\/www.sba.si\/index.php\/wp-json\/wp\/v2\/media?parent=8619"}],"wp:term":[{"taxonomy":"product_cat","embeddable":true,"href":"https:\/\/www.sba.si\/index.php\/wp-json\/wp\/v2\/product_cat?post=8619"},{"taxonomy":"product_tag","embeddable":true,"href":"https:\/\/www.sba.si\/index.php\/wp-json\/wp\/v2\/product_tag?post=8619"}],"curies":[{"name":"wp","href":"https:\/\/api.w.org\/{rel}","templated":true}]}}