{"id":8629,"date":"2025-02-26T14:19:33","date_gmt":"2025-02-26T13:19:33","guid":{"rendered":"https:\/\/www.sba.si\/?post_type=product&#038;p=8629"},"modified":"2025-02-26T14:24:46","modified_gmt":"2025-02-26T13:24:46","slug":"povisan-sprednji-vizir-za-cfmoto-450mt-prozoren","status":"publish","type":"product","link":"https:\/\/www.sba.si\/index.php\/izdelek\/povisan-sprednji-vizir-za-cfmoto-450mt-prozoren\/","title":{"rendered":"POVI\u0160AN VIZIR ZA CFMOTO 450MT PROZOREN"},"content":{"rendered":"","protected":false},"excerpt":{"rendered":"<h4 data-start=\"0\" data-end=\"53\"><strong data-start=\"0\" data-end=\"53\">Povi\u0161an sprednji vizir za CFMOTO 450MT (prozoren)<\/strong><\/h4>\n<p data-start=\"55\" data-end=\"401\">Povi\u0161an sprednji vizir za CFMOTO 450MT je zasnovan za izbolj\u0161anje za\u0161\u010dite pred vetrom in neugodnimi vremenskimi vplivi med vo\u017enjo. Izdelan je iz visoko odpornega akrilnega materiala, ki zagotavlja izjemno trpe\u017enost in jasnost. Povi\u0161ani vizir pove\u010duje za\u0161\u010dito voznika, saj prepre\u010duje vdor vetra v obraz, kar omogo\u010da udobnej\u0161o in bolj varno vo\u017enjo.<\/p>\n<h5 data-start=\"403\" data-end=\"425\"><strong data-start=\"403\" data-end=\"425\">Lastnosti izdelka:<\/strong><\/h5>\n<ul data-start=\"426\" data-end=\"667\">\n<li data-start=\"426\" data-end=\"488\">Izdelan iz visokokakovostnega, odpornega akrilnega materiala<\/li>\n<li data-start=\"489\" data-end=\"545\">Povi\u0161ana vi\u0161ina (130 mm) za bolj\u0161o za\u0161\u010dito pred vetrom<\/li>\n<li data-start=\"546\" data-end=\"561\">\u0160irina: 54 mm<\/li>\n<li data-start=\"562\" data-end=\"625\">Prozoren vizir za jasno vidljivost in izbolj\u0161ano aerodinamiko<\/li>\n<li data-start=\"626\" data-end=\"667\">Enostavna monta\u017ea na model CFMOTO 450MT<\/li>\n<\/ul>\n<p>&nbsp;<\/p>\n<p data-start=\"669\" data-end=\"707\"><strong data-start=\"669\" data-end=\"690\">\u0160tevilka izdelka:<\/strong> 6AQV-804100-6000<\/p>\n<p data-start=\"709\" data-end=\"844\" data-is-last-node=\"\" data-is-only-node=\"\">Izbolj\u0161ajte svojo vo\u017enjo z originalnim povi\u0161anim sprednjim vizirjem za CFMOTO 450MT, ki vam zagotavlja ve\u010djo za\u0161\u010dito in udobje na poti.<\/p>\n","protected":false},"featured_media":8631,"template":"","meta":[],"product_cat":[132,135],"product_tag":[],"_links":{"self":[{"href":"https:\/\/www.sba.si\/index.php\/wp-json\/wp\/v2\/product\/8629"}],"collection":[{"href":"https:\/\/www.sba.si\/index.php\/wp-json\/wp\/v2\/product"}],"about":[{"href":"https:\/\/www.sba.si\/index.php\/wp-json\/wp\/v2\/types\/product"}],"version-history":[{"count":5,"href":"https:\/\/www.sba.si\/index.php\/wp-json\/wp\/v2\/product\/8629\/revisions"}],"predecessor-version":[{"id":8637,"href":"https:\/\/www.sba.si\/index.php\/wp-json\/wp\/v2\/product\/8629\/revisions\/8637"}],"wp:featuredmedia":[{"embeddable":true,"href":"https:\/\/www.sba.si\/index.php\/wp-json\/wp\/v2\/media\/8631"}],"wp:attachment":[{"href":"https:\/\/www.sba.si\/index.php\/wp-json\/wp\/v2\/media?parent=8629"}],"wp:term":[{"taxonomy":"product_cat","embeddable":true,"href":"https:\/\/www.sba.si\/index.php\/wp-json\/wp\/v2\/product_cat?post=8629"},{"taxonomy":"product_tag","embeddable":true,"href":"https:\/\/www.sba.si\/index.php\/wp-json\/wp\/v2\/product_tag?post=8629"}],"curies":[{"name":"wp","href":"https:\/\/api.w.org\/{rel}","templated":true}]}}