{"id":8635,"date":"2025-02-26T14:23:33","date_gmt":"2025-02-26T13:23:33","guid":{"rendered":"https:\/\/www.sba.si\/?post_type=product&#038;p=8635"},"modified":"2025-02-27T14:16:27","modified_gmt":"2025-02-27T13:16:27","slug":"nosilec-dodatne-opreme-cfmoto-800mt","status":"publish","type":"product","link":"https:\/\/www.sba.si\/index.php\/izdelek\/nosilec-dodatne-opreme-cfmoto-800mt\/","title":{"rendered":"NOSILEC DODATNE OPREME &#8211; CFMOTO 800MT"},"content":{"rendered":"<h3 data-start=\"754\" data-end=\"780\"><strong data-start=\"758\" data-end=\"780\">Klju\u010dne prednosti:<\/strong><\/h3>\n<p data-start=\"781\" data-end=\"1186\">\u2705 <strong data-start=\"783\" data-end=\"818\">Za\u0161\u010dita pred kamen\u010dki in udarci<\/strong> \u2013 varuje \u017earomete pred po\u0161kodbami na cesti<br data-start=\"861\" data-end=\"864\" \/>\u2705 <strong data-start=\"866\" data-end=\"899\">Izdelana iz nerjave\u010dega jekla<\/strong> \u2013 odpornost na korozijo in dolgotrajno delovanje<br data-start=\"948\" data-end=\"951\" \/>\u2705 <strong data-start=\"953\" data-end=\"974\">Enostavna monta\u017ea<\/strong> \u2013 hitro in preprosto namestite na va\u0161e vozilo<br data-start=\"1020\" data-end=\"1023\" \/>\u2705 <strong data-start=\"1025\" data-end=\"1058\">Diskreten in eleganten dizajn<\/strong> \u2013 ohranja estetski videz va\u0161ega motorja<br data-start=\"1098\" data-end=\"1101\" \/>\u2705 <strong data-start=\"1103\" data-end=\"1142\">Podalj\u0161a \u017eivljenjsko dobo \u017earometov<\/strong> \u2013 prepre\u010duje po\u0161kodbe in izbolj\u0161a varnost<\/p>\n<p data-start=\"1188\" data-end=\"1360\" data-is-last-node=\"\" data-is-only-node=\"\">Z <strong data-start=\"1190\" data-end=\"1213\">za\u0161\u010dito za \u017earomete<\/strong> boste svojemu vozilu zagotovili dodatno varnost in za\u0161\u010dito pred po\u0161kodbami, ne glede na to, ali vozite po asfaltu ali raziskujete zahtevne terene.<\/p>\n","protected":false},"excerpt":{"rendered":"<p>6WWV-808300-5000<\/p>\n<p><strong data-start=\"0\" data-end=\"66\">Za\u0161\u010dita za \u017earomete \u2013 za\u0161\u010dita pred kamen\u010dki in udarci na cesti<\/strong><\/p>\n<p data-start=\"70\" data-end=\"458\">Ta <strong data-start=\"73\" data-end=\"96\">za\u0161\u010dita za \u017earomete<\/strong> je zasnovana za u\u010dinkovito za\u0161\u010dito pred <strong data-start=\"137\" data-end=\"167\">kamen\u010dki in drugimi udarci<\/strong>, ki jih lahko povzro\u010di vo\u017enja po cesti ali terenu. Izdelana je iz <strong data-start=\"234\" data-end=\"255\">nerjave\u010dega jekla<\/strong>, kar zagotavlja izjemno trdnost, odpornost na korozijo in dolgo \u017eivljenjsko dobo. Za\u0161\u010dita je enostavna za namestitev in se popolnoma prilega va\u0161emu vozilu, kar omogo\u010da dodatno varnost va\u0161ih \u017earometov.<\/p>\n<p data-start=\"460\" data-end=\"752\">Njena robustna zasnova ne le, da \u0161\u010diti pred po\u0161kodbami, ampak tudi ohranja estetski videz va\u0161ega motorja, saj je diskretna in elegantna. Idealna je za voznike, ki \u017eelijo podalj\u0161ati \u017eivljenjsko dobo svojih \u017earometov in zagotoviti bolj\u0161o za\u0161\u010dito med vo\u017enjo po zahtevnih terenih ali cesti\u0161\u010dih.<\/p>\n","protected":false},"featured_media":8638,"template":"","meta":[],"product_cat":[132,135],"product_tag":[],"_links":{"self":[{"href":"https:\/\/www.sba.si\/index.php\/wp-json\/wp\/v2\/product\/8635"}],"collection":[{"href":"https:\/\/www.sba.si\/index.php\/wp-json\/wp\/v2\/product"}],"about":[{"href":"https:\/\/www.sba.si\/index.php\/wp-json\/wp\/v2\/types\/product"}],"version-history":[{"count":4,"href":"https:\/\/www.sba.si\/index.php\/wp-json\/wp\/v2\/product\/8635\/revisions"}],"predecessor-version":[{"id":8773,"href":"https:\/\/www.sba.si\/index.php\/wp-json\/wp\/v2\/product\/8635\/revisions\/8773"}],"wp:featuredmedia":[{"embeddable":true,"href":"https:\/\/www.sba.si\/index.php\/wp-json\/wp\/v2\/media\/8638"}],"wp:attachment":[{"href":"https:\/\/www.sba.si\/index.php\/wp-json\/wp\/v2\/media?parent=8635"}],"wp:term":[{"taxonomy":"product_cat","embeddable":true,"href":"https:\/\/www.sba.si\/index.php\/wp-json\/wp\/v2\/product_cat?post=8635"},{"taxonomy":"product_tag","embeddable":true,"href":"https:\/\/www.sba.si\/index.php\/wp-json\/wp\/v2\/product_tag?post=8635"}],"curies":[{"name":"wp","href":"https:\/\/api.w.org\/{rel}","templated":true}]}}