{"id":8640,"date":"2025-02-26T14:46:33","date_gmt":"2025-02-26T13:46:33","guid":{"rendered":"https:\/\/www.sba.si\/?post_type=product&#038;p=8640"},"modified":"2025-02-27T13:55:37","modified_gmt":"2025-02-27T12:55:37","slug":"povisan-ogrevan-sedez-30mm-cfmoto-800mt","status":"publish","type":"product","link":"https:\/\/www.sba.si\/index.php\/izdelek\/povisan-ogrevan-sedez-30mm-cfmoto-800mt\/","title":{"rendered":"POVI\u0160AN OGREVAN SEDE\u017d &#8211; 30MM &#8211; CFMOTO 800MT"},"content":{"rendered":"<h3 data-start=\"520\" data-end=\"546\"><strong data-start=\"524\" data-end=\"546\">Klju\u010dne prednosti:<\/strong><\/h3>\n<p data-start=\"547\" data-end=\"863\">\u2705 <strong data-start=\"549\" data-end=\"575\">Povi\u0161ana vi\u0161ina sede\u017ea<\/strong> \u2013 dodatnih 30 mm za bolj\u0161i nadzor in udobje<br data-start=\"619\" data-end=\"622\" \/>\u2705 <strong data-start=\"624\" data-end=\"644\">Ogrevanje sede\u017ea<\/strong> \u2013 zagotavlja toplino in udobje tudi v hladnej\u0161ih pogojih<br data-start=\"701\" data-end=\"704\" data-is-only-node=\"\" \/>\u2705 <strong data-start=\"706\" data-end=\"734\">Prilagojeno za MT serijo<\/strong> \u2013 popolno prileganje za vse modele<br data-start=\"769\" data-end=\"772\" \/>\u2705 <strong data-start=\"774\" data-end=\"809\">Visoka kakovost in vzdr\u017eljivost<\/strong> \u2013 zasnova, ki omogo\u010da dolgotrajno udobje in varnost<\/p>\n<p data-start=\"865\" data-end=\"1051\" data-is-last-node=\"\" data-is-only-node=\"\">Z <strong data-start=\"867\" data-end=\"902\">tem povi\u0161anim ogrevanim sede\u017eem<\/strong> boste u\u017eivali v ve\u010djem udobju, ne glede na vreme, in imeli bolj\u0161i nadzor nad motorjem, saj vam zagotavlja vi\u0161ji in bolj stabilen polo\u017eaj med vo\u017enjo.<\/p>\n","protected":false},"excerpt":{"rendered":"<p>6WWV-807200-5000<\/p>\n<p data-start=\"0\" data-end=\"78\"><strong data-start=\"0\" data-end=\"76\">Povi\u0161an ogrevan sede\u017e za MT serijo \u2013 izbolj\u0161ajte udobje in vi\u0161ino sede\u017ea<\/strong><\/p>\n<p data-start=\"80\" data-end=\"518\"><strong data-start=\"80\" data-end=\"105\">Povi\u0161an ogrevan sede\u017e<\/strong> je posebej zasnovan za modele <strong data-start=\"136\" data-end=\"149\">MT serije<\/strong>, da zagotovi <strong data-start=\"163\" data-end=\"195\">dodatnih 30 mm vi\u0161ine sede\u017ea<\/strong> in dodano <strong data-start=\"206\" data-end=\"219\">ogrevanje<\/strong>, ki zagotavlja udobje tudi v hladnej\u0161ih pogojih. Zasnovan je tako, da pove\u010da stabilnost in izbolj\u0161a nadzor nad motorjem, \u0161e posebej za voznike, ki i\u0161\u010dejo vi\u0161ji polo\u017eaj sedenja. Ogrevanje sede\u017ea pripomore k udobju med dolgimi vo\u017enjami, saj vas \u0161\u010diti pred mrazom in zagotavlja prijetno temperaturo.<\/p>\n","protected":false},"featured_media":8641,"template":"","meta":[],"product_cat":[132,135],"product_tag":[],"_links":{"self":[{"href":"https:\/\/www.sba.si\/index.php\/wp-json\/wp\/v2\/product\/8640"}],"collection":[{"href":"https:\/\/www.sba.si\/index.php\/wp-json\/wp\/v2\/product"}],"about":[{"href":"https:\/\/www.sba.si\/index.php\/wp-json\/wp\/v2\/types\/product"}],"version-history":[{"count":3,"href":"https:\/\/www.sba.si\/index.php\/wp-json\/wp\/v2\/product\/8640\/revisions"}],"predecessor-version":[{"id":8762,"href":"https:\/\/www.sba.si\/index.php\/wp-json\/wp\/v2\/product\/8640\/revisions\/8762"}],"wp:featuredmedia":[{"embeddable":true,"href":"https:\/\/www.sba.si\/index.php\/wp-json\/wp\/v2\/media\/8641"}],"wp:attachment":[{"href":"https:\/\/www.sba.si\/index.php\/wp-json\/wp\/v2\/media?parent=8640"}],"wp:term":[{"taxonomy":"product_cat","embeddable":true,"href":"https:\/\/www.sba.si\/index.php\/wp-json\/wp\/v2\/product_cat?post=8640"},{"taxonomy":"product_tag","embeddable":true,"href":"https:\/\/www.sba.si\/index.php\/wp-json\/wp\/v2\/product_tag?post=8640"}],"curies":[{"name":"wp","href":"https:\/\/api.w.org\/{rel}","templated":true}]}}