{"id":8652,"date":"2025-02-26T15:17:36","date_gmt":"2025-02-26T14:17:36","guid":{"rendered":"https:\/\/www.sba.si\/?post_type=product&#038;p=8652"},"modified":"2025-02-27T14:57:34","modified_gmt":"2025-02-27T13:57:34","slug":"zascita-dodatnih-luci-cfmoto-800mt","status":"publish","type":"product","link":"https:\/\/www.sba.si\/index.php\/izdelek\/zascita-dodatnih-luci-cfmoto-800mt\/","title":{"rendered":"ZA\u0160\u010cITA DODATNIH LU\u010cI &#8211; CFMOTO 800MT"},"content":{"rendered":"","protected":false},"excerpt":{"rendered":"<p>6WWV-808100-5000<\/p>\n","protected":false},"featured_media":8654,"template":"","meta":[],"product_cat":[132,135],"product_tag":[],"_links":{"self":[{"href":"https:\/\/www.sba.si\/index.php\/wp-json\/wp\/v2\/product\/8652"}],"collection":[{"href":"https:\/\/www.sba.si\/index.php\/wp-json\/wp\/v2\/product"}],"about":[{"href":"https:\/\/www.sba.si\/index.php\/wp-json\/wp\/v2\/types\/product"}],"version-history":[{"count":1,"href":"https:\/\/www.sba.si\/index.php\/wp-json\/wp\/v2\/product\/8652\/revisions"}],"predecessor-version":[{"id":8655,"href":"https:\/\/www.sba.si\/index.php\/wp-json\/wp\/v2\/product\/8652\/revisions\/8655"}],"wp:featuredmedia":[{"embeddable":true,"href":"https:\/\/www.sba.si\/index.php\/wp-json\/wp\/v2\/media\/8654"}],"wp:attachment":[{"href":"https:\/\/www.sba.si\/index.php\/wp-json\/wp\/v2\/media?parent=8652"}],"wp:term":[{"taxonomy":"product_cat","embeddable":true,"href":"https:\/\/www.sba.si\/index.php\/wp-json\/wp\/v2\/product_cat?post=8652"},{"taxonomy":"product_tag","embeddable":true,"href":"https:\/\/www.sba.si\/index.php\/wp-json\/wp\/v2\/product_tag?post=8652"}],"curies":[{"name":"wp","href":"https:\/\/api.w.org\/{rel}","templated":true}]}}