{"id":8660,"date":"2025-02-26T15:52:43","date_gmt":"2025-02-26T14:52:43","guid":{"rendered":"https:\/\/www.sba.si\/?post_type=product&#038;p=8660"},"modified":"2025-02-27T14:19:56","modified_gmt":"2025-02-27T13:19:56","slug":"zascita-posode-zadnje-zavorne-tekocine-cfmoto-800mt","status":"publish","type":"product","link":"https:\/\/www.sba.si\/index.php\/izdelek\/zascita-posode-zadnje-zavorne-tekocine-cfmoto-800mt\/","title":{"rendered":"ZA\u0160\u010cITA POSODE ZADNJE ZAVORNE TEKO\u010cINE &#8211; CFMOTO 800MT"},"content":{"rendered":"<p data-start=\"102\" data-end=\"450\"><strong data-start=\"102\" data-end=\"144\">Za\u0161\u010dita posode zadnje zavorne \u010deljusti<\/strong> za <strong data-start=\"148\" data-end=\"164\">CFMOTO 800MT<\/strong> je zasnovana za zagotavljanje dodatne za\u0161\u010dite va\u0161ih zavornih sistemov, \u0161e posebej pri vo\u017enji po zahtevnih terenih. Ta za\u0161\u010dita u\u010dinkovito prepre\u010duje po\u0161kodbe, ki jih lahko povzro\u010dijo kamen\u010dki, umazanija ali udarci med vo\u017enjo, ter zagotavlja brezskrbno delovanje zadnje zavorne \u010deljusti.<\/p>\n<p data-start=\"452\" data-end=\"753\">Izdelana iz <strong data-start=\"464\" data-end=\"487\">trpe\u017enih materialov<\/strong>, za\u0161\u010dita natan\u010dno prilega posodi zadnje zavorne \u010deljusti in omogo\u010da enostavno monta\u017eo, brez potrebe po dodatnih prilagoditvah. S tem pripomore k ve\u010dji varnosti va\u0161ega vozila, saj prepre\u010duje morebitne po\u0161kodbe, ki bi lahko vplivale na u\u010dinkovitost zavornega sistema.<\/p>\n<h3 data-start=\"755\" data-end=\"781\"><strong data-start=\"759\" data-end=\"781\">Klju\u010dne prednosti:<\/strong><\/h3>\n<p data-start=\"782\" data-end=\"1177\">\u2705 <strong data-start=\"784\" data-end=\"811\">Za\u0161\u010dita pred po\u0161kodbami<\/strong> \u2013 \u0161\u010diti zadnjo zavorno \u010deljust pred udarci in umazanijo<br data-start=\"867\" data-end=\"870\" \/>\u2705 <strong data-start=\"872\" data-end=\"901\">Visokokakovostna izdelava<\/strong> \u2013 trpe\u017eni materiali za dolgotrajno uporabo<br data-start=\"944\" data-end=\"947\" \/>\u2705 <strong data-start=\"949\" data-end=\"970\">Enostavna monta\u017ea<\/strong> \u2013 preprosta in hitra namestitev<br data-start=\"1002\" data-end=\"1005\" \/>\u2705 <strong data-start=\"1007\" data-end=\"1045\">Ohranja brezskrbno delovanje zavor<\/strong> \u2013 prepre\u010duje po\u0161kodbe in zagotavlja nemoteno delovanje<br data-start=\"1100\" data-end=\"1103\" \/>\u2705 <strong data-start=\"1105\" data-end=\"1136\">Prilagojena za CFMOTO 800MT<\/strong> \u2013 popolno prileganje in funkcionalnost<\/p>\n<p data-start=\"1179\" data-end=\"1366\" data-is-last-node=\"\" data-is-only-node=\"\">Z <strong data-start=\"1181\" data-end=\"1223\">za\u0161\u010dito posode zadnje zavorne \u010deljusti<\/strong> boste svojemu <strong data-start=\"1238\" data-end=\"1254\">CFMOTO 800MT<\/strong> zagotovili dodatno za\u0161\u010dito in vzdr\u017eljivost zavornega sistema, kar prispeva k ve\u010dji varnosti na cesti in terenu.<\/p>\n","protected":false},"excerpt":{"rendered":"<p>6WWV-802400-5000<\/p>\n<p>Za\u0161\u010dita posode zadnje zavorne \u010deljusti za CFMOTO 800MT \u2013 optimalna za\u0161\u010dita za zavorne komponente<\/p>\n","protected":false},"featured_media":8661,"template":"","meta":[],"product_cat":[132,135],"product_tag":[],"_links":{"self":[{"href":"https:\/\/www.sba.si\/index.php\/wp-json\/wp\/v2\/product\/8660"}],"collection":[{"href":"https:\/\/www.sba.si\/index.php\/wp-json\/wp\/v2\/product"}],"about":[{"href":"https:\/\/www.sba.si\/index.php\/wp-json\/wp\/v2\/types\/product"}],"version-history":[{"count":3,"href":"https:\/\/www.sba.si\/index.php\/wp-json\/wp\/v2\/product\/8660\/revisions"}],"predecessor-version":[{"id":8778,"href":"https:\/\/www.sba.si\/index.php\/wp-json\/wp\/v2\/product\/8660\/revisions\/8778"}],"wp:featuredmedia":[{"embeddable":true,"href":"https:\/\/www.sba.si\/index.php\/wp-json\/wp\/v2\/media\/8661"}],"wp:attachment":[{"href":"https:\/\/www.sba.si\/index.php\/wp-json\/wp\/v2\/media?parent=8660"}],"wp:term":[{"taxonomy":"product_cat","embeddable":true,"href":"https:\/\/www.sba.si\/index.php\/wp-json\/wp\/v2\/product_cat?post=8660"},{"taxonomy":"product_tag","embeddable":true,"href":"https:\/\/www.sba.si\/index.php\/wp-json\/wp\/v2\/product_tag?post=8660"}],"curies":[{"name":"wp","href":"https:\/\/api.w.org\/{rel}","templated":true}]}}