{"id":8665,"date":"2025-02-26T16:10:42","date_gmt":"2025-02-26T15:10:42","guid":{"rendered":"https:\/\/www.sba.si\/?post_type=product&#038;p=8665"},"modified":"2025-03-03T16:40:29","modified_gmt":"2025-03-03T15:40:29","slug":"povisan-sedez-cfmoto-700cl-x","status":"publish","type":"product","link":"https:\/\/www.sba.si\/index.php\/izdelek\/povisan-sedez-cfmoto-700cl-x\/","title":{"rendered":"POVI\u0160AN SEDE\u017d CFMOTO 700CL-X"},"content":{"rendered":"","protected":false},"excerpt":{"rendered":"<p data-start=\"0\" data-end=\"41\"><strong data-start=\"0\" data-end=\"41\">Povi\u0161an sede\u017e za motor CFMOTO 700CL-X<\/strong><\/p>\n<p data-start=\"79\" data-end=\"383\">Izbolj\u0161ajte udobje in nadzor na va\u0161em motorju CFMOTO 700CL-X z na\u0161im povi\u0161anim sede\u017eem, posebej zasnovanim za to vrhunsko motorno kolo. Ta sede\u017e je odli\u010dna izbira za voznike, ki i\u0161\u010dejo bolj\u0161o ergonomijo in vi\u0161jo pozicijo sedenja, kar omogo\u010da bolj\u0161i pregled nad cesto in ve\u010dji ob\u010dutek varnosti med vo\u017enjo.<\/p>\n<p data-start=\"385\" data-end=\"407\"><strong data-start=\"385\" data-end=\"407\">Klju\u010dne lastnosti:<\/strong><\/p>\n<ul data-start=\"408\" data-end=\"898\">\n<li data-start=\"408\" data-end=\"543\"><strong data-start=\"410\" data-end=\"437\">Povi\u0161ana vi\u0161ina sede\u017ea:<\/strong> Pove\u010dajte svojo pozicijo na motorju, kar omogo\u010da bolj\u0161i nadzor in udobje, \u0161e posebej pri dalj\u0161ih vo\u017enjah.<\/li>\n<li data-start=\"544\" data-end=\"664\"><strong data-start=\"546\" data-end=\"571\">Kakovostni materiali:<\/strong> Izdelan iz visokokakovostnih materialov, ki zagotavljajo dolgotrajno vzdr\u017eljivost in udobje.<\/li>\n<li data-start=\"665\" data-end=\"768\"><strong data-start=\"667\" data-end=\"689\">Enostavna monta\u017ea:<\/strong> Sede\u017e je enostaven za monta\u017eo in popolnoma zdru\u017eljiv s CFMOTO 700CL-X modelom.<\/li>\n<li data-start=\"769\" data-end=\"898\"><strong data-start=\"771\" data-end=\"794\">Ergonomska zasnova:<\/strong> Nudimo sede\u017e, ki je posebej oblikovan za udobno in stabilno sedenje, kar zmanj\u0161a utrujenost med vo\u017enjo.<\/li>\n<\/ul>\n<p>&nbsp;<\/p>\n<p><strong data-start=\"43\" data-end=\"60\">Koda izdelka:<\/strong> 6GUV-807200-6000<\/p>\n<p data-start=\"900\" data-end=\"1023\" data-is-last-node=\"\" data-is-only-node=\"\">Povi\u0161ajte svoj motorni u\u017eitek in pove\u010dajte udobje vo\u017enje z visokokakovostnim sede\u017eem, ki je zasnovan za va\u0161 CFMOTO 700CL-X.<\/p>\n","protected":false},"featured_media":8666,"template":"","meta":[],"product_cat":[132,134],"product_tag":[],"_links":{"self":[{"href":"https:\/\/www.sba.si\/index.php\/wp-json\/wp\/v2\/product\/8665"}],"collection":[{"href":"https:\/\/www.sba.si\/index.php\/wp-json\/wp\/v2\/product"}],"about":[{"href":"https:\/\/www.sba.si\/index.php\/wp-json\/wp\/v2\/types\/product"}],"version-history":[{"count":1,"href":"https:\/\/www.sba.si\/index.php\/wp-json\/wp\/v2\/product\/8665\/revisions"}],"predecessor-version":[{"id":8668,"href":"https:\/\/www.sba.si\/index.php\/wp-json\/wp\/v2\/product\/8665\/revisions\/8668"}],"wp:featuredmedia":[{"embeddable":true,"href":"https:\/\/www.sba.si\/index.php\/wp-json\/wp\/v2\/media\/8666"}],"wp:attachment":[{"href":"https:\/\/www.sba.si\/index.php\/wp-json\/wp\/v2\/media?parent=8665"}],"wp:term":[{"taxonomy":"product_cat","embeddable":true,"href":"https:\/\/www.sba.si\/index.php\/wp-json\/wp\/v2\/product_cat?post=8665"},{"taxonomy":"product_tag","embeddable":true,"href":"https:\/\/www.sba.si\/index.php\/wp-json\/wp\/v2\/product_tag?post=8665"}],"curies":[{"name":"wp","href":"https:\/\/api.w.org\/{rel}","templated":true}]}}