{"id":8733,"date":"2025-02-27T11:05:01","date_gmt":"2025-02-27T10:05:01","guid":{"rendered":"https:\/\/www.sba.si\/?post_type=product&#038;p=8733"},"modified":"2025-03-01T11:53:52","modified_gmt":"2025-03-01T10:53:52","slug":"zascita-hladilnika-cfmoto-300nk","status":"publish","type":"product","link":"https:\/\/www.sba.si\/index.php\/izdelek\/zascita-hladilnika-cfmoto-300nk\/","title":{"rendered":"ZA\u0160\u010cITA HLADILNIKA CFMOTO 300NK"},"content":{"rendered":"","protected":false},"excerpt":{"rendered":"<p data-start=\"0\" data-end=\"38\"><strong data-start=\"0\" data-end=\"38\">Za\u0161\u010dita hladilnika za CFMOTO 300NK<\/strong><\/p>\n<p data-start=\"40\" data-end=\"74\"><strong data-start=\"40\" data-end=\"57\">Koda izdelka:<\/strong> 6KMV-801100-B000<\/p>\n<p data-start=\"76\" data-end=\"314\">Za\u0161\u010ditite hladilnik va\u0161ega CFMOTO 300NK pred po\u0161kodbami z visokokakovostno za\u0161\u010dito, zasnovano za obvladovanje razli\u010dnih terenov. Ta za\u0161\u010dita prepre\u010duje po\u0161kodbe zaradi peska, kamen\u010dkov in drugih nevarnosti, ki se lahko pojavijo med vo\u017enjo.<\/p>\n<p data-start=\"316\" data-end=\"334\"><strong data-start=\"316\" data-end=\"334\">Specifikacije:<\/strong><\/p>\n<p data-start=\"336\" data-end=\"350\"><strong data-start=\"336\" data-end=\"350\">Lastnosti:<\/strong><\/p>\n<ul data-start=\"351\" data-end=\"718\">\n<li data-start=\"351\" data-end=\"479\"><strong data-start=\"353\" data-end=\"381\">Za\u0161\u010dita pred po\u0161kodbami:<\/strong> \u0160\u010diti hladilnik pred po\u0161kodbami, ki jih povzro\u010dijo pesek, kamen\u010dki in druge ne\u010disto\u010de med vo\u017enjo.<\/li>\n<li data-start=\"480\" data-end=\"626\"><strong data-start=\"482\" data-end=\"504\">Lahka PC material:<\/strong> Izdelano iz lahkega, a trpe\u017enega PC materiala, ki zagotavlja visoko stopnjo za\u0161\u010dite brez pove\u010danja te\u017ee motornega kolesa.<\/li>\n<li data-start=\"627\" data-end=\"715\"><strong data-start=\"629\" data-end=\"654\">Enostavna namestitev:<\/strong> Preprosta monta\u017ea, brez potrebe po zapletenih prilagoditvah.<\/li>\n<\/ul>\n<p data-start=\"719\" data-end=\"868\" data-is-last-node=\"\" data-is-only-node=\"\">Z za\u0161\u010dito hladilnika za CFMOTO 300NK boste podalj\u0161ali \u017eivljenjsko dobo motorja in zagotovili njegovo brezskrbno delovanje na razli\u010dnih vrstah terena.<\/p>\n","protected":false},"featured_media":8736,"template":"","meta":[],"product_cat":[132,133],"product_tag":[],"_links":{"self":[{"href":"https:\/\/www.sba.si\/index.php\/wp-json\/wp\/v2\/product\/8733"}],"collection":[{"href":"https:\/\/www.sba.si\/index.php\/wp-json\/wp\/v2\/product"}],"about":[{"href":"https:\/\/www.sba.si\/index.php\/wp-json\/wp\/v2\/types\/product"}],"version-history":[{"count":1,"href":"https:\/\/www.sba.si\/index.php\/wp-json\/wp\/v2\/product\/8733\/revisions"}],"predecessor-version":[{"id":8734,"href":"https:\/\/www.sba.si\/index.php\/wp-json\/wp\/v2\/product\/8733\/revisions\/8734"}],"wp:featuredmedia":[{"embeddable":true,"href":"https:\/\/www.sba.si\/index.php\/wp-json\/wp\/v2\/media\/8736"}],"wp:attachment":[{"href":"https:\/\/www.sba.si\/index.php\/wp-json\/wp\/v2\/media?parent=8733"}],"wp:term":[{"taxonomy":"product_cat","embeddable":true,"href":"https:\/\/www.sba.si\/index.php\/wp-json\/wp\/v2\/product_cat?post=8733"},{"taxonomy":"product_tag","embeddable":true,"href":"https:\/\/www.sba.si\/index.php\/wp-json\/wp\/v2\/product_tag?post=8733"}],"curies":[{"name":"wp","href":"https:\/\/api.w.org\/{rel}","templated":true}]}}