{"id":8737,"date":"2025-02-27T11:15:34","date_gmt":"2025-02-27T10:15:34","guid":{"rendered":"https:\/\/www.sba.si\/?post_type=product&#038;p=8737"},"modified":"2025-03-01T11:53:26","modified_gmt":"2025-03-01T10:53:26","slug":"naslon-sopotnika-cfmoto-450cl-c","status":"publish","type":"product","link":"https:\/\/www.sba.si\/index.php\/izdelek\/naslon-sopotnika-cfmoto-450cl-c\/","title":{"rendered":"NASLON SOPOTNIKA CFMOTO 450CL-C"},"content":{"rendered":"","protected":false},"excerpt":{"rendered":"<p data-start=\"0\" data-end=\"38\"><strong data-start=\"0\" data-end=\"38\">Naslon sopotnika za CFMOTO 450CL-C<\/strong><\/p>\n<p data-start=\"40\" data-end=\"74\"><strong data-start=\"40\" data-end=\"57\">Koda izdelka:<\/strong> 6AQV-801600-7100<\/p>\n<p data-start=\"76\" data-end=\"367\">Izbolj\u0161ajte udobje sopotnika in estetiko svojega CFMOTO 450CL-C z naslonom, ki je zasnovan za brezskrbno in udobno vo\u017enjo. Ta naslon je enostaven za namestitev, brez potrebe po spreminjanju strukture motornega kolesa, in je zasnovan za popolno usklajenost z obstoje\u010do estetiko va\u0161ega vozila.<\/p>\n<p data-start=\"369\" data-end=\"387\"><strong data-start=\"369\" data-end=\"387\">Specifikacije:<\/strong><\/p>\n<p data-start=\"389\" data-end=\"403\"><strong data-start=\"389\" data-end=\"403\">Prednosti:<\/strong><\/p>\n<ul data-start=\"404\" data-end=\"1006\">\n<li data-start=\"404\" data-end=\"540\"><strong data-start=\"406\" data-end=\"438\">Izbolj\u0161ano udobje sopotnika:<\/strong> Naslon zagotavlja dodatno podporo in udobje za sopotnika med vo\u017enjo, \u0161e posebej na dalj\u0161ih razdaljah.<\/li>\n<li data-start=\"541\" data-end=\"689\"><strong data-start=\"543\" data-end=\"572\">Brez po\u0161kodb pri monta\u017ei:<\/strong> Enostavna in hitra monta\u017ea, ki ne zahteva sprememb na strukturi motorja, omogo\u010da brezskrbno namestitev brez po\u0161kodb.<\/li>\n<li data-start=\"690\" data-end=\"829\"><strong data-start=\"692\" data-end=\"712\">Usnjen material:<\/strong> Nosilni del naslona je izdelan iz usnja, ki se popolnoma ujema s stilom vozila, kar daje moderen in eleganten videz.<\/li>\n<li data-start=\"830\" data-end=\"1006\"><strong data-start=\"832\" data-end=\"857\">Estetska usklajenost:<\/strong> Naslon je zasnovan tako, da se estetsko uskladi z obliko in barvno paleto va\u0161ega CFMOTO 450CL-C, brez ob\u010dutka nepotrebnih sprememb ali prilagoditev.<\/li>\n<\/ul>\n<p data-start=\"1008\" data-end=\"1139\" data-is-last-node=\"\" data-is-only-node=\"\">Pove\u010dajte udobje in privla\u010dnost va\u0161ega CFMOTO 450CL-C z naslonom sopotnika, ki zdru\u017euje funkcionalnost, udobje in eleganten dizajn.<\/p>\n","protected":false},"featured_media":8739,"template":"","meta":[],"product_cat":[132,134],"product_tag":[],"_links":{"self":[{"href":"https:\/\/www.sba.si\/index.php\/wp-json\/wp\/v2\/product\/8737"}],"collection":[{"href":"https:\/\/www.sba.si\/index.php\/wp-json\/wp\/v2\/product"}],"about":[{"href":"https:\/\/www.sba.si\/index.php\/wp-json\/wp\/v2\/types\/product"}],"version-history":[{"count":1,"href":"https:\/\/www.sba.si\/index.php\/wp-json\/wp\/v2\/product\/8737\/revisions"}],"predecessor-version":[{"id":8740,"href":"https:\/\/www.sba.si\/index.php\/wp-json\/wp\/v2\/product\/8737\/revisions\/8740"}],"wp:featuredmedia":[{"embeddable":true,"href":"https:\/\/www.sba.si\/index.php\/wp-json\/wp\/v2\/media\/8739"}],"wp:attachment":[{"href":"https:\/\/www.sba.si\/index.php\/wp-json\/wp\/v2\/media?parent=8737"}],"wp:term":[{"taxonomy":"product_cat","embeddable":true,"href":"https:\/\/www.sba.si\/index.php\/wp-json\/wp\/v2\/product_cat?post=8737"},{"taxonomy":"product_tag","embeddable":true,"href":"https:\/\/www.sba.si\/index.php\/wp-json\/wp\/v2\/product_tag?post=8737"}],"curies":[{"name":"wp","href":"https:\/\/api.w.org\/{rel}","templated":true}]}}