{"id":878,"date":"2022-01-10T17:19:05","date_gmt":"2022-01-10T17:19:05","guid":{"rendered":"https:\/\/www.sba.si\/prenova\/?post_type=product&#038;p=878"},"modified":"2023-05-22T08:04:23","modified_gmt":"2023-05-22T08:04:23","slug":"atv-kovcek-8050","status":"publish","type":"product","link":"https:\/\/www.sba.si\/index.php\/izdelek\/atv-kovcek-8050\/","title":{"rendered":"ATV KOV\u010cEK 8050"},"content":{"rendered":"","protected":false},"excerpt":{"rendered":"<p>Opis: SIKKIA 8050 je eden izmed najbolj priljubljenih ATV BOX-jev na svetu. Ta ATV BOX je nekoliko kon\u010dana razli\u010dica originalnega ATV BOX BRP-G1. Zaradi svoje uspe\u0161ne zasnove bo ATV Box okras na vsakem ATV-ju. Uspe\u0161na oblika je ena od najbolj vzdr\u017eljivih ATV BOX v svojem razredu. ATV BOX sikkia 8050 je dobra re\u0161itev za daljnose\u017ene ekspedicije, pa tudi za izkori\u0161\u010danje neprekinjenih dru\u017einskih po\u010ditnic. Gumijasti tesnilni profil D naredi ATV BOX bolj hermeti\u010den.<\/p>\n<p>&#8211; Izdelana je iz prvovrstne plastike visoke gostote.<br \/>\n&#8211; Gumijasto tesnilo na zgornjem pokrovu \u0161\u010diti pred mokroto ATV BOX-a.<br \/>\n&#8211; klju\u010davnica.<br \/>\n&#8211; Univerzalni nastavitveni komplet U-obrazca za enostavno name\u0161\u010denje<\/p>\n<p>LWH: 588 x 1008 x 382 mm<br \/>\nTe\u017ea: 7,95 kg<br \/>\nProstornina: 75 litrov..<\/p>\n<p>&nbsp;<\/p>\n","protected":false},"featured_media":997,"template":"","meta":[],"product_cat":[54,57,58],"product_tag":[],"_links":{"self":[{"href":"https:\/\/www.sba.si\/index.php\/wp-json\/wp\/v2\/product\/878"}],"collection":[{"href":"https:\/\/www.sba.si\/index.php\/wp-json\/wp\/v2\/product"}],"about":[{"href":"https:\/\/www.sba.si\/index.php\/wp-json\/wp\/v2\/types\/product"}],"version-history":[{"count":1,"href":"https:\/\/www.sba.si\/index.php\/wp-json\/wp\/v2\/product\/878\/revisions"}],"predecessor-version":[{"id":2916,"href":"https:\/\/www.sba.si\/index.php\/wp-json\/wp\/v2\/product\/878\/revisions\/2916"}],"wp:featuredmedia":[{"embeddable":true,"href":"https:\/\/www.sba.si\/index.php\/wp-json\/wp\/v2\/media\/997"}],"wp:attachment":[{"href":"https:\/\/www.sba.si\/index.php\/wp-json\/wp\/v2\/media?parent=878"}],"wp:term":[{"taxonomy":"product_cat","embeddable":true,"href":"https:\/\/www.sba.si\/index.php\/wp-json\/wp\/v2\/product_cat?post=878"},{"taxonomy":"product_tag","embeddable":true,"href":"https:\/\/www.sba.si\/index.php\/wp-json\/wp\/v2\/product_tag?post=878"}],"curies":[{"name":"wp","href":"https:\/\/api.w.org\/{rel}","templated":true}]}}