{"id":8793,"date":"2025-02-27T15:49:52","date_gmt":"2025-02-27T14:49:52","guid":{"rendered":"https:\/\/www.sba.si\/?post_type=product&#038;p=8793"},"modified":"2025-03-01T11:52:51","modified_gmt":"2025-03-01T10:52:51","slug":"nizji-sedez-cfmoto-675sr-r","status":"publish","type":"product","link":"https:\/\/www.sba.si\/index.php\/izdelek\/nizji-sedez-cfmoto-675sr-r\/","title":{"rendered":"NI\u017dJI SEDE\u017d CFMOTO 675SR-R"},"content":{"rendered":"","protected":false},"excerpt":{"rendered":"<p data-start=\"0\" data-end=\"33\"><strong data-start=\"0\" data-end=\"33\">Ni\u017eji sede\u017e za CFMOTO 675SR-R<\/strong><\/p>\n<p data-start=\"35\" data-end=\"69\"><strong data-start=\"35\" data-end=\"52\">Koda artikla:<\/strong> 6GUV-806200-5600<\/p>\n<p data-start=\"71\" data-end=\"365\">Izbolj\u0161ajte udobje in nadzor nad va\u0161im CFMOTO 675SR-R z ni\u017ejim sede\u017eem, ki optimizira razmerje med voznikom in motorjem ter zagotavlja ve\u010djo stabilnost. Ta sede\u017e je posebej zasnovan za tiste, ki si \u017eelijo ni\u017ejega polo\u017eaja sedenja, kar omogo\u010da la\u017eji stik z zemljo in ve\u010djo samozavest pri vo\u017enji.<\/p>\n<p data-start=\"367\" data-end=\"385\"><strong data-start=\"367\" data-end=\"385\">Specifikacije:<\/strong><\/p>\n<p data-start=\"387\" data-end=\"401\"><strong data-start=\"387\" data-end=\"401\">Lastnosti:<\/strong><\/p>\n<ul data-start=\"402\" data-end=\"991\">\n<li data-start=\"402\" data-end=\"558\"><strong data-start=\"404\" data-end=\"445\">Optimizacija trikotnika voznik-motor:<\/strong> Ni\u017eji sede\u017e izbolj\u0161a razmerje med vozniki razli\u010dnih vi\u0161in, kar omogo\u010da bolj\u0161o ergonomijo in nadzor nad motorjem.<\/li>\n<li data-start=\"559\" data-end=\"711\"><strong data-start=\"561\" data-end=\"588\">Udoben usnjen material:<\/strong> Sede\u017e je izdelan iz kakovostnega usnja, ki pove\u010duje udobje pri vo\u017enji, hkrati pa nudi ve\u010djo podporo med dalj\u0161imi vo\u017enjami.<\/li>\n<li data-start=\"712\" data-end=\"863\"><strong data-start=\"714\" data-end=\"738\">Ve\u010dji stik s tlemi:<\/strong> Za nekatere motoriste je ni\u017eji sede\u017e idealen, saj omogo\u010da la\u017eji stik s tlemi, kar pove\u010duje ob\u010dutek varnosti in stabilnosti.<\/li>\n<li data-start=\"864\" data-end=\"991\"><strong data-start=\"866\" data-end=\"895\">Zni\u017eanje sede\u017ea 15 mm:<\/strong> Sede\u017e je zni\u017ean za 15 mm, kar pomeni skupno vi\u0161ino sede\u017ea 795 mm, primeren za razli\u010dne voznike.<\/li>\n<\/ul>\n<p data-start=\"993\" data-end=\"1161\" data-is-last-node=\"\" data-is-only-node=\"\">Pove\u010dajte udobje in nadzor z ni\u017ejim sede\u017eem za CFMOTO 675SR-R, ki je zasnovan za optimizacijo va\u0161ega polo\u017eaja na motorju in izbolj\u0161anje vo\u017enje, ne glede na va\u0161o vi\u0161ino.<\/p>\n","protected":false},"featured_media":8794,"template":"","meta":[],"product_cat":[132,136],"product_tag":[],"_links":{"self":[{"href":"https:\/\/www.sba.si\/index.php\/wp-json\/wp\/v2\/product\/8793"}],"collection":[{"href":"https:\/\/www.sba.si\/index.php\/wp-json\/wp\/v2\/product"}],"about":[{"href":"https:\/\/www.sba.si\/index.php\/wp-json\/wp\/v2\/types\/product"}],"version-history":[{"count":2,"href":"https:\/\/www.sba.si\/index.php\/wp-json\/wp\/v2\/product\/8793\/revisions"}],"predecessor-version":[{"id":8796,"href":"https:\/\/www.sba.si\/index.php\/wp-json\/wp\/v2\/product\/8793\/revisions\/8796"}],"wp:featuredmedia":[{"embeddable":true,"href":"https:\/\/www.sba.si\/index.php\/wp-json\/wp\/v2\/media\/8794"}],"wp:attachment":[{"href":"https:\/\/www.sba.si\/index.php\/wp-json\/wp\/v2\/media?parent=8793"}],"wp:term":[{"taxonomy":"product_cat","embeddable":true,"href":"https:\/\/www.sba.si\/index.php\/wp-json\/wp\/v2\/product_cat?post=8793"},{"taxonomy":"product_tag","embeddable":true,"href":"https:\/\/www.sba.si\/index.php\/wp-json\/wp\/v2\/product_tag?post=8793"}],"curies":[{"name":"wp","href":"https:\/\/api.w.org\/{rel}","templated":true}]}}