{"id":8797,"date":"2025-02-27T15:56:27","date_gmt":"2025-02-27T14:56:27","guid":{"rendered":"https:\/\/www.sba.si\/?post_type=product&#038;p=8797"},"modified":"2025-03-03T09:06:47","modified_gmt":"2025-03-03T08:06:47","slug":"zascita-prednje-osi-cfmoto-675sr-r","status":"publish","type":"product","link":"https:\/\/www.sba.si\/index.php\/izdelek\/zascita-prednje-osi-cfmoto-675sr-r\/","title":{"rendered":"ZA\u0160\u010cITA PREDNJE OSI CFMOTO 675SR-R"},"content":{"rendered":"","protected":false},"excerpt":{"rendered":"<p data-start=\"0\" data-end=\"41\"><strong data-start=\"0\" data-end=\"41\">Za\u0161\u010dita prednje osi za CFMOTO 675SR-R<\/strong><\/p>\n<p data-start=\"0\" data-end=\"41\"><strong>\u0160TEVILKA ARTIKLA: 6GUV-802700-5601<\/strong><\/p>\n<p data-start=\"43\" data-end=\"61\"><strong data-start=\"43\" data-end=\"61\">Specifikacije:<\/strong><\/p>\n<p data-start=\"63\" data-end=\"77\"><strong data-start=\"63\" data-end=\"77\">Lastnosti:<\/strong><\/p>\n<ul data-start=\"78\" data-end=\"771\">\n<li data-start=\"78\" data-end=\"195\"><strong data-start=\"80\" data-end=\"102\">Enostavna monta\u017ea:<\/strong> Za\u0161\u010dita je zasnovana za hitro in enostavno namestitev, brez potrebe po zapletenih postopkih.<\/li>\n<li data-start=\"196\" data-end=\"349\"><strong data-start=\"198\" data-end=\"214\">Racing slog:<\/strong> Dodajte \u0161porten in dinami\u010den videz va\u0161emu CFMOTO 675SR-R z za\u0161\u010dito, ki izbolj\u0161a estetski videz motorja in pove\u010duje njegov racing slog.<\/li>\n<li data-start=\"350\" data-end=\"494\"><strong data-start=\"352\" data-end=\"376\">Za\u0161\u010dita prednje osi:<\/strong> Prednji osni drsnik \u0161\u010diti prednje bla\u017eilce in zavorni \u010deljusti v primeru padca, s \u010dimer zmanj\u0161a tveganje za po\u0161kodbe.<\/li>\n<li data-start=\"495\" data-end=\"630\"><strong data-start=\"497\" data-end=\"520\">Za\u0161\u010dita zadnje osi:<\/strong> Zadnji osni drsnik nudi za\u0161\u010dito za zadnji krmilni \u010dlen in zobnik, kar pove\u010duje odpornost motorja na po\u0161kodbe.<\/li>\n<li data-start=\"631\" data-end=\"771\"><strong data-start=\"633\" data-end=\"655\">Dvosmerna za\u0161\u010dita:<\/strong> Tako spredaj kot zadaj je za\u0161\u010dita zasnovana z dvosmerno za\u0161\u010dito, kar zagotavlja celovito za\u0161\u010dito celotnega motorja.<\/li>\n<\/ul>\n<p data-start=\"773\" data-end=\"947\" data-is-last-node=\"\" data-is-only-node=\"\">Za\u0161\u010ditite klju\u010dne komponente svojega CFMOTO 675SR-R pred po\u0161kodbami in dodajte agresiven racing videz z za\u0161\u010dito prednje osi, ki nudi popolno za\u0161\u010dito v primeru padca ali trka.<\/p>\n","protected":false},"featured_media":8798,"template":"","meta":[],"product_cat":[132,136],"product_tag":[],"_links":{"self":[{"href":"https:\/\/www.sba.si\/index.php\/wp-json\/wp\/v2\/product\/8797"}],"collection":[{"href":"https:\/\/www.sba.si\/index.php\/wp-json\/wp\/v2\/product"}],"about":[{"href":"https:\/\/www.sba.si\/index.php\/wp-json\/wp\/v2\/types\/product"}],"version-history":[{"count":2,"href":"https:\/\/www.sba.si\/index.php\/wp-json\/wp\/v2\/product\/8797\/revisions"}],"predecessor-version":[{"id":8814,"href":"https:\/\/www.sba.si\/index.php\/wp-json\/wp\/v2\/product\/8797\/revisions\/8814"}],"wp:featuredmedia":[{"embeddable":true,"href":"https:\/\/www.sba.si\/index.php\/wp-json\/wp\/v2\/media\/8798"}],"wp:attachment":[{"href":"https:\/\/www.sba.si\/index.php\/wp-json\/wp\/v2\/media?parent=8797"}],"wp:term":[{"taxonomy":"product_cat","embeddable":true,"href":"https:\/\/www.sba.si\/index.php\/wp-json\/wp\/v2\/product_cat?post=8797"},{"taxonomy":"product_tag","embeddable":true,"href":"https:\/\/www.sba.si\/index.php\/wp-json\/wp\/v2\/product_tag?post=8797"}],"curies":[{"name":"wp","href":"https:\/\/api.w.org\/{rel}","templated":true}]}}