{"id":8803,"date":"2025-02-27T16:17:55","date_gmt":"2025-02-27T15:17:55","guid":{"rendered":"https:\/\/www.sba.si\/?post_type=product&#038;p=8803"},"modified":"2025-03-01T11:52:18","modified_gmt":"2025-03-01T10:52:18","slug":"nosilec-tablice-cfmoto-450sr-450nk","status":"publish","type":"product","link":"https:\/\/www.sba.si\/index.php\/izdelek\/nosilec-tablice-cfmoto-450sr-450nk\/","title":{"rendered":"NOSILEC TABLICE CFMOTO 450SR\/450NK"},"content":{"rendered":"","protected":false},"excerpt":{"rendered":"<p data-start=\"0\" data-end=\"41\"><strong data-start=\"0\" data-end=\"41\">Nosilec tablice za CFMOTO 450SR\/450NK<\/strong><\/p>\n<p data-start=\"0\" data-end=\"41\"><strong>Koda Artikla:<\/strong> 6AQV-802700-1000<\/p>\n<p data-start=\"43\" data-end=\"57\"><strong data-start=\"43\" data-end=\"57\">Lastnosti:<\/strong><\/p>\n<ul data-start=\"58\" data-end=\"690\">\n<li data-start=\"58\" data-end=\"188\"><strong data-start=\"60\" data-end=\"101\">Zdru\u017eljivost z modeli 450SR in 450NK:<\/strong> Nosilec tablice je zasnovan tako, da popolnoma ustreza modeloma CFMOTO 450SR in 450NK.<\/li>\n<li data-start=\"189\" data-end=\"329\"><strong data-start=\"191\" data-end=\"219\">Brez potrebe po vrtanju:<\/strong> Nosilec se enostavno namesti brez potrebe po dodatnem vrtanju lukenj, kar omogo\u010da hitro in preprosto monta\u017eo.<\/li>\n<li data-start=\"330\" data-end=\"448\"><strong data-start=\"332\" data-end=\"356\">Kakovosten aluminij:<\/strong> Izdelan iz aluminijaste zlitine, kar zagotavlja trdnost, lahkost in dolgo \u017eivljenjsko dobo.<\/li>\n<li data-start=\"449\" data-end=\"569\"><strong data-start=\"451\" data-end=\"481\">Anodizirana \u010drna povr\u0161ina:<\/strong> Z anodizirano \u010drno obdelavo je nosilec odporen na korozijo in izgleda estetsko dovr\u0161en.<\/li>\n<li data-start=\"570\" data-end=\"690\"><strong data-start=\"572\" data-end=\"599\">Kratek nosilec tablice:<\/strong> Skraj\u0161an nosilec tablice pove\u010duje \u0161porten videz motorja in daje dinami\u010den, agresiven slog.<\/li>\n<\/ul>\n<p data-start=\"692\" data-end=\"935\" data-is-last-node=\"\" data-is-only-node=\"\">Popoln nosilec tablice za va\u0161 CFMOTO 450SR ali 450NK, ki ne le da izbolj\u0161a videz va\u0161ega motornega kolesa, ampak tudi omogo\u010da enostavno monta\u017eo brez dodatnih prilagoditev. Dodajte \u0161portni pridih svojemu motorju s tem visokokakovostnim nosilcem.<\/p>\n","protected":false},"featured_media":8804,"template":"","meta":[],"product_cat":[132,136,133],"product_tag":[],"_links":{"self":[{"href":"https:\/\/www.sba.si\/index.php\/wp-json\/wp\/v2\/product\/8803"}],"collection":[{"href":"https:\/\/www.sba.si\/index.php\/wp-json\/wp\/v2\/product"}],"about":[{"href":"https:\/\/www.sba.si\/index.php\/wp-json\/wp\/v2\/types\/product"}],"version-history":[{"count":1,"href":"https:\/\/www.sba.si\/index.php\/wp-json\/wp\/v2\/product\/8803\/revisions"}],"predecessor-version":[{"id":8805,"href":"https:\/\/www.sba.si\/index.php\/wp-json\/wp\/v2\/product\/8803\/revisions\/8805"}],"wp:featuredmedia":[{"embeddable":true,"href":"https:\/\/www.sba.si\/index.php\/wp-json\/wp\/v2\/media\/8804"}],"wp:attachment":[{"href":"https:\/\/www.sba.si\/index.php\/wp-json\/wp\/v2\/media?parent=8803"}],"wp:term":[{"taxonomy":"product_cat","embeddable":true,"href":"https:\/\/www.sba.si\/index.php\/wp-json\/wp\/v2\/product_cat?post=8803"},{"taxonomy":"product_tag","embeddable":true,"href":"https:\/\/www.sba.si\/index.php\/wp-json\/wp\/v2\/product_tag?post=8803"}],"curies":[{"name":"wp","href":"https:\/\/api.w.org\/{rel}","templated":true}]}}