{"id":8807,"date":"2025-02-27T16:30:06","date_gmt":"2025-02-27T15:30:06","guid":{"rendered":"https:\/\/www.sba.si\/?post_type=product&#038;p=8807"},"modified":"2025-03-01T11:51:44","modified_gmt":"2025-03-01T10:51:44","slug":"nizji-sedez-cfmoto-450sr","status":"publish","type":"product","link":"https:\/\/www.sba.si\/index.php\/izdelek\/nizji-sedez-cfmoto-450sr\/","title":{"rendered":"NI\u017dJI SEDE\u017d CFMOTO 450SR"},"content":{"rendered":"","protected":false},"excerpt":{"rendered":"<p data-start=\"0\" data-end=\"31\"><strong data-start=\"0\" data-end=\"31\">Ni\u017eji sede\u017e za CFMOTO 450SR<\/strong><\/p>\n<p data-start=\"0\" data-end=\"31\"><strong>KODA ARTIKLA:<\/strong> 6AQV-807200-1000<\/p>\n<p data-start=\"33\" data-end=\"51\"><strong data-start=\"33\" data-end=\"51\">Specifikacije:<\/strong><\/p>\n<p data-start=\"53\" data-end=\"67\"><strong data-start=\"53\" data-end=\"67\">Lastnosti:<\/strong><\/p>\n<ul data-start=\"68\" data-end=\"780\">\n<li data-start=\"68\" data-end=\"215\"><strong data-start=\"70\" data-end=\"103\">Zdru\u017eljivost z modelom 450SR:<\/strong> Ta sede\u017e je zasnovan posebej za CFMOTO 450SR, da zagotovi bolj\u0161e udobje in prilagodljivost za razli\u010dne voznike.<\/li>\n<li data-start=\"216\" data-end=\"387\"><strong data-start=\"218\" data-end=\"250\">Izbolj\u0161an sede\u017eni trikotnik:<\/strong> Ni\u017eji sede\u017e optimizira sede\u017eni trikotnik, kar pove\u010duje udobje za voznike z razli\u010dnimi dol\u017einami nog in omogo\u010da bolj\u0161i nadzor med vo\u017enjo.<\/li>\n<li data-start=\"388\" data-end=\"524\"><strong data-start=\"390\" data-end=\"417\">Udoben usnjen material:<\/strong> Sede\u017e je izdelan iz visokokakovostnega usnja, ki zagotavlja ve\u010dje udobje in podporo med dalj\u0161imi vo\u017enjami.<\/li>\n<li data-start=\"525\" data-end=\"637\"><strong data-start=\"527\" data-end=\"560\">Izbolj\u0161ana vozni\u0161ka izku\u0161nja:<\/strong> Zni\u017ean sede\u017e izbolj\u0161a izku\u0161njo vo\u017enje in omogo\u010da bolj\u0161i nadzor nad motorjem.<\/li>\n<li data-start=\"638\" data-end=\"780\"><strong data-start=\"640\" data-end=\"664\">La\u017eji stik z zemljo:<\/strong> Ni\u017eji sede\u017e omogo\u010da nekaterim voznikom la\u017eji stik s tlemi, kar pove\u010duje ob\u010dutek stabilnosti in varnosti pri vo\u017enji.<\/li>\n<\/ul>\n<p data-start=\"782\" data-end=\"953\" data-is-last-node=\"\" data-is-only-node=\"\">Z ni\u017ejim sede\u017eem za CFMOTO 450SR boste izbolj\u0161ali udobje in nadzor, hkrati pa boste sebi zagotovili bolj\u0161o izku\u0161njo vo\u017enje ter pove\u010dali ob\u010dutek stabilnosti in samozavesti.<\/p>\n","protected":false},"featured_media":8808,"template":"","meta":[],"product_cat":[132,136],"product_tag":[],"_links":{"self":[{"href":"https:\/\/www.sba.si\/index.php\/wp-json\/wp\/v2\/product\/8807"}],"collection":[{"href":"https:\/\/www.sba.si\/index.php\/wp-json\/wp\/v2\/product"}],"about":[{"href":"https:\/\/www.sba.si\/index.php\/wp-json\/wp\/v2\/types\/product"}],"version-history":[{"count":1,"href":"https:\/\/www.sba.si\/index.php\/wp-json\/wp\/v2\/product\/8807\/revisions"}],"predecessor-version":[{"id":8809,"href":"https:\/\/www.sba.si\/index.php\/wp-json\/wp\/v2\/product\/8807\/revisions\/8809"}],"wp:featuredmedia":[{"embeddable":true,"href":"https:\/\/www.sba.si\/index.php\/wp-json\/wp\/v2\/media\/8808"}],"wp:attachment":[{"href":"https:\/\/www.sba.si\/index.php\/wp-json\/wp\/v2\/media?parent=8807"}],"wp:term":[{"taxonomy":"product_cat","embeddable":true,"href":"https:\/\/www.sba.si\/index.php\/wp-json\/wp\/v2\/product_cat?post=8807"},{"taxonomy":"product_tag","embeddable":true,"href":"https:\/\/www.sba.si\/index.php\/wp-json\/wp\/v2\/product_tag?post=8807"}],"curies":[{"name":"wp","href":"https:\/\/api.w.org\/{rel}","templated":true}]}}