{"id":8818,"date":"2025-02-28T10:51:12","date_gmt":"2025-02-28T09:51:12","guid":{"rendered":"https:\/\/www.sba.si\/?post_type=product&#038;p=8818"},"modified":"2025-11-07T20:46:10","modified_gmt":"2025-11-07T19:46:10","slug":"kovcki-alu-set-cfmoto-800mt","status":"publish","type":"product","link":"https:\/\/www.sba.si\/index.php\/izdelek\/kovcki-alu-set-cfmoto-800mt\/","title":{"rendered":"KOV\u010cKI ALU SET &#8211; CFMOTO 800MT"},"content":{"rendered":"","protected":false},"excerpt":{"rendered":"<p>Set kov\u010dkov za CFMOTO 800MT. Originalni &#8211; na voljo v srebrni in \u010drni barvi. Komplet zajema centralni, levi in desni kov\u010dek.<\/p>\n<p>Opis:<br \/>\n&#8211; hermeti\u010dno zaprt<br \/>\n&#8211; izdelan iz visokokakovostnega aluminija<br \/>\n&#8211; ima mehko notranjo obdelavo.<br \/>\nName\u0161\u010den je na hitro zapenjalne pritrdilne elemente, kar omogo\u010da hitro namestitev\/odstranitev kov\u010dkov.<\/p>\n<p>Kov\u010dki so na voljo tudi posamezno.<\/p>\n<p>Primerno za vse modele CFMOTO 800MT in CFMOTO 450MT (za namestitev stranskih kov\u010dkov na 450 MT Sport so potrebni nosilci (art: 6AQV-803000-6000).<\/p>\n","protected":false},"featured_media":8820,"template":"","meta":[],"product_cat":[132,135],"product_tag":[],"_links":{"self":[{"href":"https:\/\/www.sba.si\/index.php\/wp-json\/wp\/v2\/product\/8818"}],"collection":[{"href":"https:\/\/www.sba.si\/index.php\/wp-json\/wp\/v2\/product"}],"about":[{"href":"https:\/\/www.sba.si\/index.php\/wp-json\/wp\/v2\/types\/product"}],"version-history":[{"count":2,"href":"https:\/\/www.sba.si\/index.php\/wp-json\/wp\/v2\/product\/8818\/revisions"}],"predecessor-version":[{"id":8823,"href":"https:\/\/www.sba.si\/index.php\/wp-json\/wp\/v2\/product\/8818\/revisions\/8823"}],"wp:featuredmedia":[{"embeddable":true,"href":"https:\/\/www.sba.si\/index.php\/wp-json\/wp\/v2\/media\/8820"}],"wp:attachment":[{"href":"https:\/\/www.sba.si\/index.php\/wp-json\/wp\/v2\/media?parent=8818"}],"wp:term":[{"taxonomy":"product_cat","embeddable":true,"href":"https:\/\/www.sba.si\/index.php\/wp-json\/wp\/v2\/product_cat?post=8818"},{"taxonomy":"product_tag","embeddable":true,"href":"https:\/\/www.sba.si\/index.php\/wp-json\/wp\/v2\/product_tag?post=8818"}],"curies":[{"name":"wp","href":"https:\/\/api.w.org\/{rel}","templated":true}]}}