{"id":8824,"date":"2025-02-28T11:16:43","date_gmt":"2025-02-28T10:16:43","guid":{"rendered":"https:\/\/www.sba.si\/?post_type=product&#038;p=8824"},"modified":"2025-02-28T12:25:15","modified_gmt":"2025-02-28T11:25:15","slug":"zadnji-kovcek-shad-terra-tr37-aluminium","status":"publish","type":"product","link":"https:\/\/www.sba.si\/index.php\/izdelek\/zadnji-kovcek-shad-terra-tr37-aluminium\/","title":{"rendered":"ZADNJI KOV\u010cEK SHAD TERRA TR37 ALU."},"content":{"rendered":"","protected":false},"excerpt":{"rendered":"<p data-start=\"0\" data-end=\"37\"><strong data-start=\"0\" data-end=\"37\">Zadnji kov\u010dek SHAD TERRA TR37 ALU<\/strong><\/p>\n<p data-start=\"39\" data-end=\"66\"><strong data-start=\"39\" data-end=\"66\">SHAD TR37 Terra Topcase<\/strong><\/p>\n<p data-start=\"68\" data-end=\"435\">Razvito in proizvedeno v Barceloni, SHAD TR37 Terra je vrhunski kov\u010dek za motorna kolesa, ki zdru\u017euje mo\u010d in lahkost, kar omogo\u010da odli\u010dno za\u0161\u010dito va\u0161ega prtljage med vo\u017enjo. Kov\u010dek je izdelan iz utrjene aluminijaste zlitine, ki zagotavlja visoko trpe\u017enost in minimalno te\u017eo. S \u0161tevilnimi pametnimi funkcijami in dodatki je ta kov\u010dek odli\u010den partner za vsako avanturo.<\/p>\n<p data-start=\"437\" data-end=\"451\"><strong data-start=\"437\" data-end=\"451\">Lastnosti:<\/strong><\/p>\n<ul data-start=\"452\" data-end=\"1938\">\n<li data-start=\"452\" data-end=\"540\"><strong data-start=\"454\" data-end=\"481\">Dvojni zaklepni sistem:<\/strong> Kov\u010dek je opremljen z dvojnim zaklepom za dodatno varnost.<\/li>\n<li data-start=\"541\" data-end=\"647\"><strong data-start=\"543\" data-end=\"590\">Ena klju\u010davnica za odpiranje in zaklepanje:<\/strong> Enostavno upravljanje z eno klju\u010davnico za vse funkcije.<\/li>\n<li data-start=\"648\" data-end=\"751\"><strong data-start=\"650\" data-end=\"673\">Integrirana ro\u010dica:<\/strong> Ro\u010dica je vklju\u010dena v mehanizem zaklepanja, kar omogo\u010da enostavno prena\u0161anje.<\/li>\n<li data-start=\"752\" data-end=\"864\"><strong data-start=\"754\" data-end=\"776\">Vodotesna za\u0161\u010dita:<\/strong> Posebni okvir z tesnilom zagotavlja vodoodpornost, da vsebina ostane suha tudi v de\u017eju.<\/li>\n<li data-start=\"865\" data-end=\"1005\"><strong data-start=\"867\" data-end=\"913\">4 obro\u010di za pritrjevanje dodatne prtljage:<\/strong> Kov\u010dek omogo\u010da pritrditev dodatnih torb ali prtljage z uporabo obro\u010dev za varno prena\u0161anje.<\/li>\n<li data-start=\"1006\" data-end=\"1095\"><strong data-start=\"1008\" data-end=\"1032\">Podloga za prtljago:<\/strong> V notranjosti je mat, ki za\u0161\u010diti prtljago in prepre\u010di drsenje.<\/li>\n<li data-start=\"1096\" data-end=\"1189\"><strong data-start=\"1098\" data-end=\"1122\">Za\u0161\u010dita proti prahu:<\/strong> Zaklepni cilindri imajo za\u0161\u010dito proti prahu za ve\u010djo vzdr\u017eljivost.<\/li>\n<li data-start=\"1190\" data-end=\"1331\"><strong data-start=\"1192\" data-end=\"1252\">Prekucni okvir z vnaprej pripravo za monta\u017eo naslonjala:<\/strong> Kov\u010dek ima predhodno pripravljene luknje za monta\u017eo naslonjala (ni vklju\u010deno).<\/li>\n<li data-start=\"1332\" data-end=\"1415\"><strong data-start=\"1334\" data-end=\"1353\">Kovinski okvir:<\/strong> Aluminijasti okvir je robusten, a lahek za enostavno uporabo.<\/li>\n<li data-start=\"1416\" data-end=\"1531\"><strong data-start=\"1418\" data-end=\"1435\">Hiter dostop:<\/strong> Kov\u010dek omogo\u010da hitro odpiranje, zapiranje, zaklepanje, pritrditev in odstranjevanje z eno roko.<\/li>\n<li data-start=\"1532\" data-end=\"1622\"><strong data-start=\"1534\" data-end=\"1546\">Dodatki:<\/strong> Naslon in notranja torba sta na voljo kot dodatna oprema (nista vklju\u010dena).<\/li>\n<li data-start=\"1623\" data-end=\"1732\"><strong data-start=\"1625\" data-end=\"1647\">Kompaktna monta\u017ea:<\/strong> Za monta\u017eo je potrebna SHAD Top Master monta\u017ea in monta\u017ena plo\u0161\u010da (nista vklju\u010deni).<\/li>\n<li data-start=\"1733\" data-end=\"1938\"><strong data-start=\"1735\" data-end=\"1764\">Razli\u010dne monta\u017ene plo\u0161\u010de:<\/strong> Na voljo so 3 razli\u010dne monta\u017ene plo\u0161\u010de: standardna termoplasti\u010dna plo\u0161\u010da (D1B591PA), aluminijasta plo\u0161\u010da (D1BTRPA) ali \u010drna aluminijasta plo\u0161\u010da (D1BTRPA2) (nista vklju\u010deni).<\/li>\n<\/ul>\n<p data-start=\"1940\" data-end=\"1958\"><strong data-start=\"1940\" data-end=\"1958\">Specifikacije:<\/strong><\/p>\n<ul data-start=\"1959\" data-end=\"2070\">\n<li data-start=\"1959\" data-end=\"2009\"><strong data-start=\"1961\" data-end=\"1975\">Dimenzije:<\/strong> 49,5 x 41,8 x 25,9 cm (\u0160 x V x G)<\/li>\n<li data-start=\"2010\" data-end=\"2034\"><strong data-start=\"2012\" data-end=\"2024\">Volumen:<\/strong> 37 litrov<\/li>\n<li data-start=\"2035\" data-end=\"2070\"><strong data-start=\"2037\" data-end=\"2064\">Maksimalna obremenitev:<\/strong> 10 kg<\/li>\n<\/ul>\n<p data-start=\"2072\" data-end=\"2237\" data-is-last-node=\"\" data-is-only-node=\"\">SHAD TR37 Terra Topcase je idealna izbira za motoriste, ki i\u0161\u010dejo zanesljiv in trpe\u017een kov\u010dek, ki zagotavlja varnost in udobje na dolgih vo\u017enjah ali kratkih izletih.<\/p>\n<p data-start=\"2072\" data-end=\"2237\" data-is-last-node=\"\" data-is-only-node=\"\">KODA: 130.D0TR37100<\/p>\n","protected":false},"featured_media":8828,"template":"","meta":[],"product_cat":[132,135],"product_tag":[],"_links":{"self":[{"href":"https:\/\/www.sba.si\/index.php\/wp-json\/wp\/v2\/product\/8824"}],"collection":[{"href":"https:\/\/www.sba.si\/index.php\/wp-json\/wp\/v2\/product"}],"about":[{"href":"https:\/\/www.sba.si\/index.php\/wp-json\/wp\/v2\/types\/product"}],"version-history":[{"count":3,"href":"https:\/\/www.sba.si\/index.php\/wp-json\/wp\/v2\/product\/8824\/revisions"}],"predecessor-version":[{"id":8830,"href":"https:\/\/www.sba.si\/index.php\/wp-json\/wp\/v2\/product\/8824\/revisions\/8830"}],"wp:featuredmedia":[{"embeddable":true,"href":"https:\/\/www.sba.si\/index.php\/wp-json\/wp\/v2\/media\/8828"}],"wp:attachment":[{"href":"https:\/\/www.sba.si\/index.php\/wp-json\/wp\/v2\/media?parent=8824"}],"wp:term":[{"taxonomy":"product_cat","embeddable":true,"href":"https:\/\/www.sba.si\/index.php\/wp-json\/wp\/v2\/product_cat?post=8824"},{"taxonomy":"product_tag","embeddable":true,"href":"https:\/\/www.sba.si\/index.php\/wp-json\/wp\/v2\/product_tag?post=8824"}],"curies":[{"name":"wp","href":"https:\/\/api.w.org\/{rel}","templated":true}]}}