{"id":8832,"date":"2025-02-28T12:37:09","date_gmt":"2025-02-28T11:37:09","guid":{"rendered":"https:\/\/www.sba.si\/?post_type=product&#038;p=8832"},"modified":"2025-02-28T13:43:28","modified_gmt":"2025-02-28T12:43:28","slug":"zadnji-kovcek-shad-terra-tr55-crna","status":"publish","type":"product","link":"https:\/\/www.sba.si\/index.php\/izdelek\/zadnji-kovcek-shad-terra-tr55-crna\/","title":{"rendered":"ZADNJI KOV\u010cEK SHAD TERRA TR55 \u010cRNA"},"content":{"rendered":"","protected":false},"excerpt":{"rendered":"<p data-start=\"0\" data-end=\"38\"><strong data-start=\"0\" data-end=\"38\">Zadnji kov\u010dek SHAD TERRA TR55 \u010cRNA<\/strong><\/p>\n<p data-start=\"40\" data-end=\"74\"><strong data-start=\"40\" data-end=\"74\">SHAD TR 55 Terra Black Topcase<\/strong><\/p>\n<p data-start=\"76\" data-end=\"515\">Terra Black TR55 je zasnovan za motoriste, ki i\u0161\u010dejo prostoren, lahek in estetsko dovr\u0161en kov\u010dek za svojo avanturisti\u010dno vo\u017enjo. Ta vrhunski kov\u010dek je najla\u017eji aluminijasti kov\u010dek na trgu, s te\u017eo zgolj 5,4 kg, ter nudi dovolj prostora za dve preklopni \u010deladi. Razvito in proizvedeno v Barceloni, TR55 je prejel nagrado ABC Award za svoj inovativen dizajn, ki se osredoto\u010da na klju\u010dne funkcionalnosti za uporabo na avanturisti\u010dnih motorjih.<\/p>\n<p data-start=\"517\" data-end=\"531\"><strong data-start=\"517\" data-end=\"531\">Lastnosti:<\/strong><\/p>\n<ul data-start=\"532\" data-end=\"2016\">\n<li data-start=\"532\" data-end=\"645\"><strong data-start=\"534\" data-end=\"561\">Dvojni zaklepni sistem:<\/strong> Kov\u010dek je opremljen z dvojnim zaklepom za dodatno varnost in za\u0161\u010dito va\u0161e prtljage.<\/li>\n<li data-start=\"646\" data-end=\"748\"><strong data-start=\"648\" data-end=\"692\">Enostavno upravljanje z eno klju\u010davnico:<\/strong> Ena klju\u010davnica omogo\u010da odpiranje in zaklepanje kov\u010dka.<\/li>\n<li data-start=\"749\" data-end=\"848\"><strong data-start=\"751\" data-end=\"774\">Integrirana ro\u010dica:<\/strong> Ro\u010dica je vklju\u010dena v mehanizem zaklepanja za priro\u010dno prena\u0161anje kov\u010dka.<\/li>\n<li data-start=\"849\" data-end=\"982\"><strong data-start=\"851\" data-end=\"873\">Vodotesna za\u0161\u010dita:<\/strong> Poseben okvir s tesnilom zagotavlja popolno vodoodpornost, da vsebina ostane suha v vseh vremenskih pogojih.<\/li>\n<li data-start=\"983\" data-end=\"1115\"><strong data-start=\"985\" data-end=\"1023\">4 obro\u010di za pritrjevanje prtljage:<\/strong> Kov\u010dek omogo\u010da pritrditev dodatnih torb ali prtljage z uporabo obro\u010dev za varno preva\u017eanje.<\/li>\n<li data-start=\"1116\" data-end=\"1213\"><strong data-start=\"1118\" data-end=\"1139\">Za\u0161\u010dita prtljage:<\/strong> Mat v notranjosti kov\u010dka \u0161\u010diti va\u0161o prtljago in prepre\u010duje njeno drsenje.<\/li>\n<li data-start=\"1214\" data-end=\"1311\"><strong data-start=\"1216\" data-end=\"1240\">Za\u0161\u010dita proti prahu:<\/strong> Zaklepni cilindri so za\u0161\u010diteni pred prahom za dalj\u0161o \u017eivljenjsko dobo.<\/li>\n<li data-start=\"1312\" data-end=\"1441\"><strong data-start=\"1314\" data-end=\"1362\">Predhodno pripravljene luknje za naslonjalo:<\/strong> Kov\u010dek ima predhodno pripravljene luknje za monta\u017eo naslonjala (ni vklju\u010deno).<\/li>\n<li data-start=\"1442\" data-end=\"1543\"><strong data-start=\"1444\" data-end=\"1468\">Aluminijasti kov\u010dek:<\/strong> Lahkoten in trpe\u017een aluminijasti kov\u010dek zagotavlja dolgo \u017eivljenjsko dobo.<\/li>\n<li data-start=\"1544\" data-end=\"1651\"><strong data-start=\"1546\" data-end=\"1595\">Eleganten dizajn z izklesanim logotipom SHAD:<\/strong> Kov\u010dek je estetsko dovr\u0161en z izklesanim logotipom SHAD.<\/li>\n<li data-start=\"1652\" data-end=\"1764\"><strong data-start=\"1654\" data-end=\"1671\">Hiter dostop:<\/strong> Kov\u010dek omogo\u010da hitro odpiranje, zapiranje, zaklepanje, pritrditev in odstranitev z eno roko.<\/li>\n<li data-start=\"1765\" data-end=\"1855\"><strong data-start=\"1767\" data-end=\"1779\">Dodatki:<\/strong> Naslon in notranja torba sta na voljo kot dodatna oprema (nista vklju\u010dena).<\/li>\n<li data-start=\"1856\" data-end=\"2016\"><strong data-start=\"1858\" data-end=\"1870\">Monta\u017ea:<\/strong> Kov\u010dek je zdru\u017eljiv z dvema monta\u017enima plo\u0161\u010dama: standardno termoplasti\u010dno plo\u0161\u010do (D1B591PA) ali aluminijasto plo\u0161\u010do (D1BTRPA) (nista vklju\u010deni).<\/li>\n<\/ul>\n<p data-start=\"2018\" data-end=\"2036\"><strong data-start=\"2018\" data-end=\"2036\">Specifikacije:<\/strong><\/p>\n<ul data-start=\"2037\" data-end=\"2202\">\n<li data-start=\"2037\" data-end=\"2085\"><strong data-start=\"2039\" data-end=\"2053\">Dimenzije:<\/strong> 57 x 41,8 x 32,2 cm (\u0160 x V x G)<\/li>\n<li data-start=\"2086\" data-end=\"2110\"><strong data-start=\"2088\" data-end=\"2100\">Volumen:<\/strong> 55 litrov<\/li>\n<li data-start=\"2111\" data-end=\"2146\"><strong data-start=\"2113\" data-end=\"2140\">Maksimalna obremenitev:<\/strong> 10 kg<\/li>\n<li data-start=\"2147\" data-end=\"2183\"><strong data-start=\"2149\" data-end=\"2164\">Kapaciteta:<\/strong> 2 preklopni \u010deladi<\/li>\n<li data-start=\"2184\" data-end=\"2202\"><strong data-start=\"2186\" data-end=\"2195\">Te\u017ea:<\/strong> 5,4 kg<\/li>\n<\/ul>\n<p data-start=\"2204\" data-end=\"2404\" data-is-last-node=\"\" data-is-only-node=\"\">SHAD TR55 Terra Black Topcase je idealna izbira za motoriste, ki potrebujejo prostoren in zanesljiv kov\u010dek za dolgoro\u010dne avanture, hkrati pa \u017eelijo ohraniti eleganten in \u0161porten videz svojega motorja.<\/p>\n<p data-start=\"2204\" data-end=\"2404\" data-is-last-node=\"\" data-is-only-node=\"\">KODA ARTIKLA: 130.D0TR55100B<\/p>\n","protected":false},"featured_media":8836,"template":"","meta":[],"product_cat":[132,135],"product_tag":[],"_links":{"self":[{"href":"https:\/\/www.sba.si\/index.php\/wp-json\/wp\/v2\/product\/8832"}],"collection":[{"href":"https:\/\/www.sba.si\/index.php\/wp-json\/wp\/v2\/product"}],"about":[{"href":"https:\/\/www.sba.si\/index.php\/wp-json\/wp\/v2\/types\/product"}],"version-history":[{"count":2,"href":"https:\/\/www.sba.si\/index.php\/wp-json\/wp\/v2\/product\/8832\/revisions"}],"predecessor-version":[{"id":8861,"href":"https:\/\/www.sba.si\/index.php\/wp-json\/wp\/v2\/product\/8832\/revisions\/8861"}],"wp:featuredmedia":[{"embeddable":true,"href":"https:\/\/www.sba.si\/index.php\/wp-json\/wp\/v2\/media\/8836"}],"wp:attachment":[{"href":"https:\/\/www.sba.si\/index.php\/wp-json\/wp\/v2\/media?parent=8832"}],"wp:term":[{"taxonomy":"product_cat","embeddable":true,"href":"https:\/\/www.sba.si\/index.php\/wp-json\/wp\/v2\/product_cat?post=8832"},{"taxonomy":"product_tag","embeddable":true,"href":"https:\/\/www.sba.si\/index.php\/wp-json\/wp\/v2\/product_tag?post=8832"}],"curies":[{"name":"wp","href":"https:\/\/api.w.org\/{rel}","templated":true}]}}