{"id":8845,"date":"2025-02-28T13:44:17","date_gmt":"2025-02-28T12:44:17","guid":{"rendered":"https:\/\/www.sba.si\/?post_type=product&#038;p=8845"},"modified":"2025-02-28T13:45:26","modified_gmt":"2025-02-28T12:45:26","slug":"stranski-kovcek-shad-terra-tr36-desni-crna","status":"publish","type":"product","link":"https:\/\/www.sba.si\/index.php\/izdelek\/stranski-kovcek-shad-terra-tr36-desni-crna\/","title":{"rendered":"STRANSKI KOV\u010cEK SHAD TERRA TR36 DESNI \u010cRNA"},"content":{"rendered":"","protected":false},"excerpt":{"rendered":"<p data-start=\"0\" data-end=\"46\"><strong data-start=\"0\" data-end=\"46\">Stranski kov\u010dek SHAD TERRA TR36 Desni \u010crna<\/strong><\/p>\n<p data-start=\"48\" data-end=\"79\"><strong data-start=\"48\" data-end=\"79\">SHAD TERRA TR36RB Side Case<\/strong><\/p>\n<p data-start=\"81\" data-end=\"510\">Stranski kov\u010dek SHAD TERRA TR36RB je zasnovan, in\u017eeniran in proizveden 100 % v Barceloni. Kov\u010dek je izdelan iz utrjene aluminijaste zlitine, ki je mo\u010dnej\u0161a in la\u017eja, kar omogo\u010da zmanj\u0161ano debelino 1,2 mm za minimalno te\u017eo z najve\u010djo trpe\u017enostjo. TERRA BLACK EDITION je zaklju\u010dena z barvo, ki je odporna na praske, in vklju\u010duje patentirani (v postopku patentiranja) <strong data-start=\"446\" data-end=\"467\">TERRA Lock System<\/strong>, ki zagotavlja enostavno in hitro uporabo.<\/p>\n<p data-start=\"512\" data-end=\"526\"><strong data-start=\"512\" data-end=\"526\">Lastnosti:<\/strong><\/p>\n<ul data-start=\"527\" data-end=\"1660\">\n<li data-start=\"527\" data-end=\"740\"><strong data-start=\"529\" data-end=\"563\">Patentirani TERRA Lock System:<\/strong> Ta sistem vklju\u010duje zaklepni mehanizem in zlo\u017eljivo ro\u010dico za prena\u0161anje. Omogo\u010da hitro odpiranje, zapiranje, monta\u017eo in odstranjevanje kov\u010dka z eno roko, vse v nekaj sekundah.<\/li>\n<li data-start=\"741\" data-end=\"904\"><strong data-start=\"743\" data-end=\"786\">Aerodinami\u010dna in integrirana struktura:<\/strong> Kov\u010dek je zasnovan z aerodinami\u010dnimi linijami in izdelan iz trde aluminijaste zlitine za optimizirano mo\u010d in lahkost.<\/li>\n<li data-start=\"905\" data-end=\"1118\"><strong data-start=\"907\" data-end=\"930\">Stransko odpiranje:<\/strong> Stransko odpiranje omogo\u010da enostavno pakiranje in dostop do prostorne notranjosti, opremljene z notranjim pladnjem, ki zagotavlja red in prepre\u010duje, da bi predmeti padli ven ob odpiranju.<\/li>\n<li data-start=\"1119\" data-end=\"1258\"><strong data-start=\"1121\" data-end=\"1137\">Vodotesnost:<\/strong> Okvir kov\u010dka je gumiran in za\u0161\u010diten pred slabimi vremenskimi razmerami, kar zagotavlja vodoodpornost in za\u0161\u010dito vsebine.<\/li>\n<li data-start=\"1259\" data-end=\"1435\"><strong data-start=\"1261\" data-end=\"1297\">Premium klju\u010davnice in cilinder:<\/strong> Kov\u010dek vklju\u010duje nov, premium sistem klju\u010davnic SHAD (3 cilinder in 2 klju\u010da), ki zmanj\u0161ujejo tveganje za krajo, ter za\u0161\u010dito pred prahom.<\/li>\n<li data-start=\"1436\" data-end=\"1499\"><strong data-start=\"1438\" data-end=\"1455\">Zdru\u017eljivost:<\/strong> Kov\u010dek je zdru\u017eljiv z <strong data-start=\"1478\" data-end=\"1498\">SHAD 4P sistemom<\/strong>.<\/li>\n<li data-start=\"1500\" data-end=\"1660\"><strong data-start=\"1502\" data-end=\"1527\">Mo\u017ena dodatna oprema:<\/strong> Notranja torba (X0IB47), notranja mre\u017ea (X0TR01, vklju\u010dena). Za dodatke, ki izbolj\u0161ajo va\u0161e do\u017eivetje vo\u017enje, preverite <strong data-start=\"1648\" data-end=\"1659\">SHAD.es<\/strong>.<\/li>\n<\/ul>\n<p data-start=\"1662\" data-end=\"1680\"><strong data-start=\"1662\" data-end=\"1680\">Specifikacije:<\/strong><\/p>\n<ul data-start=\"1681\" data-end=\"1901\">\n<li data-start=\"1681\" data-end=\"1731\"><strong data-start=\"1683\" data-end=\"1697\">Dimenzije:<\/strong> 49,5 x 41,8 x 28,2 cm (\u0160 x V x G)<\/li>\n<li data-start=\"1732\" data-end=\"1779\"><strong data-start=\"1734\" data-end=\"1773\">Maksimalna priporo\u010dena obremenitev:<\/strong> 10 kg<\/li>\n<li data-start=\"1780\" data-end=\"1846\"><strong data-start=\"1782\" data-end=\"1791\">Te\u017ea:<\/strong> Lahka konstrukcija za enostavno uporabo in prena\u0161anje.<\/li>\n<li data-start=\"1847\" data-end=\"1901\"><strong data-start=\"1849\" data-end=\"1901\">Kov\u010dek je zasnovan in izdelan 100 % v Barceloni.<\/strong><\/li>\n<\/ul>\n<p data-start=\"1903\" data-end=\"2082\" data-is-last-node=\"\" data-is-only-node=\"\">Stranski kov\u010dek SHAD TERRA TR36RB je popolna izbira za tiste, ki i\u0161\u010dejo zmogljiv kov\u010dek z veliko kapaciteto, odli\u010dno za\u0161\u010dito pred vremenskimi vplivi in hitro in enostavno uporabo.<\/p>\n<p>&nbsp;<\/p>\n<p>KODA ARTIKLA: 130.D0TR36100RB<\/p>\n","protected":false},"featured_media":8852,"template":"","meta":[],"product_cat":[132,135],"product_tag":[],"_links":{"self":[{"href":"https:\/\/www.sba.si\/index.php\/wp-json\/wp\/v2\/product\/8845"}],"collection":[{"href":"https:\/\/www.sba.si\/index.php\/wp-json\/wp\/v2\/product"}],"about":[{"href":"https:\/\/www.sba.si\/index.php\/wp-json\/wp\/v2\/types\/product"}],"version-history":[{"count":1,"href":"https:\/\/www.sba.si\/index.php\/wp-json\/wp\/v2\/product\/8845\/revisions"}],"predecessor-version":[{"id":8862,"href":"https:\/\/www.sba.si\/index.php\/wp-json\/wp\/v2\/product\/8845\/revisions\/8862"}],"wp:featuredmedia":[{"embeddable":true,"href":"https:\/\/www.sba.si\/index.php\/wp-json\/wp\/v2\/media\/8852"}],"wp:attachment":[{"href":"https:\/\/www.sba.si\/index.php\/wp-json\/wp\/v2\/media?parent=8845"}],"wp:term":[{"taxonomy":"product_cat","embeddable":true,"href":"https:\/\/www.sba.si\/index.php\/wp-json\/wp\/v2\/product_cat?post=8845"},{"taxonomy":"product_tag","embeddable":true,"href":"https:\/\/www.sba.si\/index.php\/wp-json\/wp\/v2\/product_tag?post=8845"}],"curies":[{"name":"wp","href":"https:\/\/api.w.org\/{rel}","templated":true}]}}