{"id":8863,"date":"2025-02-28T14:07:48","date_gmt":"2025-02-28T13:07:48","guid":{"rendered":"https:\/\/www.sba.si\/?post_type=product&#038;p=8863"},"modified":"2025-02-28T14:08:46","modified_gmt":"2025-02-28T13:08:46","slug":"zadnji-kovcek-shad-terra-tr55-alu","status":"publish","type":"product","link":"https:\/\/www.sba.si\/index.php\/izdelek\/zadnji-kovcek-shad-terra-tr55-alu\/","title":{"rendered":"ZADNJI KOV\u010cEK SHAD TERRA TR55 ALU."},"content":{"rendered":"","protected":false},"excerpt":{"rendered":"<p data-start=\"0\" data-end=\"37\"><strong data-start=\"0\" data-end=\"37\">Zadnji kov\u010dek SHAD TERRA TR55 ALU<\/strong><\/p>\n<p data-start=\"39\" data-end=\"124\">Za\u010dnite svojo avanturo z izjemno robustnimi SHAD TERRA kov\u010dki iz utrjenega aluminija.<\/p>\n<p data-start=\"126\" data-end=\"588\">SHAD, vodilna blagovna znamka za motoristi\u010dne prtljage, ponovno presega meje inovativnosti s serijo TERRA, ki se odlikuje po izjemni trdnosti in varnosti. Kov\u010dki iz kovanega aluminija so trdni in lahki ter vklju\u010dujejo patentirani <strong data-start=\"356\" data-end=\"377\">TERRA lock system<\/strong>, ki ponuja dvojni zaklepni sistem z visoko kakovostnimi cilindri in klju\u010di. Njihove te\u010daji in zaklepni mehanizmi so izdelani iz AISI 304 nerjave\u010dega jekla, kar zagotavlja dolgo \u017eivljenjsko dobo in zanesljivost.<\/p>\n<p data-start=\"590\" data-end=\"821\">Kov\u010dek je opremljen z notranjo preprogo, ki natan\u010dno \u0161\u010diti va\u0161o opremo in jo dr\u017ei na mestu. Na voljo imate tri razli\u010dne vrste monta\u017enih sistemov: termoplasti\u010dni, lasersko rezan aluminij in lit aluminij, odvisno od va\u0161ih potreb\u0161\u010din.<\/p>\n<p data-start=\"823\" data-end=\"846\"><strong data-start=\"823\" data-end=\"846\">Tehni\u010dne lastnosti:<\/strong><\/p>\n<ul data-start=\"848\" data-end=\"1396\">\n<li data-start=\"848\" data-end=\"896\"><strong data-start=\"850\" data-end=\"876\">Dimenzije (\u0160 x V x G):<\/strong> 57 x 41,8 x 32,2 cm<\/li>\n<li data-start=\"897\" data-end=\"932\"><strong data-start=\"899\" data-end=\"926\">Maksimalna obremenitev:<\/strong> 10 kg<\/li>\n<li data-start=\"933\" data-end=\"1006\"><strong data-start=\"935\" data-end=\"949\">Materiali:<\/strong> Utrjeni aluminij in te\u010daji iz AISI 304 nerjave\u010dega jekla<\/li>\n<li data-start=\"1007\" data-end=\"1043\"><strong data-start=\"1009\" data-end=\"1024\">Kapaciteta:<\/strong> 2 modularni \u010deladi<\/li>\n<li data-start=\"1044\" data-end=\"1081\"><strong data-start=\"1046\" data-end=\"1055\">Te\u017ea:<\/strong> 5,4 kg (izjemno lahkoten)<\/li>\n<li data-start=\"1082\" data-end=\"1104\"><strong data-start=\"1084\" data-end=\"1104\">Vodotesni kov\u010dek<\/strong><\/li>\n<li data-start=\"1105\" data-end=\"1173\"><strong data-start=\"1107\" data-end=\"1131\">Dodatna obremenitev:<\/strong> 4 obro\u010di za pritrjevanje dodatne prtljage<\/li>\n<li data-start=\"1174\" data-end=\"1270\"><strong data-start=\"1176\" data-end=\"1208\">Za\u0161\u010dita zaklepa pred prahom:<\/strong> Kov\u010dek je opremljen s sistemom za\u0161\u010dite pred prahom za zaklep.<\/li>\n<li data-start=\"1271\" data-end=\"1336\"><strong data-start=\"1273\" data-end=\"1293\">Zaklepni sistem:<\/strong> Dvojni zaklepni sistem &#8220;TERRA lock system&#8221;<\/li>\n<li data-start=\"1337\" data-end=\"1396\"><strong data-start=\"1339\" data-end=\"1361\">Notranja obdelava:<\/strong> Preproga za za\u0161\u010dito vsebine kov\u010dka<\/li>\n<\/ul>\n<p data-start=\"1398\" data-end=\"1566\" data-is-last-node=\"\" data-is-only-node=\"\">Zadnji kov\u010dek SHAD TERRA TR55 ALU je idealen za motoriste, ki i\u0161\u010dejo robustno, zanesljivo in lahko re\u0161itev za prevoz svoje prtljage na dolgih vo\u017enjah in pustolov\u0161\u010dinah.<\/p>\n<p data-start=\"1398\" data-end=\"1566\" data-is-last-node=\"\" data-is-only-node=\"\">KODA ARTIKLA : 130.D0TR55100<\/p>\n","protected":false},"featured_media":8864,"template":"","meta":[],"product_cat":[132,135],"product_tag":[],"_links":{"self":[{"href":"https:\/\/www.sba.si\/index.php\/wp-json\/wp\/v2\/product\/8863"}],"collection":[{"href":"https:\/\/www.sba.si\/index.php\/wp-json\/wp\/v2\/product"}],"about":[{"href":"https:\/\/www.sba.si\/index.php\/wp-json\/wp\/v2\/types\/product"}],"version-history":[{"count":2,"href":"https:\/\/www.sba.si\/index.php\/wp-json\/wp\/v2\/product\/8863\/revisions"}],"predecessor-version":[{"id":8871,"href":"https:\/\/www.sba.si\/index.php\/wp-json\/wp\/v2\/product\/8863\/revisions\/8871"}],"wp:featuredmedia":[{"embeddable":true,"href":"https:\/\/www.sba.si\/index.php\/wp-json\/wp\/v2\/media\/8864"}],"wp:attachment":[{"href":"https:\/\/www.sba.si\/index.php\/wp-json\/wp\/v2\/media?parent=8863"}],"wp:term":[{"taxonomy":"product_cat","embeddable":true,"href":"https:\/\/www.sba.si\/index.php\/wp-json\/wp\/v2\/product_cat?post=8863"},{"taxonomy":"product_tag","embeddable":true,"href":"https:\/\/www.sba.si\/index.php\/wp-json\/wp\/v2\/product_tag?post=8863"}],"curies":[{"name":"wp","href":"https:\/\/api.w.org\/{rel}","templated":true}]}}