{"id":8872,"date":"2025-02-28T14:44:10","date_gmt":"2025-02-28T13:44:10","guid":{"rendered":"https:\/\/www.sba.si\/?post_type=product&#038;p=8872"},"modified":"2025-02-28T15:04:29","modified_gmt":"2025-02-28T14:04:29","slug":"stranski-kovcek-shad-terra-tr47l-levi-alu","status":"publish","type":"product","link":"https:\/\/www.sba.si\/index.php\/izdelek\/stranski-kovcek-shad-terra-tr47l-levi-alu\/","title":{"rendered":"STRANSKI KOV\u010cEK SHAD TERRA TR47L LEVI ALU."},"content":{"rendered":"","protected":false},"excerpt":{"rendered":"<p data-start=\"0\" data-end=\"45\"><strong data-start=\"0\" data-end=\"45\">Stranski kov\u010dek SHAD TERRA TR47L Levi ALU<\/strong><\/p>\n<p data-start=\"47\" data-end=\"56\"><strong data-start=\"47\" data-end=\"56\">Opis:<\/strong><\/p>\n<p data-start=\"58\" data-end=\"556\">Stranski kov\u010dek SHAD TERRA TR47L je zasnovan, in\u017eeniran in izdelan 100 % v Barceloni. Kov\u010dek je izdelan iz utrjene aluminijaste zlitine, ki je mo\u010dnej\u0161a in la\u017eja, kar omogo\u010da zmanj\u0161ano debelino 1,2 mm za minimalno te\u017eo z najve\u010djo trpe\u017enostjo. Zasnovan je za eno (trail) ali dve \u010deladi (flip-up in jet), kar omogo\u010da dovolj prostora za shranjevanje motoristi\u010dne opreme. Kov\u010dek vklju\u010duje patentirani (v postopku patentiranja) <strong data-start=\"480\" data-end=\"501\">TERRA Lock System<\/strong> za hitro in enostavno odpiranje, zapiranje in monta\u017eo.<\/p>\n<p data-start=\"558\" data-end=\"572\"><strong data-start=\"558\" data-end=\"572\">Lastnosti:<\/strong><\/p>\n<ul data-start=\"574\" data-end=\"1727\">\n<li data-start=\"574\" data-end=\"668\"><strong data-start=\"576\" data-end=\"591\">Kapaciteta:<\/strong> Kov\u010dek omogo\u010da shranjevanje ene trail \u010delade ali dveh flip-up ali jet \u010delad.<\/li>\n<li data-start=\"669\" data-end=\"889\"><strong data-start=\"671\" data-end=\"693\">TERRA Lock System:<\/strong> Patentirani sistem zaklepanja, ki vklju\u010duje zaklepni mehanizem in zlo\u017eljivo ro\u010dico za prena\u0161anje. Omogo\u010da hitro odpiranje, zapiranje, monta\u017eo in odstranjevanje kov\u010dka z eno roko v nekaj sekundah.<\/li>\n<li data-start=\"890\" data-end=\"1047\"><strong data-start=\"892\" data-end=\"920\">Aerodinami\u010dna struktura:<\/strong> Kov\u010dek je zasnovan z aerodinami\u010dnimi linijami in izdelan iz trde aluminijaste zlitine, ki zagotavlja optimalno mo\u010d in lahkost.<\/li>\n<li data-start=\"1048\" data-end=\"1228\"><strong data-start=\"1050\" data-end=\"1073\">Stransko odpiranje:<\/strong> Omogo\u010da enostavno pakiranje in dostop do prostorne notranjosti, opremljene z notranjim pladnjem, ki ohranja red in prepre\u010duje padanje predmetov iz kov\u010dka.<\/li>\n<li data-start=\"1229\" data-end=\"1370\"><strong data-start=\"1231\" data-end=\"1247\">Vodotesnost:<\/strong> Kov\u010dek je za\u0161\u010diten z gumiranim okvirjem, ki \u0161\u010diti notranjost pred slabo vremenskimi razmerami in zagotavlja vodoodpornost.<\/li>\n<li data-start=\"1371\" data-end=\"1564\"><strong data-start=\"1373\" data-end=\"1396\">Za\u0161\u010dita pred krajo:<\/strong> Novi premium sistem klju\u010davnic SHAD zmanj\u0161uje tveganje za krajo in vklju\u010duje pokrov, ki prepre\u010duje vstop prahu. (Klju\u010di in cilindri so vklju\u010deni samo za desni kov\u010dek.)<\/li>\n<li data-start=\"1565\" data-end=\"1628\"><strong data-start=\"1567\" data-end=\"1584\">Zdru\u017eljivost:<\/strong> Kov\u010dek je zdru\u017eljiv z <strong data-start=\"1607\" data-end=\"1627\">SHAD 4P sistemom<\/strong>.<\/li>\n<li data-start=\"1629\" data-end=\"1727\"><strong data-start=\"1631\" data-end=\"1665\">Dodatna oprema (ni vklju\u010dena):<\/strong> Raz\u0161irljiva notranja torba (X0IB47), notranja mre\u017ea (X0TR01).<\/li>\n<\/ul>\n<p data-start=\"1729\" data-end=\"1747\"><strong data-start=\"1729\" data-end=\"1747\">Specifikacije:<\/strong><\/p>\n<ul data-start=\"1749\" data-end=\"1968\">\n<li data-start=\"1749\" data-end=\"1799\"><strong data-start=\"1751\" data-end=\"1777\">Dimenzije (\u0160 x V x G):<\/strong> 49,5 x 41,8 x 34,5 cm<\/li>\n<li data-start=\"1800\" data-end=\"1847\"><strong data-start=\"1802\" data-end=\"1841\">Maksimalna priporo\u010dena obremenitev:<\/strong> 10 kg<\/li>\n<li data-start=\"1848\" data-end=\"1913\"><strong data-start=\"1850\" data-end=\"1859\">Te\u017ea:<\/strong> Lahka konstrukcija za enostavno uporabo in prena\u0161anje<\/li>\n<li data-start=\"1914\" data-end=\"1968\"><strong data-start=\"1916\" data-end=\"1968\">Kov\u010dek je zasnovan in izdelan 100 % v Barceloni.<\/strong><\/li>\n<\/ul>\n<p data-start=\"1970\" data-end=\"2126\" data-is-last-node=\"\" data-is-only-node=\"\">Stranski kov\u010dek SHAD TERRA TR47L je popolna izbira za motoriste, ki i\u0161\u010dejo robustno in prostorno re\u0161itev za prevoz svojih \u010delad in opreme na dolgih vo\u017enjah.<\/p>\n<p data-start=\"1970\" data-end=\"2126\" data-is-last-node=\"\" data-is-only-node=\"\">KODA ARTIKLA: 130.D0TR47100L<\/p>\n","protected":false},"featured_media":8873,"template":"","meta":[],"product_cat":[132,135],"product_tag":[],"_links":{"self":[{"href":"https:\/\/www.sba.si\/index.php\/wp-json\/wp\/v2\/product\/8872"}],"collection":[{"href":"https:\/\/www.sba.si\/index.php\/wp-json\/wp\/v2\/product"}],"about":[{"href":"https:\/\/www.sba.si\/index.php\/wp-json\/wp\/v2\/types\/product"}],"version-history":[{"count":2,"href":"https:\/\/www.sba.si\/index.php\/wp-json\/wp\/v2\/product\/8872\/revisions"}],"predecessor-version":[{"id":8884,"href":"https:\/\/www.sba.si\/index.php\/wp-json\/wp\/v2\/product\/8872\/revisions\/8884"}],"wp:featuredmedia":[{"embeddable":true,"href":"https:\/\/www.sba.si\/index.php\/wp-json\/wp\/v2\/media\/8873"}],"wp:attachment":[{"href":"https:\/\/www.sba.si\/index.php\/wp-json\/wp\/v2\/media?parent=8872"}],"wp:term":[{"taxonomy":"product_cat","embeddable":true,"href":"https:\/\/www.sba.si\/index.php\/wp-json\/wp\/v2\/product_cat?post=8872"},{"taxonomy":"product_tag","embeddable":true,"href":"https:\/\/www.sba.si\/index.php\/wp-json\/wp\/v2\/product_tag?post=8872"}],"curies":[{"name":"wp","href":"https:\/\/api.w.org\/{rel}","templated":true}]}}