{"id":8917,"date":"2025-03-03T15:08:19","date_gmt":"2025-03-03T14:08:19","guid":{"rendered":"https:\/\/www.sba.si\/?post_type=product&#038;p=8917"},"modified":"2025-03-04T09:20:43","modified_gmt":"2025-03-04T08:20:43","slug":"set-za-menjavo-olja-motor-menjalnik-dif-cfmoto-500-550-600","status":"publish","type":"product","link":"https:\/\/www.sba.si\/index.php\/izdelek\/set-za-menjavo-olja-motor-menjalnik-dif-cfmoto-500-550-600\/","title":{"rendered":"SET ZA MENJAVO OLJA (motor, menjalnik, dif) &#8211; CFMOTO 500, 550, 600"},"content":{"rendered":"<p data-start=\"0\" data-end=\"133\">Ve\u010dina ljudi verjame, da je edina funkcija motornega olja mazanje motorja. Vendar mora motorno olje opravljati \u0161e veliko ve\u010d nalog.<\/p>\n<p data-start=\"0\" data-end=\"133\">Obstaja vsaj pet glavnih funkcij motornega olja:<br \/>\n&#8211; <strong data-start=\"190\" data-end=\"202\">Hlajenje<\/strong> \u2013 absorbira toploto med kro\u017eenjem in tako hladi motor.<br \/>\n&#8211; <strong data-start=\"264\" data-end=\"275\">Mazanje<\/strong> \u2013 ustvari viskozno pregrado med gibljivimi deli, kar zmanj\u0161a trenje, zmanj\u0161a segrevanje in podalj\u0161a \u017eivljenjsko dobo delov.<br \/>\n&#8211; <strong data-start=\"406\" data-end=\"418\">\u010ci\u0161\u010denje<\/strong> \u2013 drobni delci umazanije in drugih ne\u010disto\u010d ostanejo v olju in se prenesejo v filter, kjer se odstranijo.<br \/>\n&#8211; <strong data-start=\"531\" data-end=\"544\">Tesnjenje<\/strong> \u2013 pomaga tesniti prostor med bati in stenami cilindrov, s \u010dimer izbolj\u0161a kompresijo in prepre\u010duje izgubo mo\u010di pri zgorevanju.<br \/>\n&#8211; <strong data-start=\"677\" data-end=\"688\">Za\u0161\u010dita<\/strong> \u2013 prekrije kovinske dele z za\u0161\u010ditnim slojem, ki prepre\u010duje korozijo in rjavenje.<\/p>\n<p data-start=\"0\" data-end=\"133\">Vse te funkcije motorna olja Motul opravljajo z visoko stopnjo varnosti.<\/p>\n","protected":false},"excerpt":{"rendered":"<p data-start=\"0\" data-end=\"57\"><strong data-start=\"0\" data-end=\"55\">Set za menjavo olja CFMOTO 500, 550, 600<\/strong><\/p>\n<p>Primerno za enovaljne agregate s skupnim oljem za motor in menjalnik:<br \/>\nCFMOTO 500 (za letnike do 2016),<br \/>\nCFMOTO 550 (za letnike do 2016),<br \/>\nCFMOTO 600 (za letnike do 2016).<\/p>\n<p data-start=\"0\" data-end=\"57\">Poskrbite za optimalno delovanje va\u0161ega \u0161tirikolesnika s kompletom za menjavo olja, ki vklju\u010duje vse, kar potrebujete za vzdr\u017eevanje motorja, menjalnika in diferenciala.<\/p>\n<p data-start=\"0\" data-end=\"57\"><strong data-start=\"226\" data-end=\"243\">Vsebina seta:<br \/>\n<\/strong>&#8211; MOTUL motorno olje (10W-40) &#8211; 3L ,<br \/>\n&#8211; Olje za diferencial (75W-90) &#8211; 1L,<br \/>\n&#8211; Oljni filter,<br \/>\n&#8211; bakrena podlo\u017eka za izpustni vijak.<\/p>\n<p data-start=\"0\" data-end=\"57\"><strong data-start=\"426\" data-end=\"440\">Prednosti:<\/strong><br data-start=\"440\" data-end=\"443\" \/>&#8211; Podalj\u0161uje \u017eivljenjsko dobo motorja in pogonskega sklopa,<br data-start=\"501\" data-end=\"504\" \/>&#8211; Zmanj\u0161uje trenje in obrabo notranjih komponent,<br data-start=\"552\" data-end=\"555\" \/>&#8211; Optimizira zmogljivost in porabo goriva,<br data-start=\"596\" data-end=\"599\" \/>&#8211; Vse na enem mestu \u2013 brez skrbi, kaj naro\u010diti.<\/p>\n<p data-start=\"649\" data-end=\"747\" data-is-last-node=\"\" data-is-only-node=\"\">Izberite kvalitetna olja za brezhibno vo\u017enjo! \ud83d\ude97\ud83d\udd29<\/p>\n","protected":false},"featured_media":8918,"template":"","meta":[],"product_cat":[77,101],"product_tag":[],"_links":{"self":[{"href":"https:\/\/www.sba.si\/index.php\/wp-json\/wp\/v2\/product\/8917"}],"collection":[{"href":"https:\/\/www.sba.si\/index.php\/wp-json\/wp\/v2\/product"}],"about":[{"href":"https:\/\/www.sba.si\/index.php\/wp-json\/wp\/v2\/types\/product"}],"version-history":[{"count":1,"href":"https:\/\/www.sba.si\/index.php\/wp-json\/wp\/v2\/product\/8917\/revisions"}],"predecessor-version":[{"id":8919,"href":"https:\/\/www.sba.si\/index.php\/wp-json\/wp\/v2\/product\/8917\/revisions\/8919"}],"wp:featuredmedia":[{"embeddable":true,"href":"https:\/\/www.sba.si\/index.php\/wp-json\/wp\/v2\/media\/8918"}],"wp:attachment":[{"href":"https:\/\/www.sba.si\/index.php\/wp-json\/wp\/v2\/media?parent=8917"}],"wp:term":[{"taxonomy":"product_cat","embeddable":true,"href":"https:\/\/www.sba.si\/index.php\/wp-json\/wp\/v2\/product_cat?post=8917"},{"taxonomy":"product_tag","embeddable":true,"href":"https:\/\/www.sba.si\/index.php\/wp-json\/wp\/v2\/product_tag?post=8917"}],"curies":[{"name":"wp","href":"https:\/\/api.w.org\/{rel}","templated":true}]}}