{"id":8938,"date":"2025-03-05T16:05:26","date_gmt":"2025-03-05T15:05:26","guid":{"rendered":"https:\/\/www.sba.si\/?post_type=product&#038;p=8938"},"modified":"2025-03-06T12:54:06","modified_gmt":"2025-03-06T11:54:06","slug":"nosilec-za-telefon-shad-x0sg00h-krmilo","status":"publish","type":"product","link":"https:\/\/www.sba.si\/index.php\/izdelek\/nosilec-za-telefon-shad-x0sg00h-krmilo\/","title":{"rendered":"NOSILEC ZA TELEFON SHAD X0SG00H 180x90mm (6,6&#8243;) &#8211; KRMILO"},"content":{"rendered":"","protected":false},"excerpt":{"rendered":"<p data-start=\"0\" data-end=\"44\"><strong data-start=\"0\" data-end=\"44\">Nosilec za telefon SHAD X0SG00H &#8211; Krmilo<\/strong><\/p>\n<p data-start=\"46\" data-end=\"351\">Nosilec za telefon SHAD X0SG00H je idealna re\u0161itev za vse motoriste, ki \u017eelijo enostavno in varno namestiti svoj pametni telefon na motorju. Zdru\u017eljiv je z vsemi vrstami motociklov in omogo\u010da hitro prilagoditev telefona, ki je povsem dostopen za uporabo, ne glede na velikost (od 135&#215;65 mm do 180&#215;90 mm).<\/p>\n<p data-start=\"353\" data-end=\"597\">Namestitev je hitra in enostavna, saj je nosilec opremljen z univerzalnim sistemom pritrditve SHAD Quick Click, ki omogo\u010da enostavno monta\u017eo na ogledalo ali krmilo. Sistem je zasnovan tako, da ga lahko prilagodite tudi med vo\u017enjo z rokavicami.<\/p>\n<p data-start=\"599\" data-end=\"811\">Nosilec ima gumijaste oprijeme, ki u\u010dinkovito dr\u017eijo telefon na mestu in prepre\u010dujejo zdrsanje, kar zagotavlja stabilnost in varnost med vo\u017enjo. Vklju\u010deni so tudi varnostni trakovi in zaponke za dodatno za\u0161\u010dito.<\/p>\n<p data-start=\"813\" data-end=\"985\">Za razli\u010dne potrebe je na voljo \u0161e dodatna oprema \u2013 ogledalna razli\u010dica nosilca omogo\u010da uporabo podalj\u0161kov M8 in M10 (X1SGMAR), ki so na voljo kot opcijska dodatna oprema.<\/p>\n<p data-start=\"987\" data-end=\"1099\"><strong data-start=\"987\" data-end=\"1000\">Pomembno:<\/strong> SHAD priporo\u010da, da med vo\u017enjo ne uporabljate kamere na telefonu, saj to lahko ogrozi va\u0161o varnost.<\/p>\n<p data-start=\"1101\" data-end=\"1246\" data-is-last-node=\"\" data-is-only-node=\"\">Z nosilcem SHAD X0SG00H boste lahko preprosto in varno uporabljali svoj telefon med vo\u017enjo \u2013 idealen za navigacijo, klice ali predvajanje glasbe.<\/p>\n","protected":false},"featured_media":8939,"template":"","meta":[],"product_cat":[132,64],"product_tag":[],"_links":{"self":[{"href":"https:\/\/www.sba.si\/index.php\/wp-json\/wp\/v2\/product\/8938"}],"collection":[{"href":"https:\/\/www.sba.si\/index.php\/wp-json\/wp\/v2\/product"}],"about":[{"href":"https:\/\/www.sba.si\/index.php\/wp-json\/wp\/v2\/types\/product"}],"version-history":[{"count":2,"href":"https:\/\/www.sba.si\/index.php\/wp-json\/wp\/v2\/product\/8938\/revisions"}],"predecessor-version":[{"id":8953,"href":"https:\/\/www.sba.si\/index.php\/wp-json\/wp\/v2\/product\/8938\/revisions\/8953"}],"wp:featuredmedia":[{"embeddable":true,"href":"https:\/\/www.sba.si\/index.php\/wp-json\/wp\/v2\/media\/8939"}],"wp:attachment":[{"href":"https:\/\/www.sba.si\/index.php\/wp-json\/wp\/v2\/media?parent=8938"}],"wp:term":[{"taxonomy":"product_cat","embeddable":true,"href":"https:\/\/www.sba.si\/index.php\/wp-json\/wp\/v2\/product_cat?post=8938"},{"taxonomy":"product_tag","embeddable":true,"href":"https:\/\/www.sba.si\/index.php\/wp-json\/wp\/v2\/product_tag?post=8938"}],"curies":[{"name":"wp","href":"https:\/\/api.w.org\/{rel}","templated":true}]}}