{"id":8946,"date":"2025-03-05T16:13:51","date_gmt":"2025-03-05T15:13:51","guid":{"rendered":"https:\/\/www.sba.si\/?post_type=product&#038;p=8946"},"modified":"2025-03-05T16:16:51","modified_gmt":"2025-03-05T15:16:51","slug":"nosilna-plosca-za-zadnji-kovcek-shad","status":"publish","type":"product","link":"https:\/\/www.sba.si\/index.php\/izdelek\/nosilna-plosca-za-zadnji-kovcek-shad\/","title":{"rendered":"NOSILNA PLO\u0160\u010cA ZA ZADNJI KOV\u010cEK SHAD"},"content":{"rendered":"","protected":false},"excerpt":{"rendered":"<p data-start=\"0\" data-end=\"61\"><strong data-start=\"0\" data-end=\"61\">Nosilna plo\u0161\u010da za zadnji kov\u010dek SHAD<\/strong><\/p>\n<p data-start=\"63\" data-end=\"449\">Nosilna plo\u0161\u010da SHAD\u00a0 je vrhunska re\u0161itev za vse, ki \u017eelijo pove\u010dati nosilnost in stabilnost svojega zadnjega kov\u010dka. Izdelana je iz polipropilena, oja\u010danega z 30 % steklenimi vlakni, kar zagotavlja izjemno lahkost in trpe\u017enost. Zaradi teh materialov je plo\u0161\u010da skoraj 10 % la\u017eja, a hkrati \u0161e vedno izredno mo\u010dna, kar zmanj\u0161uje skupno te\u017eo in omogo\u010da ve\u010djo vzdr\u017eljivost.<\/p>\n<p data-start=\"451\" data-end=\"697\">Plo\u0161\u010da je zasnovana tako, da ponuja trdno in stabilno podlago za va\u0161 zgornji kov\u010dek, zahvaljujo\u010d strukturnim oja\u010ditvam, kot so vrezani deli in strukturirana hrbtna stran v obliki satovja. To omogo\u010da ve\u010djo odpornost in ve\u010djo stabilnost pri vo\u017enji.<\/p>\n<p data-start=\"699\" data-end=\"851\">Nosilna plo\u0161\u010da je vklju\u010dena v paketu z modeloma <strong>SH48, SH50, SH58X in SH59X<\/strong>, na voljo pa je tudi kot opcijska oprema za <strong>TERRA kov\u010dke TR55, TR48 in TR37<\/strong>.<\/p>\n<p data-start=\"853\" data-end=\"1006\" data-is-last-node=\"\" data-is-only-node=\"\">Z nosilno plo\u0161\u010do SHAD boste zagotovili optimalno podporo in varnost za va\u0161 zadnji kov\u010dek ter pove\u010dali kapaciteto in udobje med vo\u017enjo.<\/p>\n","protected":false},"featured_media":8948,"template":"","meta":[],"product_cat":[132,135],"product_tag":[],"_links":{"self":[{"href":"https:\/\/www.sba.si\/index.php\/wp-json\/wp\/v2\/product\/8946"}],"collection":[{"href":"https:\/\/www.sba.si\/index.php\/wp-json\/wp\/v2\/product"}],"about":[{"href":"https:\/\/www.sba.si\/index.php\/wp-json\/wp\/v2\/types\/product"}],"version-history":[{"count":1,"href":"https:\/\/www.sba.si\/index.php\/wp-json\/wp\/v2\/product\/8946\/revisions"}],"predecessor-version":[{"id":8947,"href":"https:\/\/www.sba.si\/index.php\/wp-json\/wp\/v2\/product\/8946\/revisions\/8947"}],"wp:featuredmedia":[{"embeddable":true,"href":"https:\/\/www.sba.si\/index.php\/wp-json\/wp\/v2\/media\/8948"}],"wp:attachment":[{"href":"https:\/\/www.sba.si\/index.php\/wp-json\/wp\/v2\/media?parent=8946"}],"wp:term":[{"taxonomy":"product_cat","embeddable":true,"href":"https:\/\/www.sba.si\/index.php\/wp-json\/wp\/v2\/product_cat?post=8946"},{"taxonomy":"product_tag","embeddable":true,"href":"https:\/\/www.sba.si\/index.php\/wp-json\/wp\/v2\/product_tag?post=8946"}],"curies":[{"name":"wp","href":"https:\/\/api.w.org\/{rel}","templated":true}]}}