{"id":8957,"date":"2025-03-06T13:19:54","date_gmt":"2025-03-06T12:19:54","guid":{"rendered":"https:\/\/www.sba.si\/?post_type=product&#038;p=8957"},"modified":"2025-03-06T13:22:04","modified_gmt":"2025-03-06T12:22:04","slug":"nosilec-zadnjega-kovcka-shad-cfmoto-700mt-2024","status":"publish","type":"product","link":"https:\/\/www.sba.si\/index.php\/izdelek\/nosilec-zadnjega-kovcka-shad-cfmoto-700mt-2024\/","title":{"rendered":"NOSILEC ZADNJEGA KOV\u010cKA SHAD CFMOTO 700MT 2024"},"content":{"rendered":"","protected":false},"excerpt":{"rendered":"<p data-start=\"0\" data-end=\"48\"><strong data-start=\"0\" data-end=\"48\">Nosilec Zadnjega Kov\u010dka SHAD za CFMOTO 700MT<\/strong><\/p>\n<p data-start=\"50\" data-end=\"442\">Za \u0161e ve\u010dje udobje in funkcionalnost va\u0161e CFMOTO 700MT motorne naprave, je nosilec zadnjega kov\u010dka SHAD prava izbira. SHAD Top Master nosilec omogo\u010da enostavno monta\u017eo zgornjega kov\u010dka na motor, saj je posebej zasnovan za vsak model motocikla, ob upo\u0161tevanju njegovih zna\u010dilnosti. Rezultat je visokokakovosten izdelek, ki zagotavlja udobje, varnost ter enostavno sestavljanje in demontiranje.<\/p>\n<p data-start=\"444\" data-end=\"816\"><strong data-start=\"444\" data-end=\"503\">Enostavna monta\u017ea in kompatibilnost z vsemi SHAD kov\u010dki<\/strong><br data-start=\"503\" data-end=\"506\" \/>Za monta\u017eo zgornjega kov\u010dka je potrebno dodati monta\u017eno plo\u0161\u010do, ki je vklju\u010dena v SHAD kov\u010dke (razen za modele TR48\/TR37). Nosilec je popolnoma zdru\u017eljiv z vsemi monta\u017enimi plo\u0161\u010dami in je primeren za vse SHAD ter SHAD TERRA zgornje kov\u010dke, kar vam omogo\u010da \u0161irok spekter mo\u017enosti pri izbiri kov\u010dka za va\u0161 motor.<\/p>\n<p data-start=\"818\" data-end=\"1011\"><strong data-start=\"818\" data-end=\"840\">Pomembno opozorilo<\/strong><br data-start=\"840\" data-end=\"843\" \/>\u010ce je ta nosilec name\u0161\u010den brez originalne stranske podpore, velika in aluminijasta plo\u0161\u010da ne bo mogo\u010de namestiti. To velja za kov\u010dke SH48, SH50, SH58X, SH59X ter TERRA.<\/p>\n<p data-start=\"1013\" data-end=\"1154\" data-is-last-node=\"\" data-is-only-node=\"\">Izberite SHAD Top Master nosilec za va\u0161 CFMOTO 700MT in u\u017eivajte v ve\u010djem udobju ter zmogljivosti pri vsakodnevnih vo\u017enjah ali dalj\u0161ih poteh!<\/p>\n<p data-start=\"1013\" data-end=\"1154\" data-is-last-node=\"\" data-is-only-node=\"\"><strong>KODA: 130.C0MT63ST<\/strong><\/p>\n","protected":false},"featured_media":8961,"template":"","meta":[],"product_cat":[132,135],"product_tag":[],"_links":{"self":[{"href":"https:\/\/www.sba.si\/index.php\/wp-json\/wp\/v2\/product\/8957"}],"collection":[{"href":"https:\/\/www.sba.si\/index.php\/wp-json\/wp\/v2\/product"}],"about":[{"href":"https:\/\/www.sba.si\/index.php\/wp-json\/wp\/v2\/types\/product"}],"version-history":[{"count":2,"href":"https:\/\/www.sba.si\/index.php\/wp-json\/wp\/v2\/product\/8957\/revisions"}],"predecessor-version":[{"id":8965,"href":"https:\/\/www.sba.si\/index.php\/wp-json\/wp\/v2\/product\/8957\/revisions\/8965"}],"wp:featuredmedia":[{"embeddable":true,"href":"https:\/\/www.sba.si\/index.php\/wp-json\/wp\/v2\/media\/8961"}],"wp:attachment":[{"href":"https:\/\/www.sba.si\/index.php\/wp-json\/wp\/v2\/media?parent=8957"}],"wp:term":[{"taxonomy":"product_cat","embeddable":true,"href":"https:\/\/www.sba.si\/index.php\/wp-json\/wp\/v2\/product_cat?post=8957"},{"taxonomy":"product_tag","embeddable":true,"href":"https:\/\/www.sba.si\/index.php\/wp-json\/wp\/v2\/product_tag?post=8957"}],"curies":[{"name":"wp","href":"https:\/\/api.w.org\/{rel}","templated":true}]}}